{"id":10272,"date":"2025-04-08T06:42:46","date_gmt":"2025-04-08T06:42:46","guid":{"rendered":"https:\/\/www.marbleangus.com\/szallitasi-politika\/"},"modified":"2025-04-08T06:58:11","modified_gmt":"2025-04-08T06:58:11","slug":"szallitasi-politika","status":"publish","type":"page","link":"https:\/\/www.marbleangus.com\/hu\/szallitasi-politika\/","title":{"rendered":"Sz\u00e1ll\u00edt\u00e1si politika"},"content":{"rendered":"\t\t<div data-elementor-type=\"wp-page\" data-elementor-id=\"10272\" class=\"elementor elementor-10272 elementor-10258\" data-elementor-post-type=\"page\">\n\t\t\t\t<div class=\"elementor-element elementor-element-f9b0f69 e-flex e-con-boxed e-con e-parent\" data-id=\"f9b0f69\" data-element_type=\"container\" data-e-type=\"container\">\n\t\t\t\t\t<div class=\"e-con-inner\">\n\t\t\t\t<div class=\"elementor-element elementor-element-3c742012 elementor-widget elementor-widget-text-editor\" data-id=\"3c742012\" data-element_type=\"widget\" data-e-type=\"widget\" data-widget_type=\"text-editor.default\">\n\t\t\t\t<div class=\"elementor-widget-container\">\n\t\t\t\t\t\t\t\t\t<ol>\n<li><strong>TERM\u00c9KSZ\u00c1LL\u00cdT\u00c1S<\/strong><\/li>\n<\/ol>\n<p><strong>1.1. \u00c1ltal\u00e1nos inform\u00e1ci\u00f3k<\/strong><\/p>\n<p>A megrendelt term\u00e9kek \u00e1tvehet\u0151k a Total Meat Solutions \u00e9rt\u00e9kes\u00edt\u00e9si pontj\u00e1n, vagy kisz\u00e1ll\u00edthat\u00f3k a Vev\u0151 \u00e1ltal a megrendel\u00e9s lead\u00e1sakor megadott c\u00edmre. A Vev\u0151 v\u00e1llalja, hogy a megrendel\u00e9s \u00e1tv\u00e9telekor a megrendel\u00e9sben megadott c\u00edmen jelen van. <\/p>\n<p>A megrendel\u00e9s \u00e9rv\u00e9nyes\u00edt\u00e9s\u00e9t megel\u0151z\u0151en az \u00fcgyf\u00e9l felel\u0151ss\u00e9ge ellen\u0151rizni a sz\u00e1ll\u00edt\u00e1si c\u00edmre vonatkoz\u00f3an megadott adatok helyess\u00e9g\u00e9t (utca, h\u00e1zsz\u00e1m, t\u00f6mbh\u00e1z\/\u00e9p\u00fclet, emelet, ir\u00e1ny\u00edt\u00f3sz\u00e1m stb.) Hiba eset\u00e9n a TOTAL MEAT SOLUTIONS nem v\u00e1llal felel\u0151ss\u00e9get a megrendel\u00e9s k\u00e9zbes\u00edt\u00e9s\u00e9nek elmarad\u00e1s\u00e1\u00e9rt. A TOTAL MEAT SOLUTIONS nem v\u00e1llal felel\u0151ss\u00e9get abban az esetben, ha a megrendel\u0151t, b\u00e1r a fut\u00e1r a megrendel\u00e9s k\u00e9zbes\u00edt\u00e9se \u00e9rdek\u00e9ben felvette a kapcsolatot, 24 \u00f3r\u00e1n bel\u00fcl nem tal\u00e1lja a c\u00edmen. Ebben az \u00f6sszef\u00fcgg\u00e9sben az \u00faj megrendel\u00e9ssel kapcsolatos \u00f6sszes k\u00f6lts\u00e9g (term\u00e9kek plusz sz\u00e1ll\u00edt\u00e1s) az \u00dcgyfelet terheli.   <\/p>\n<p>A term\u00e9keket szem\u00e9lyesen is \u00e1tveheti a TOTAL MEAT SOLUTIONS munkapontj\u00e1n, Joseni faluban. Borzont, Bucin \u00fat 220. sz\u00e1m alatt h\u00e9tf\u0151t\u0151l p\u00e9ntekig 08.00 \u00e9s 16.00 \u00f3ra k\u00f6z\u00f6tt. <\/p>\n<p>A webshopon kereszt\u00fcl h\u00e9tf\u0151t\u0151l p\u00e9ntekig megrendelt term\u00e9kek a megrendel\u00e9s elk\u00fcld\u00e9s\u00e9t k\u00f6vet\u0151 24 \u00f3r\u00e1n bel\u00fcl kisz\u00e1ll\u00edt\u00e1sra k\u00e9szek. A h\u00e9tv\u00e9g\u00e9n \u00e9s\/vagy \u00fcnnepnapokon megrendelt term\u00e9keket a k\u00f6vetkez\u0151 h\u00e9ten, munkanapokon 10-18 \u00f3ra k\u00f6z\u00f6tt visszaigazoljuk \u00e9s kisz\u00e1ll\u00edtjuk. <\/p>\n<p>A megrendel\u00e9sek expressz fut\u00e1rral t\u00f6rt\u00e9n\u0151 k\u00e9zbes\u00edt\u00e9s\u00e9t egy fut\u00e1rc\u00e9g v\u00e9gzi.<\/p>\n<p>A megrendel\u00e9s egy r\u00e9szletben ker\u00fcl kisz\u00e1ll\u00edt\u00e1sra, nincs lehet\u0151s\u00e9g a megrendel\u00e9s t\u00f6bb sz\u00e1ll\u00edt\u00e1si r\u00e9szletre t\u00f6rt\u00e9n\u0151 feloszt\u00e1s\u00e1ra.<\/p>\n<p><strong>1.2 Sz\u00e1ll\u00edt\u00e1si felt\u00e9telek <\/strong><\/p>\n<p>A TOTAL MEAT SOLUTIONS vagy a fut\u00e1rszolg\u00e1lat k\u00e9r\u00e9s\u00e9re az \u00dcgyf\u00e9l k\u00f6zli az \u00e9rt\u00e9kes\u00edt\u00e9si rendszer \u00e1ltal kiadott rendel\u00e9si sz\u00e1mot.<\/p>\n<p>Ha a Vev\u0151 nem tudja szem\u00e9lyesen \u00e1tvenni a megrendel\u00e9st, akkor azt a megadott c\u00edmen csak egy 16 \u00e9v feletti szem\u00e9lynek hagyjuk, \u00e9s csak akkor, ha a megrendel\u00e9s sz\u00e1m\u00e1t k\u00f6z\u00f6lj\u00fck a CURIER-vel.<\/p>\n<p>A megrendel\u00e9s kisz\u00e1ll\u00edt\u00e1s\u00e1ra vonatkoz\u00f3 k\u00e9r\u00e9s nem teljes\u00edthet\u0151, ha az \u00dcgyf\u00e9l nem felel meg a fenti felt\u00e9teleknek.<\/p>\n<p>Az \u00dcgyf\u00e9l munkahely\u00e9re t\u00f6rt\u00e9n\u0151 k\u00e9zbes\u00edt\u00e9s eset\u00e9n, amely esetben a Fut\u00e1rnak nem lehet hozz\u00e1f\u00e9r\u00e9se az adott helysz\u00ednhez, az \u00dcgyf\u00e9lnek biztos\u00edtania kell, hogy a megrendel\u00e9st \u00e1t tudja venni.<\/p>\n<p>A fut\u00e1rszolg\u00e1lat el\u0151zetesen telefonon felveszi a kapcsolatot az \u00dcgyf\u00e9llel, hogy meger\u0151s\u00edt\u00e9st kapjon arr\u00f3l, hogy a megrendel\u00e9s \u00e9rv\u00e9nyes\u00edt\u00e9sekor a weboldalon kiv\u00e1lasztott c\u00edmen \u00e9s id\u0151pontban jelen van.<\/p>\n<p>A Vev\u0151nek t\u00f6rekednie kell arra, hogy \u0151 vagy valaki m\u00e1s jelen legyen a sz\u00e1ll\u00edt\u00e1si c\u00edmen \u00e9s a megadott id\u0151n bel\u00fcl a csomag \u00e1tv\u00e9tel\u00e9re, ellenkez\u0151 esetben az esetleges sz\u00e1ll\u00edt\u00e1s sz\u00e1ll\u00edt\u00e1si k\u00f6lts\u00e9geit \u0151 viseli. Az id\u0151intervallum a kiv\u00e1laszt\u00e1st k\u00f6vet\u0151en csak a Fut\u00e1rszolg\u00e1lat beleegyez\u00e9s\u00e9vel m\u00f3dos\u00edthat\u00f3. <\/p>\n<p>A sz\u00e1ll\u00edt\u00e1s akkor tekinthet\u0151 v\u00e9glegesnek, amikor a megrendelt term\u00e9keket \u00e1tadj\u00e1k a Vev\u0151nek.<\/p>\n<p><strong>1.3. Term\u00e9kfelv\u00e9tel <\/strong><\/p>\n<p>Az \u00dcgyf\u00e9l al\u00e1\u00edrja a fut\u00e1r \u00e1ltal a megrendelt term\u00e9kek kisz\u00e1ll\u00edt\u00e1sakor bemutatott sz\u00e1ll\u00edt\u00f3levelet (AWB), amelyhez csatolj\u00e1k az \u00e1rut k\u00eds\u00e9r\u0151 \u00e9rtes\u00edt\u00e9st\/dokumentumot, valamint a megrendelt \u00e9s lesz\u00e1ll\u00edtott term\u00e9kek adatait (term\u00e9kn\u00e9v, mennyis\u00e9g, \u00e1r) tartalmaz\u00f3 sz\u00e1ml\u00e1t.<\/p>\n<p>A term\u00e9kek (szemrev\u00e9telez\u00e9ses) ellen\u0151rz\u00e9se a fut\u00e1r jelenl\u00e9t\u00e9ben t\u00f6rt\u00e9nik.<\/p>\n<p>Az AWB al\u00e1\u00edr\u00e1s\u00e1val az \u00dcgyf\u00e9l elismeri az \u00e1ru j\u00f3 \u00e1llapotban t\u00f6rt\u00e9n\u0151 \u00e1tv\u00e9tel\u00e9t.<\/p>\n<p>A kisz\u00e1ll\u00edt\u00e1st k\u00f6vet\u0151 incidens eset\u00e9n (p\u00e9ld\u00e1ul a term\u00e9k nem megfelel\u0151 t\u00edpus\u00e1nak vagy a k\u00e9rd\u00e9ses term\u00e9k nem megfelel\u0151 mennyis\u00e9g\u00e9nek kisz\u00e1ll\u00edt\u00e1sa) a Vev\u0151 v\u00e1llalja, hogy a term\u00e9kek \u00e1tv\u00e9tel\u00e9t\u0151l sz\u00e1m\u00edtott 24 \u00f3r\u00e1n bel\u00fcl (munkanapokon) kapcsolatba l\u00e9p a TOTAL MEAT SOLUTIONS \u00fcgyf\u00e9lszolg\u00e1lat\u00e1val, \u00e9s jelzi a probl\u00e9m\u00e1t (ezen id\u0151n t\u00fal a kisz\u00e1ll\u00edtott rendel\u00e9ssel kapcsolatos b\u00e1rmilyen panasz vagy megkeres\u00e9s nem ker\u00fcl figyelembe v\u00e9telre).<\/p>\n<p>A TOTAL MEAT SOLUTIONS v\u00e1llalja, hogy minden k\u00e9r\u00e9sre \u00e9s panaszra a regisztr\u00e1ci\u00f3t\u00f3l sz\u00e1m\u00edtott legfeljebb 3 munkanapon bel\u00fcl v\u00e1laszol.<\/p>\n<p><strong>1.4. Visszat\u00e9r\u0151 csomagol\u00e1s<\/strong><\/p>\n<p>A csomag k\u00e9zbes\u00edt\u00e9sekor a sz\u00e1ll\u00edtott \u00e1rut k\u00eds\u00e9r\u0151 polikarbon\u00e1t dobozt \u00e9s a h\u0171t\u0151elemeket abban az \u00e1llapotban kell visszaadni a fut\u00e1rnak, ahogyan azokat \u00e1tvett\u00e9k. A csomag \u00e1tv\u00e9tel\u00e9t k\u00f6vet\u0151en a polikarbon\u00e1t dobozt \u00e9s a h\u0171t\u0151elemet \u00e1t kell adni a fut\u00e1rnak. Amennyiben ezeket nem adj\u00e1k vissza a fut\u00e1rnak 7 napt\u00e1ri napon bel\u00fcl, a TOTAL MEAT SOLUTIONS-nak okozott k\u00e1r\u00e9rt az \u00dcgyf\u00e9l felel. A k\u00e1r \u00f6sszege a k\u00f6vetkez\u0151kb\u0151l tev\u0151dik \u00f6ssze:   <\/p>\n<p>&#8211; a polikarbon\u00e1t doboz \u00e9rt\u00e9ke 147,54 RON\/doboz + H\u00c9A, \u00e9s<\/p>\n<p>&#8211; a h\u0171t\u0151bet\u00e9t \u00e9rt\u00e9ke: 112,52 RON\/bet\u00e9t + \u00c1FA.<\/p>\n<p>E tekintetben a jelen \u00c1ltal\u00e1nos Szerz\u0151d\u00e9si Felt\u00e9telek elfogad\u00e1s\u00e1val az ad\u00e1sv\u00e9teli szerz\u0151d\u00e9s a doboz \u00e9s a h\u0171t\u00f6tt elemek vagy azok \u00e9rt\u00e9ke visszaszolg\u00e1ltat\u00e1sa tekintet\u00e9ben v\u00e9grehajthat\u00f3v\u00e1 v\u00e1lik, \u00e9s a TOTAL MEAT SOLUTIONS jogosult a TOTAL MEAT SOLUTIONS sz\u00e9khely\u00e9n illet\u00e9kes b\u00edr\u00f3s\u00e1ghoz fordulni az elszenvedett k\u00e1r megt\u00e9r\u00edt\u00e9se \u00e9rdek\u00e9ben. Az elj\u00e1r\u00e1sb\u00f3l ered\u0151 k\u00f6lts\u00e9geket teljes eg\u00e9sz\u00e9ben az \u00fcgyf\u00e9l viseli. <\/p>\n<p><strong>1.5. K\u00e9sedelmes sz\u00e1ll\u00edt\u00e1s <\/strong><\/p>\n<p>A sz\u00e1ll\u00edt\u00e1si d\u00e1tumot \u00e9s a sz\u00e1ll\u00edt\u00e1si id\u0151t a megrendel\u00e9s \u00e9rv\u00e9nyes\u00edt\u00e9s\u00e9nek id\u0151pontj\u00e1ban az \u00dcgyf\u00e9l v\u00e1lasztja ki, a rendelkez\u00e9sre \u00e1ll\u00e1st\u00f3l f\u00fcgg\u0151en.<\/p>\n<p>A TOTAL MEAT SOLUTIONS v\u00e1llalja, hogy betartja ezeket a sz\u00e1ll\u00edt\u00e1si hat\u00e1rid\u0151ket \u00e9s id\u0151pontokat az online k\u00fcld\u00f6tt megrendel\u00e9sek eset\u00e9ben. Abban az esetben, ha ezeket a sz\u00e1ll\u00edt\u00e1si hat\u00e1rid\u0151ket \u00e9s id\u0151pontokat nem lehet betartani, az \u00dcgyfelet az \u00dcgyf\u00e9l \u00e1ltal rendelkez\u00e9sre bocs\u00e1tott m\u00f3don, nevezetesen e-mailben vagy SMS-ben \u00e9rtes\u00edtj\u00fck. <\/p>\n<p>A sz\u00e1ll\u00edt\u00e1si k\u00e9sedelmeket a TOTAL MEAT SOLUTIONS \u00fcgyf\u00e9lszolg\u00e1lat\u00e1n lehet bejelenteni.<\/p>\n<p>A megrendel\u00e9s \u00e9rv\u00e9nyes\u00edt\u00e9s\u00e9nek id\u0151pontj\u00e1hoz k\u00e9pest 3 (h\u00e1rom) munkanapot meghalad\u00f3 k\u00e9sedelem eset\u00e9n (kiv\u00e9ve vis maior, a weboldal m\u0171szaki hib\u00e1ja stb. eset\u00e9n) az \u00dcgyf\u00e9l k\u00e9rheti a megrendel\u00e9s t\u00f6rl\u00e9s\u00e9t a <a href=\"mailto:office@marbleangus.com\">office@marbleangus.com<\/a> e-mail c\u00edmen vagy a <a href=\"tel:+40%20752%20206%20817\">+40 752 206 206 817<\/a>-es telefonsz\u00e1mon.<\/p>\n\t\t\t\t\t\t\t\t<\/div>\n\t\t\t\t<\/div>\n\t\t\t\t\t<\/div>\n\t\t\t\t<\/div>\n\t\t\t\t<\/div>\n\t\t","protected":false},"excerpt":{"rendered":"<p>TERM\u00c9KSZ\u00c1LL\u00cdT\u00c1S 1.1. \u00c1ltal\u00e1nos inform\u00e1ci\u00f3k A megrendelt term\u00e9kek \u00e1tvehet\u0151k a Total Meat Solutions \u00e9rt\u00e9kes\u00edt\u00e9si pontj\u00e1n, vagy kisz\u00e1ll\u00edthat\u00f3k a Vev\u0151 \u00e1ltal a megrendel\u00e9s lead\u00e1sakor megadott c\u00edmre. A Vev\u0151 v\u00e1llalja, hogy a megrendel\u00e9s&#8230;<\/p>\n","protected":false},"author":1,"featured_media":0,"parent":0,"menu_order":0,"comment_status":"closed","ping_status":"closed","template":"","meta":{"_acf_changed":false,"footnotes":""},"class_list":["post-10272","page","type-page","status-publish","hentry"],"acf":[],"aioseo_notices":[],"jetpack_sharing_enabled":true,"_links":{"self":[{"href":"https:\/\/www.marbleangus.com\/hu\/wp-json\/wp\/v2\/pages\/10272","targetHints":{"allow":["GET"]}}],"collection":[{"href":"https:\/\/www.marbleangus.com\/hu\/wp-json\/wp\/v2\/pages"}],"about":[{"href":"https:\/\/www.marbleangus.com\/hu\/wp-json\/wp\/v2\/types\/page"}],"author":[{"embeddable":true,"href":"https:\/\/www.marbleangus.com\/hu\/wp-json\/wp\/v2\/users\/1"}],"replies":[{"embeddable":true,"href":"https:\/\/www.marbleangus.com\/hu\/wp-json\/wp\/v2\/comments?post=10272"}],"version-history":[{"count":0,"href":"https:\/\/www.marbleangus.com\/hu\/wp-json\/wp\/v2\/pages\/10272\/revisions"}],"wp:attachment":[{"href":"https:\/\/www.marbleangus.com\/hu\/wp-json\/wp\/v2\/media?parent=10272"}],"curies":[{"name":"wp","href":"https:\/\/api.w.org\/{rel}","templated":true}]}}