{"id":10274,"date":"2025-04-08T06:42:57","date_gmt":"2025-04-08T06:42:57","guid":{"rendered":"https:\/\/www.marbleangus.com\/visszateritesi-politika\/"},"modified":"2025-04-08T07:01:17","modified_gmt":"2025-04-08T07:01:17","slug":"visszateritesi-politika","status":"publish","type":"page","link":"https:\/\/www.marbleangus.com\/hu\/visszateritesi-politika\/","title":{"rendered":"Visszat\u00e9r\u00edt\u00e9si politika"},"content":{"rendered":"\t\t<div data-elementor-type=\"wp-page\" data-elementor-id=\"10274\" class=\"elementor elementor-10274 elementor-10259\" data-elementor-post-type=\"page\">\n\t\t\t\t<div class=\"elementor-element elementor-element-6c8033f7 e-flex e-con-boxed e-con e-parent\" data-id=\"6c8033f7\" data-element_type=\"container\" data-e-type=\"container\">\n\t\t\t\t\t<div class=\"e-con-inner\">\n\t\t\t\t<div class=\"elementor-element elementor-element-68220ed3 elementor-widget elementor-widget-text-editor\" data-id=\"68220ed3\" data-element_type=\"widget\" data-e-type=\"widget\" data-widget_type=\"text-editor.default\">\n\t\t\t\t<div class=\"elementor-widget-container\">\n\t\t\t\t\t\t\t\t\t<ol>\n<li><strong>TERM\u00c9KVISSZ\u00c1RMAZTAT\u00c1S<\/strong><\/li>\n<\/ol>\n<p>A csomag \u00e1tv\u00e9tele ut\u00e1n az \u00fcgyf\u00e9l ellen\u0151rzi a csomag tartalm\u00e1t. Ha a v\u00e1s\u00e1rl\u00f3 b\u00e1rmilyen szab\u00e1lytalans\u00e1got, pontatlans\u00e1got tal\u00e1l, kapcsolatba l\u00e9p az elad\u00f3val, a TOTAL MEAT SOLUTIONS-szal a probl\u00e9m\u00e1k megold\u00e1sa \u00e9rdek\u00e9ben. Az \u00e9rtes\u00edt\u00e9st a megrendel\u00e9s k\u00e9zhezv\u00e9tel\u00e9t\u0151l sz\u00e1m\u00edtott 24 \u00f3r\u00e1n bel\u00fcl e-mailben lehet elk\u00fcldeni a <a href=\"mailto:office@marbleangus.com\">office@marbleangus.com<\/a> c\u00edmre.  <\/p>\n<p>\u00c1ltal\u00e1nos szab\u00e1lyk\u00e9nt, amelyet a k\u00e9s\u0151bbiekben m\u00f3dos\u00edtott \u00e9s kieg\u00e9sz\u00edtett, a fogyaszt\u00f3k jogair\u00f3l sz\u00f3l\u00f3 34\/2014. sz. rendelet a fogyaszt\u00f3knak a szakmai szerepl\u0151kkel k\u00f6t\u00f6tt szerz\u0151d\u00e9sekben val\u00f3 jogair\u00f3l tartalmaz, a weboldalon kereszt\u00fcl \u00e9rt\u00e9kes\u00edtett \u00e9lelmiszerek mentes\u00fclnek az el\u00e1ll\u00e1si jog al\u00f3l. A <a href=\"http:\/\/www.marbleangus.com\/ro\"><strong>www.marbleangus.com<\/strong><\/a> <strong>weboldalon kereszt\u00fcl forgalmazott term\u00e9kek<\/strong> <strong>a k\u00e9zhezv\u00e9telt\u0151l sz\u00e1m\u00edtott 14 napon bel\u00fcl nem k\u00fcldhet\u0151k vissza.<\/strong><\/p>\n<p><strong>1.1 Kiv\u00e9telek &#8211; Az online v\u00e1s\u00e1rolt term\u00e9kek visszak\u00fcld\u00e9s\u00e9nek jogai \u00e9s felt\u00e9telei<\/strong><\/p>\n<p>Bizonyos k\u00f6r\u00fclm\u00e9nyek k\u00f6z\u00f6tt \u00e9s szigor\u00fa felt\u00e9telek mellett a term\u00e9kek az al\u00e1bbiak szerint k\u00fcldhet\u0151k vissza:<\/p>\n<ul>\n<li>az eredeti csomagol\u00e1snak s\u00e9rtetlen, s\u00e9r\u00fcl\u00e9smentesnek kell lennie;<\/li>\n<\/ul>\n<ul>\n<li>a 24 \u00f3r\u00e1s eltarthat\u00f3s\u00e1gi id\u0151vel rendelkez\u0151 friss \u00e9lelmiszerek m\u00e9g aznap visszavihet\u0151k;<\/li>\n<li>a 2 napn\u00e1l hosszabb eltarthat\u00f3s\u00e1gi idej\u0171 \u00e9lelmiszerek 48 \u00f3r\u00e1n bel\u00fcl visszak\u00fcldhet\u0151k.<\/li>\n<\/ul>\n<p>A term\u00e9keket <u>csak <\/u>szem\u00e9lyesen lehet visszak\u00fcldeni a TOTAL MEAT SOLUTIONS Joseni-i c\u00edm\u00e9re. Borzont, Bucin \u00fat, 220. sz\u00e1m, az ad\u00f3sz\u00e1mla \u00e9s\/vagy a k\u00eds\u00e9r\u0151 dokumentum(ok) k\u00eds\u00e9ret\u00e9ben. A v\u00e1s\u00e1rl\u00f3nak <strong>el\u0151zetesen <\/strong>\u00e9rtes\u00edtenie kell a TOTAL MEAT SOLUTIONS-t a visszak\u00fcld\u00e9si sz\u00e1nd\u00e9k\u00e1r\u00f3l a <strong>+40 752 206 206 817<\/strong>-es telefonsz\u00e1mon vagy a <a href=\"mailto:office@marbleangus.com\">office@marbleangus.com<\/a> e-mail c\u00edmen, amely ut\u00e1n a v\u00e1s\u00e1rl\u00f3 kap egy visszak\u00fcld\u00e9si sz\u00e1mot. <\/p>\n<p>A term\u00e9k \u00e9rt\u00e9k\u00e9nek visszat\u00e9r\u00edt\u00e9se a term\u00e9ket k\u00eds\u00e9r\u0151 sz\u00e1ml\u00e1n\/ad\u00f3szelv\u00e9nyen felt\u00fcntetett \u00e1ron t\u00f6rt\u00e9nik, \u00e9s a helysz\u00ednen vagy a virmanet \u00e1ltal 24 \u00f3r\u00e1n bel\u00fcl a v\u00e1s\u00e1rl\u00f3 \u00e1ltal megadott banksz\u00e1ml\u00e1ra t\u00f6rt\u00e9nik.<\/p>\n<p>A term\u00e9kvisszav\u00e9tel a k\u00f6vetkez\u0151 esetekben k\u00e9rhet\u0151:<\/p>\n<ol>\n<li><strong><em>A term\u00e9k nem felel meg a weboldalon megadott specifik\u00e1ci\u00f3knak.<\/em><\/strong><\/li>\n<\/ol>\n<p>A weboldalon bemutatott inform\u00e1ci\u00f3k kiz\u00e1r\u00f3lag t\u00e1j\u00e9koztat\u00f3 jelleg\u0171ek, \u00e9s a TOTAL MEAT SOLUTIONS el\u0151zetes \u00e9rtes\u00edt\u00e9s n\u00e9lk\u00fcl m\u00f3dos\u00edthatja azokat. A helyhi\u00e1ny \u00e9s az inform\u00e1ci\u00f3s strukt\u00fara k\u00f6vetkezetess\u00e9ge miatt a term\u00e9kle\u00edr\u00e1sok hi\u00e1nyosak lehetnek, de a TOTAL MEAT SOLUTIONS t\u00f6rekszik arra, hogy az \u00e9rt\u00e9kes\u00edtett term\u00e9kekr\u0151l a legl\u00e9nyegesebb inform\u00e1ci\u00f3kat mutassa be \u00e9s tov\u00e1bb\u00edtsa. Ha a megrendelt term\u00e9k nem felel meg a weboldalon vagy az aj\u00e1nlatban szerepl\u0151 le\u00edr\u00e1snak, a term\u00e9k visszak\u00fcldhet\u0151, \u00e9s a v\u00e1s\u00e1rl\u00f3 v\u00e1laszthat, hogy kicser\u00e9li a term\u00e9ket, vagy teljes visszat\u00e9r\u00edt\u00e9st kap. Ha a felek a term\u00e9k kicser\u00e9l\u00e9se mellett d\u00f6ntenek, \u00e9s a kicser\u00e9lt term\u00e9k \u00e9rt\u00e9ke kevesebb, a v\u00e1s\u00e1rl\u00f3nak a t\u00f6bbletk\u00e9nt kifizetett \u00f6sszeget visszat\u00e9r\u00edtik. A TOTAL MEAT SOLUTIONS viseli a visszak\u00fcld\u00e9s \u00e9s adott esetben a sz\u00e1ll\u00edt\u00e1s k\u00f6lts\u00e9geit.    <\/p>\n<ol start=\"2\">\n<li><strong><em>S\u00e9r\u00fclt csomagok<\/em><\/strong><\/li>\n<\/ol>\n<p>Ezt kifog\u00e1solhatja, \u00e9s k\u00e9rheti a term\u00e9k visszak\u00fcld\u00e9s\u00e9t \u00e9s kicser\u00e9l\u00e9s\u00e9t egy \u00faj term\u00e9kre.<\/p>\n<ol start=\"3\">\n<li><strong><em>T\u00e9vesen sz\u00e1ll\u00edtott term\u00e9kek<\/em><\/strong><\/li>\n<\/ol>\n<p>Ha a megrendelt term\u00e9kt\u0151l elt\u00e9r\u0151 term\u00e9ket kap, k\u00e9rj\u00fck, miel\u0151bb \u00e9rtes\u00edtsen minket, hogy visszak\u00fcldhess\u00fck a term\u00e9ket, \u00e9s kicser\u00e9lhess\u00fck a megfelel\u0151re. A TOTAL MEAT SOLUTIONS viseli a helyes term\u00e9k visszasz\u00e1ll\u00edt\u00e1si \u00e9s sz\u00e1ll\u00edt\u00e1si k\u00f6lts\u00e9geit. <\/p>\n<p><strong>FIGYELEM!<\/strong><br \/>A fenti esetekben a term\u00e9keket abban az \u00e1llapotban kell visszak\u00fcldeni, ahogyan azokat \u00e1tvett\u00e9k, az eredeti csomagol\u00e1sban, az \u00f6sszes tartoz\u00e9kkal, eredeti dokumentummal \u00e9s csomagol\u00e1ssal egy\u00fctt, amelyben azokat \u00e1tvett\u00e9k. A term\u00e9kek vagy a csomagol\u00e1s s\u00e9r\u00fcl\u00e9se a visszak\u00fcld\u00e9s elutas\u00edt\u00e1s\u00e1t eredm\u00e9nyezheti. <\/p>\n\t\t\t\t\t\t\t\t<\/div>\n\t\t\t\t<\/div>\n\t\t\t\t\t<\/div>\n\t\t\t\t<\/div>\n\t\t\t\t<\/div>\n\t\t","protected":false},"excerpt":{"rendered":"<p>TERM\u00c9KVISSZ\u00c1RMAZTAT\u00c1S A csomag \u00e1tv\u00e9tele ut\u00e1n az \u00fcgyf\u00e9l ellen\u0151rzi a csomag tartalm\u00e1t. Ha a v\u00e1s\u00e1rl\u00f3 b\u00e1rmilyen szab\u00e1lytalans\u00e1got, pontatlans\u00e1got tal\u00e1l, kapcsolatba l\u00e9p az elad\u00f3val, a TOTAL MEAT SOLUTIONS-szal a probl\u00e9m\u00e1k megold\u00e1sa \u00e9rdek\u00e9ben&#8230;.<\/p>\n","protected":false},"author":1,"featured_media":0,"parent":0,"menu_order":0,"comment_status":"closed","ping_status":"closed","template":"","meta":{"_acf_changed":false,"footnotes":""},"class_list":["post-10274","page","type-page","status-publish","hentry"],"acf":[],"aioseo_notices":[],"jetpack_sharing_enabled":true,"_links":{"self":[{"href":"https:\/\/www.marbleangus.com\/hu\/wp-json\/wp\/v2\/pages\/10274","targetHints":{"allow":["GET"]}}],"collection":[{"href":"https:\/\/www.marbleangus.com\/hu\/wp-json\/wp\/v2\/pages"}],"about":[{"href":"https:\/\/www.marbleangus.com\/hu\/wp-json\/wp\/v2\/types\/page"}],"author":[{"embeddable":true,"href":"https:\/\/www.marbleangus.com\/hu\/wp-json\/wp\/v2\/users\/1"}],"replies":[{"embeddable":true,"href":"https:\/\/www.marbleangus.com\/hu\/wp-json\/wp\/v2\/comments?post=10274"}],"version-history":[{"count":0,"href":"https:\/\/www.marbleangus.com\/hu\/wp-json\/wp\/v2\/pages\/10274\/revisions"}],"wp:attachment":[{"href":"https:\/\/www.marbleangus.com\/hu\/wp-json\/wp\/v2\/media?parent=10274"}],"curies":[{"name":"wp","href":"https:\/\/api.w.org\/{rel}","templated":true}]}}