{"id":2702,"date":"2024-11-08T07:29:02","date_gmt":"2024-11-08T07:29:02","guid":{"rendered":"https:\/\/marble.prismasolutions.ro\/vegso-termekminoseg\/"},"modified":"2025-01-15T09:20:02","modified_gmt":"2025-01-15T09:20:02","slug":"final-product-quality","status":"publish","type":"page","link":"https:\/\/www.marbleangus.com\/hu\/final-product-quality\/","title":{"rendered":"V\u00e9gs\u0151 term\u00e9kmin\u0151s\u00e9g"},"content":{"rendered":"\t\t<div data-elementor-type=\"wp-page\" data-elementor-id=\"2702\" class=\"elementor elementor-2702 elementor-1231\" data-elementor-post-type=\"page\">\n\t\t\t\t\t\t<section class=\"elementor-section elementor-top-section elementor-element elementor-element-ca3fe77 elementor-section-full_width elementor-section-height-default elementor-section-height-default\" data-id=\"ca3fe77\" data-element_type=\"section\" data-e-type=\"section\">\n\t\t\t\t\t\t<div class=\"elementor-container elementor-column-gap-default\">\n\t\t\t\t\t<div class=\"elementor-column elementor-col-100 elementor-top-column elementor-element elementor-element-3c1431b\" data-id=\"3c1431b\" data-element_type=\"column\" data-e-type=\"column\">\n\t\t\t<div class=\"elementor-widget-wrap elementor-element-populated\">\n\t\t\t\t\t\t<div class=\"elementor-element elementor-element-33827d8 elementor-widget elementor-widget-image\" data-id=\"33827d8\" data-element_type=\"widget\" data-e-type=\"widget\" data-widget_type=\"image.default\">\n\t\t\t\t<div class=\"elementor-widget-container\">\n\t\t\t\t\t\t\t\t\t\t\t\t\t\t\t<img fetchpriority=\"high\" decoding=\"async\" width=\"1890\" height=\"2560\" src=\"https:\/\/www.marbleangus.com\/wp-content\/uploads\/2024\/11\/20240726_0168-scaled.webp\" class=\"attachment-full size-full wp-image-2657\" alt=\"\" srcset=\"https:\/\/www.marbleangus.com\/wp-content\/uploads\/2024\/11\/20240726_0168-scaled.webp 1890w, https:\/\/www.marbleangus.com\/wp-content\/uploads\/2024\/11\/20240726_0168-scaled-600x813.webp 600w, https:\/\/www.marbleangus.com\/wp-content\/uploads\/2024\/11\/20240726_0168-221x300.webp 221w, https:\/\/www.marbleangus.com\/wp-content\/uploads\/2024\/11\/20240726_0168-756x1024.webp 756w, https:\/\/www.marbleangus.com\/wp-content\/uploads\/2024\/11\/20240726_0168-768x1040.webp 768w, https:\/\/www.marbleangus.com\/wp-content\/uploads\/2024\/11\/20240726_0168-1134x1536.webp 1134w, https:\/\/www.marbleangus.com\/wp-content\/uploads\/2024\/11\/20240726_0168-1512x2048.webp 1512w\" sizes=\"(max-width: 1890px) 100vw, 1890px\" \/>\t\t\t\t\t\t\t\t\t\t\t\t\t\t\t<\/div>\n\t\t\t\t<\/div>\n\t\t\t\t<div class=\"elementor-element elementor-element-6c8c42c elementor-widget elementor-widget-candore-text-block\" data-id=\"6c8c42c\" data-element_type=\"widget\" data-e-type=\"widget\" data-widget_type=\"candore-text-block.default\">\n\t\t\t\t<div class=\"elementor-widget-container\">\n\t\t\t\t\t\t\t<div class=\" text-left  candore-text-block\">\r\n\t\t<p>\u00dczem\u00fcnk a legkorszer\u0171bb technol\u00f3gi\u00e1val van felszerelve, amely biztos\u00edtja, hogy a termel\u00e9s minden f\u00e1zis\u00e1ban pr\u00e9mium min\u0151s\u00e9g\u0171 \u00e9s eg\u00e9szs\u00e9ges marhah\u00fas ker\u00fclj\u00f6n ki a kezeink k\u00f6z\u00fcl. A higi\u00e9niai \u00e9s biztons\u00e1gi el\u0151\u00edr\u00e1sok szigor\u00fa betart\u00e1sa n\u00e1lunk alapvet\u0151, \u00edgy v\u00e1s\u00e1rl\u00f3ink mindig a legmegb\u00edzhat\u00f3bb forr\u00e1sb\u00f3l v\u00e1laszthatnak. A h\u00fasfeldolgoz\u00e1s tiszta, ellen\u0151rz\u00f6tt k\u00f6rnyezetben zajlik, ahol k\u00edm\u00e9letes \u00e9s tiszteletteljes elj\u00e1r\u00e1sokkal biztos\u00edtjuk az \u00e1llatok feldolgoz\u00e1s\u00e1t.<\/p>\t\t<\/div>\r\n        \t\t\t\t<\/div>\n\t\t\t\t<\/div>\n\t\t\t\t<div class=\"elementor-section elementor-inner-section elementor-element elementor-element-82dfb5b elementor-section-full_width elementor-section-height-default elementor-section-height-default\" data-id=\"82dfb5b\" data-element_type=\"section\" data-e-type=\"section\">\n\t\t\t\t\t\t<div class=\"elementor-container elementor-column-gap-narrow\">\n\t\t\t\t\t<div class=\"elementor-column elementor-col-50 elementor-inner-column elementor-element elementor-element-3e0087a\" data-id=\"3e0087a\" data-element_type=\"column\" data-e-type=\"column\">\n\t\t\t<div class=\"elementor-widget-wrap elementor-element-populated\">\n\t\t\t\t\t\t<div class=\"elementor-element elementor-element-0777dd9 elementor-widget elementor-widget-image\" data-id=\"0777dd9\" data-element_type=\"widget\" data-e-type=\"widget\" data-widget_type=\"image.default\">\n\t\t\t\t<div class=\"elementor-widget-container\">\n\t\t\t\t\t\t\t\t\t\t\t\t\t\t\t<img decoding=\"async\" width=\"1870\" height=\"2560\" src=\"https:\/\/www.marbleangus.com\/wp-content\/uploads\/2024\/11\/20240726_0189-scaled.webp\" class=\"attachment-full size-full wp-image-2653\" alt=\"\" srcset=\"https:\/\/www.marbleangus.com\/wp-content\/uploads\/2024\/11\/20240726_0189-scaled.webp 1870w, https:\/\/www.marbleangus.com\/wp-content\/uploads\/2024\/11\/20240726_0189-scaled-600x821.webp 600w, https:\/\/www.marbleangus.com\/wp-content\/uploads\/2024\/11\/20240726_0189-219x300.webp 219w, https:\/\/www.marbleangus.com\/wp-content\/uploads\/2024\/11\/20240726_0189-748x1024.webp 748w, https:\/\/www.marbleangus.com\/wp-content\/uploads\/2024\/11\/20240726_0189-768x1052.webp 768w, https:\/\/www.marbleangus.com\/wp-content\/uploads\/2024\/11\/20240726_0189-1122x1536.webp 1122w, https:\/\/www.marbleangus.com\/wp-content\/uploads\/2024\/11\/20240726_0189-1496x2048.webp 1496w\" sizes=\"(max-width: 1870px) 100vw, 1870px\" \/>\t\t\t\t\t\t\t\t\t\t\t\t\t\t\t<\/div>\n\t\t\t\t<\/div>\n\t\t\t\t\t<\/div>\n\t\t<\/div>\n\t\t\t\t<div class=\"elementor-column elementor-col-50 elementor-inner-column elementor-element elementor-element-6328273\" data-id=\"6328273\" data-element_type=\"column\" data-e-type=\"column\">\n\t\t\t<div class=\"elementor-widget-wrap elementor-element-populated\">\n\t\t\t\t\t\t<div class=\"elementor-element elementor-element-cc04dcd elementor-widget elementor-widget-image\" data-id=\"cc04dcd\" data-element_type=\"widget\" data-e-type=\"widget\" data-widget_type=\"image.default\">\n\t\t\t\t<div class=\"elementor-widget-container\">\n\t\t\t\t\t\t\t\t\t\t\t\t\t\t\t<img decoding=\"async\" width=\"2025\" height=\"2560\" src=\"https:\/\/www.marbleangus.com\/wp-content\/uploads\/2024\/11\/20240726_0094-scaled.webp\" class=\"attachment-full size-full wp-image-2651\" alt=\"\" srcset=\"https:\/\/www.marbleangus.com\/wp-content\/uploads\/2024\/11\/20240726_0094-scaled.webp 2025w, https:\/\/www.marbleangus.com\/wp-content\/uploads\/2024\/11\/20240726_0094-scaled-600x759.webp 600w, https:\/\/www.marbleangus.com\/wp-content\/uploads\/2024\/11\/20240726_0094-237x300.webp 237w, https:\/\/www.marbleangus.com\/wp-content\/uploads\/2024\/11\/20240726_0094-810x1024.webp 810w, https:\/\/www.marbleangus.com\/wp-content\/uploads\/2024\/11\/20240726_0094-768x971.webp 768w, https:\/\/www.marbleangus.com\/wp-content\/uploads\/2024\/11\/20240726_0094-1215x1536.webp 1215w, https:\/\/www.marbleangus.com\/wp-content\/uploads\/2024\/11\/20240726_0094-1620x2048.webp 1620w\" sizes=\"(max-width: 2025px) 100vw, 2025px\" \/>\t\t\t\t\t\t\t\t\t\t\t\t\t\t\t<\/div>\n\t\t\t\t<\/div>\n\t\t\t\t\t<\/div>\n\t\t<\/div>\n\t\t\t\t\t<\/div>\n\t\t<\/div>\n\t\t\t\t<div class=\"elementor-element elementor-element-8ad3524 elementor-widget elementor-widget-candore-text-block\" data-id=\"8ad3524\" data-element_type=\"widget\" data-e-type=\"widget\" data-widget_type=\"candore-text-block.default\">\n\t\t\t\t<div class=\"elementor-widget-container\">\n\t\t\t\t\t\t\t<div class=\" text-left  candore-text-block\">\r\n\t\t<p>Az Angus marhah\u00fas sokoldal\u00fas\u00e1ga lehet\u0151v\u00e9 teszi, hogy term\u00e9kk\u00edn\u00e1latunkban a marha minden r\u00e9sze megtal\u00e1lhat\u00f3 legyen. \u00c9ppen ez\u00e9rt v\u00e1laszt\u00e9kunk rendk\u00edv\u00fcl sz\u00e9les, a klasszikus steakekt\u0151l kezdve az \u00ednycsikland\u00f3 szal\u00e1mikon \u00e9s miccseken \u00e1t eg\u00e9szen a k\u00fcl\u00f6nf\u00e9le pr\u00e9mium h\u00fask\u00e9sz\u00edtm\u00e9nyekig. Term\u00e9keink ide\u00e1lis v\u00e1laszt\u00e1sok a vend\u00e9gl\u00e1t\u00f3ipar \u00e9s viszontelad\u00f3k sz\u00e1m\u00e1ra, valamint azoknak a mag\u00e1nszem\u00e9lyeknek, akik otthonukban sem \u00e9rik be kevesebbel, mint a legjobb min\u0151s\u00e9ggel.<\/p>\t\t<\/div>\r\n        \t\t\t\t<\/div>\n\t\t\t\t<\/div>\n\t\t\t\t<div class=\"elementor-element elementor-element-648fc72 elementor-widget elementor-widget-image\" data-id=\"648fc72\" data-element_type=\"widget\" data-e-type=\"widget\" data-widget_type=\"image.default\">\n\t\t\t\t<div class=\"elementor-widget-container\">\n\t\t\t\t\t\t\t\t\t\t\t\t\t\t\t<img loading=\"lazy\" decoding=\"async\" width=\"2560\" height=\"1707\" src=\"https:\/\/www.marbleangus.com\/wp-content\/uploads\/2025\/01\/marble-sajat-7-scaled.webp\" class=\"attachment-full size-full wp-image-3483\" alt=\"\" srcset=\"https:\/\/www.marbleangus.com\/wp-content\/uploads\/2025\/01\/marble-sajat-7-scaled.webp 2560w, https:\/\/www.marbleangus.com\/wp-content\/uploads\/2025\/01\/marble-sajat-7-scaled-600x400.webp 600w, https:\/\/www.marbleangus.com\/wp-content\/uploads\/2025\/01\/marble-sajat-7-300x200.webp 300w, https:\/\/www.marbleangus.com\/wp-content\/uploads\/2025\/01\/marble-sajat-7-1024x683.webp 1024w, https:\/\/www.marbleangus.com\/wp-content\/uploads\/2025\/01\/marble-sajat-7-768x512.webp 768w, https:\/\/www.marbleangus.com\/wp-content\/uploads\/2025\/01\/marble-sajat-7-1536x1024.webp 1536w, https:\/\/www.marbleangus.com\/wp-content\/uploads\/2025\/01\/marble-sajat-7-2048x1365.webp 2048w, https:\/\/www.marbleangus.com\/wp-content\/uploads\/2025\/01\/marble-sajat-7-744x496.webp 744w\" sizes=\"(max-width: 2560px) 100vw, 2560px\" \/>\t\t\t\t\t\t\t\t\t\t\t\t\t\t\t<\/div>\n\t\t\t\t<\/div>\n\t\t\t\t<div class=\"elementor-element elementor-element-9b54947 elementor-widget elementor-widget-candore-text-block\" data-id=\"9b54947\" data-element_type=\"widget\" data-e-type=\"widget\" data-widget_type=\"candore-text-block.default\">\n\t\t\t\t<div class=\"elementor-widget-container\">\n\t\t\t\t\t\t\t<div class=\" text-left  candore-text-block\">\r\n\t\t<p>C\u00e9lunk, hogy az Angus marhah\u00fast n\u00e9pszer\u0171s\u00edts\u00fck Rom\u00e1ni\u00e1ban, \u00e9s megismertess\u00fck az emberekkel, mi teszi ezt a k\u00fcl\u00f6nleges h\u00fast igaz\u00e1n pr\u00e9mium min\u0151s\u00e9g\u0171v\u00e9. Hissz\u00fck, hogy hozz\u00e1j\u00e1rulhatunk az \u00e9tkez\u00e9si kult\u00fara gazdag\u00edt\u00e1s\u00e1hoz, bemutatva az eg\u00e9szs\u00e9ges, t\u00e1pl\u00e1l\u00f3 \u00e9s \u00ednycsikland\u00f3 marhah\u00fas \u00e9rt\u00e9k\u00e9t.<\/p><p>Az \u00e1ltalunk k\u00edn\u00e1lt Angus marhah\u00fas minden falat\u00e1ban ott rejlik a gondos nevel\u00e9s, a term\u00e9szetes t\u00e1pl\u00e1lkoz\u00e1s \u00e9s a modern feldolgoz\u00e1si technol\u00f3gia eredm\u00e9nye. A v\u00e9geredm\u00e9ny egy gy\u00f6ny\u00f6r\u0171en m\u00e1rv\u00e1nyozott, t\u00e1pl\u00e1l\u00f3 \u00e9s eg\u00e9szs\u00e9ges h\u00fas, amely p\u00e1ratlan gasztron\u00f3miai \u00e9lm\u00e9nyt ny\u00fajt.<\/p>\t\t<\/div>\r\n        \t\t\t\t<\/div>\n\t\t\t\t<\/div>\n\t\t\t\t\t<\/div>\n\t\t<\/div>\n\t\t\t\t\t<\/div>\n\t\t<\/section>\n\t\t\t\t<\/div>\n\t\t","protected":false},"excerpt":{"rendered":"<p>\u00dczem\u00fcnk a legkorszer\u0171bb technol\u00f3gi\u00e1val van felszerelve, amely biztos\u00edtja, hogy a termel\u00e9s minden f\u00e1zis\u00e1ban pr\u00e9mium min\u0151s\u00e9g\u0171 \u00e9s eg\u00e9szs\u00e9ges marhah\u00fas ker\u00fclj\u00f6n ki a kezeink k\u00f6z\u00fcl. A higi\u00e9niai \u00e9s biztons\u00e1gi el\u0151\u00edr\u00e1sok szigor\u00fa betart\u00e1sa&#8230;<\/p>\n","protected":false},"author":1,"featured_media":0,"parent":0,"menu_order":0,"comment_status":"closed","ping_status":"closed","template":"","meta":{"_acf_changed":false,"footnotes":""},"class_list":["post-2702","page","type-page","status-publish","hentry"],"acf":[],"aioseo_notices":[],"jetpack_sharing_enabled":true,"_links":{"self":[{"href":"https:\/\/www.marbleangus.com\/hu\/wp-json\/wp\/v2\/pages\/2702","targetHints":{"allow":["GET"]}}],"collection":[{"href":"https:\/\/www.marbleangus.com\/hu\/wp-json\/wp\/v2\/pages"}],"about":[{"href":"https:\/\/www.marbleangus.com\/hu\/wp-json\/wp\/v2\/types\/page"}],"author":[{"embeddable":true,"href":"https:\/\/www.marbleangus.com\/hu\/wp-json\/wp\/v2\/users\/1"}],"replies":[{"embeddable":true,"href":"https:\/\/www.marbleangus.com\/hu\/wp-json\/wp\/v2\/comments?post=2702"}],"version-history":[{"count":0,"href":"https:\/\/www.marbleangus.com\/hu\/wp-json\/wp\/v2\/pages\/2702\/revisions"}],"wp:attachment":[{"href":"https:\/\/www.marbleangus.com\/hu\/wp-json\/wp\/v2\/media?parent=2702"}],"curies":[{"name":"wp","href":"https:\/\/api.w.org\/{rel}","templated":true}]}}