{"id":2704,"date":"2024-11-08T07:27:13","date_gmt":"2024-11-08T07:27:13","guid":{"rendered":"https:\/\/marble.prismasolutions.ro\/fenntarthatosag\/"},"modified":"2025-04-02T09:59:34","modified_gmt":"2025-04-02T09:59:34","slug":"sustainability","status":"publish","type":"page","link":"https:\/\/www.marbleangus.com\/hu\/sustainability\/","title":{"rendered":"Fenntarthat\u00f3s\u00e1g"},"content":{"rendered":"\t\t<div data-elementor-type=\"wp-page\" data-elementor-id=\"2704\" class=\"elementor elementor-2704 elementor-1229\" data-elementor-post-type=\"page\">\n\t\t\t\t\t\t<section class=\"elementor-section elementor-top-section elementor-element elementor-element-441064f elementor-section-full_width elementor-section-height-default elementor-section-height-default\" data-id=\"441064f\" data-element_type=\"section\" data-e-type=\"section\">\n\t\t\t\t\t\t<div class=\"elementor-container elementor-column-gap-default\">\n\t\t\t\t\t<div class=\"elementor-column elementor-col-100 elementor-top-column elementor-element elementor-element-0de0328\" data-id=\"0de0328\" data-element_type=\"column\" data-e-type=\"column\">\n\t\t\t<div class=\"elementor-widget-wrap elementor-element-populated\">\n\t\t\t\t\t\t<div class=\"elementor-element elementor-element-e995234 elementor-widget elementor-widget-image\" data-id=\"e995234\" data-element_type=\"widget\" data-e-type=\"widget\" data-widget_type=\"image.default\">\n\t\t\t\t<div class=\"elementor-widget-container\">\n\t\t\t\t\t\t\t\t\t\t\t\t\t\t\t<img fetchpriority=\"high\" decoding=\"async\" width=\"2560\" height=\"1706\" src=\"https:\/\/www.marbleangus.com\/wp-content\/uploads\/2025\/04\/19-min-scaled.jpg\" class=\"attachment-full size-full wp-image-8159\" alt=\"\" srcset=\"https:\/\/www.marbleangus.com\/wp-content\/uploads\/2025\/04\/19-min-scaled.jpg 2560w, https:\/\/www.marbleangus.com\/wp-content\/uploads\/2025\/04\/19-min-scaled-600x400.jpg 600w, https:\/\/www.marbleangus.com\/wp-content\/uploads\/2025\/04\/19-min-300x200.jpg 300w, https:\/\/www.marbleangus.com\/wp-content\/uploads\/2025\/04\/19-min-1024x683.jpg 1024w, https:\/\/www.marbleangus.com\/wp-content\/uploads\/2025\/04\/19-min-768x512.jpg 768w, https:\/\/www.marbleangus.com\/wp-content\/uploads\/2025\/04\/19-min-1536x1024.jpg 1536w, https:\/\/www.marbleangus.com\/wp-content\/uploads\/2025\/04\/19-min-2048x1365.jpg 2048w, https:\/\/www.marbleangus.com\/wp-content\/uploads\/2025\/04\/19-min-744x496.jpg 744w\" sizes=\"(max-width: 2560px) 100vw, 2560px\" \/>\t\t\t\t\t\t\t\t\t\t\t\t\t\t\t<\/div>\n\t\t\t\t<\/div>\n\t\t\t\t<div class=\"elementor-element elementor-element-3d7f71b elementor-widget elementor-widget-candore-text-block\" data-id=\"3d7f71b\" data-element_type=\"widget\" data-e-type=\"widget\" data-widget_type=\"candore-text-block.default\">\n\t\t\t\t<div class=\"elementor-widget-container\">\n\t\t\t\t\t\t\t<div class=\" text-left  candore-text-block\">\r\n\t\t<p>A fenntarthat\u00f3s\u00e1g az Angus marh\u00e1k tart\u00e1s\u00e1ban kiemelt fontoss\u00e1g\u00fa. \u00c1llataink szabadon legelnek a hegyvid\u00e9ki legel\u0151k\u00f6n, friss, tiszta leveg\u0151n, term\u00e9szetes k\u00f6rnyezetben, ami hozz\u00e1j\u00e1rul a helyi \u00f6kosziszt\u00e9ma eg\u00e9szs\u00e9g\u00e9hez. Ez a term\u00e9szetes tart\u00e1s biztos\u00edtja az \u00e1llatok j\u00f3l\u00e9t\u00e9t, mik\u00f6zben cs\u00f6kkenti az ipari \u00e1llattart\u00e1s k\u00f6rnyezeti hat\u00e1sait, p\u00e9ld\u00e1ul a k\u00e1ros g\u00e1zkibocs\u00e1t\u00e1st \u00e9s az er\u0151forr\u00e1sok t\u00falzott haszn\u00e1lat\u00e1t. \u00cdgy meg\u0151rizz\u00fck a biodiverzit\u00e1st \u00e9s fenntartjuk a term\u00e9szeti er\u0151forr\u00e1sokat, biztos\u00edtva egy t\u00e1pl\u00e1l\u00f3 \u00e9s k\u00f6rnyezetbar\u00e1t h\u00fasforr\u00e1st.<\/p><p>A term\u00e9szet k\u00f6zels\u00e9ge, az erd\u0151k, mez\u0151k \u00e9s gazdag n\u00f6v\u00e9nyzet biztos\u00edtja, hogy marh\u00e1ink friss \u00e9s eg\u00e9szs\u00e9ges t\u00e1pl\u00e1l\u00e9khoz jussanak, cs\u00f6kkentve ezzel az import\u00e1lt takarm\u00e1ny sz\u00fcks\u00e9gess\u00e9g\u00e9t. Ez pedig alacsonyabb sz\u00e9n-dioxid-kibocs\u00e1t\u00e1st eredm\u00e9nyez, hozz\u00e1j\u00e1rulva a k\u00f6rnyezet v\u00e9delm\u00e9hez \u00e9s a karbonl\u00e1bnyom cs\u00f6kkent\u00e9s\u00e9hez. Az Angus marh\u00e1k term\u00e9szetes t\u00e1pl\u00e1l\u00e9ka, mint a f\u0171, sz\u00e9na \u00e9s helyi n\u00f6v\u00e9nyek, biztos\u00edtj\u00e1k a t\u00e1pl\u00e1l\u00f3 \u00e9s fenntarthat\u00f3 \u00e9lelemforr\u00e1st, amely el\u0151seg\u00edti az eg\u00e9szs\u00e9ges \u00e1llatok fejl\u0151d\u00e9s\u00e9t.<\/p>\t\t<\/div>\r\n        \t\t\t\t<\/div>\n\t\t\t\t<\/div>\n\t\t\t\t<div class=\"elementor-section elementor-inner-section elementor-element elementor-element-40e9b72 elementor-section-full_width elementor-section-height-default elementor-section-height-default\" data-id=\"40e9b72\" data-element_type=\"section\" data-e-type=\"section\">\n\t\t\t\t\t\t<div class=\"elementor-container elementor-column-gap-narrow\">\n\t\t\t\t\t<div class=\"elementor-column elementor-col-50 elementor-inner-column elementor-element elementor-element-e88c832\" data-id=\"e88c832\" data-element_type=\"column\" data-e-type=\"column\">\n\t\t\t<div class=\"elementor-widget-wrap elementor-element-populated\">\n\t\t\t\t\t\t<div class=\"elementor-element elementor-element-ae72060 elementor-widget elementor-widget-image\" data-id=\"ae72060\" data-element_type=\"widget\" data-e-type=\"widget\" data-widget_type=\"image.default\">\n\t\t\t\t<div class=\"elementor-widget-container\">\n\t\t\t\t\t\t\t\t\t\t\t\t\t\t\t<img decoding=\"async\" width=\"2560\" height=\"1706\" src=\"https:\/\/www.marbleangus.com\/wp-content\/uploads\/2024\/11\/angus44-scaled.webp\" class=\"attachment-full size-full wp-image-2671\" alt=\"\" srcset=\"https:\/\/www.marbleangus.com\/wp-content\/uploads\/2024\/11\/angus44-scaled.webp 2560w, https:\/\/www.marbleangus.com\/wp-content\/uploads\/2024\/11\/angus44-scaled-600x400.webp 600w, https:\/\/www.marbleangus.com\/wp-content\/uploads\/2024\/11\/angus44-300x200.webp 300w, https:\/\/www.marbleangus.com\/wp-content\/uploads\/2024\/11\/angus44-1024x683.webp 1024w, https:\/\/www.marbleangus.com\/wp-content\/uploads\/2024\/11\/angus44-768x512.webp 768w, https:\/\/www.marbleangus.com\/wp-content\/uploads\/2024\/11\/angus44-1536x1024.webp 1536w, https:\/\/www.marbleangus.com\/wp-content\/uploads\/2024\/11\/angus44-2048x1365.webp 2048w, https:\/\/www.marbleangus.com\/wp-content\/uploads\/2024\/11\/angus44-744x496.webp 744w\" sizes=\"(max-width: 2560px) 100vw, 2560px\" \/>\t\t\t\t\t\t\t\t\t\t\t\t\t\t\t<\/div>\n\t\t\t\t<\/div>\n\t\t\t\t\t<\/div>\n\t\t<\/div>\n\t\t\t\t<div class=\"elementor-column elementor-col-50 elementor-inner-column elementor-element elementor-element-f311276\" data-id=\"f311276\" data-element_type=\"column\" data-e-type=\"column\">\n\t\t\t<div class=\"elementor-widget-wrap elementor-element-populated\">\n\t\t\t\t\t\t<div class=\"elementor-element elementor-element-070bf6b elementor-widget elementor-widget-image\" data-id=\"070bf6b\" data-element_type=\"widget\" data-e-type=\"widget\" data-widget_type=\"image.default\">\n\t\t\t\t<div class=\"elementor-widget-container\">\n\t\t\t\t\t\t\t\t\t\t\t\t\t\t\t<img decoding=\"async\" width=\"2560\" height=\"1706\" src=\"https:\/\/www.marbleangus.com\/wp-content\/uploads\/2024\/11\/angus99-scaled.webp\" class=\"attachment-full size-full wp-image-2641\" alt=\"\" srcset=\"https:\/\/www.marbleangus.com\/wp-content\/uploads\/2024\/11\/angus99-scaled.webp 2560w, https:\/\/www.marbleangus.com\/wp-content\/uploads\/2024\/11\/angus99-scaled-600x400.webp 600w, https:\/\/www.marbleangus.com\/wp-content\/uploads\/2024\/11\/angus99-300x200.webp 300w, https:\/\/www.marbleangus.com\/wp-content\/uploads\/2024\/11\/angus99-1024x683.webp 1024w, https:\/\/www.marbleangus.com\/wp-content\/uploads\/2024\/11\/angus99-768x512.webp 768w, https:\/\/www.marbleangus.com\/wp-content\/uploads\/2024\/11\/angus99-1536x1024.webp 1536w, https:\/\/www.marbleangus.com\/wp-content\/uploads\/2024\/11\/angus99-2048x1365.webp 2048w, https:\/\/www.marbleangus.com\/wp-content\/uploads\/2024\/11\/angus99-744x496.webp 744w\" sizes=\"(max-width: 2560px) 100vw, 2560px\" \/>\t\t\t\t\t\t\t\t\t\t\t\t\t\t\t<\/div>\n\t\t\t\t<\/div>\n\t\t\t\t\t<\/div>\n\t\t<\/div>\n\t\t\t\t\t<\/div>\n\t\t<\/div>\n\t\t\t\t<div class=\"elementor-element elementor-element-261359a elementor-widget elementor-widget-candore-text-block\" data-id=\"261359a\" data-element_type=\"widget\" data-e-type=\"widget\" data-widget_type=\"candore-text-block.default\">\n\t\t\t\t<div class=\"elementor-widget-container\">\n\t\t\t\t\t\t\t<div class=\" text-left  candore-text-block\">\r\n\t\t<p>A szabadon tartott marh\u00e1k \u00e9s a term\u00e9szetes k\u00f6zeg nemcsak az \u00e1llatok ment\u00e1lis \u00e9s fizikai eg\u00e9szs\u00e9g\u00e9t t\u00e1mogatja, hanem cs\u00f6kkenti az antibiotikumok \u00e9s egy\u00e9b gy\u00f3gyszerek haszn\u00e1lat\u00e1t is. Az eg\u00e9szs\u00e9ges \u00e1llatok kevesebb betegs\u00e9gt\u0151l szenvednek, \u00edgy kevesebb beavatkoz\u00e1sra van sz\u00fcks\u00e9g a termel\u00e9s sor\u00e1n. Ez a megk\u00f6zel\u00edt\u00e9s nemcsak az \u00e1llat j\u00f3l\u00e9t\u00e9t szolg\u00e1lja, hanem cs\u00f6kkenti a k\u00f6rnyezetre gyakorolt terhel\u00e9st is.<\/p>\t\t<\/div>\r\n        \t\t\t\t<\/div>\n\t\t\t\t<\/div>\n\t\t\t\t<div class=\"elementor-element elementor-element-6441d61 elementor-widget elementor-widget-image\" data-id=\"6441d61\" data-element_type=\"widget\" data-e-type=\"widget\" data-widget_type=\"image.default\">\n\t\t\t\t<div class=\"elementor-widget-container\">\n\t\t\t\t\t\t\t\t\t\t\t\t\t\t\t<img loading=\"lazy\" decoding=\"async\" width=\"2560\" height=\"1440\" src=\"https:\/\/www.marbleangus.com\/wp-content\/uploads\/2024\/11\/DJI_20241017145740_0033_D-scaled.webp\" class=\"attachment-full size-full wp-image-2645\" alt=\"\" srcset=\"https:\/\/www.marbleangus.com\/wp-content\/uploads\/2024\/11\/DJI_20241017145740_0033_D-scaled.webp 2560w, https:\/\/www.marbleangus.com\/wp-content\/uploads\/2024\/11\/DJI_20241017145740_0033_D-scaled-600x338.webp 600w, https:\/\/www.marbleangus.com\/wp-content\/uploads\/2024\/11\/DJI_20241017145740_0033_D-300x169.webp 300w, https:\/\/www.marbleangus.com\/wp-content\/uploads\/2024\/11\/DJI_20241017145740_0033_D-1024x576.webp 1024w, https:\/\/www.marbleangus.com\/wp-content\/uploads\/2024\/11\/DJI_20241017145740_0033_D-768x432.webp 768w, https:\/\/www.marbleangus.com\/wp-content\/uploads\/2024\/11\/DJI_20241017145740_0033_D-1536x864.webp 1536w, https:\/\/www.marbleangus.com\/wp-content\/uploads\/2024\/11\/DJI_20241017145740_0033_D-2048x1152.webp 2048w\" sizes=\"(max-width: 2560px) 100vw, 2560px\" \/>\t\t\t\t\t\t\t\t\t\t\t\t\t\t\t<\/div>\n\t\t\t\t<\/div>\n\t\t\t\t<div class=\"elementor-element elementor-element-867808e elementor-widget elementor-widget-candore-text-block\" data-id=\"867808e\" data-element_type=\"widget\" data-e-type=\"widget\" data-widget_type=\"candore-text-block.default\">\n\t\t\t\t<div class=\"elementor-widget-container\">\n\t\t\t\t\t\t\t<div class=\" text-left  candore-text-block\">\r\n\t\t<p>A helyi gazd\u00e1kkal val\u00f3 egy\u00fcttm\u0171k\u00f6d\u00e9s kulcsfontoss\u00e1g\u00fa szerepet j\u00e1tszik, mivel lehet\u0151s\u00e9get teremt a gazdas\u00e1gok sz\u00e1m\u00e1ra, hogy kiakn\u00e1zz\u00e1k a helyi er\u0151forr\u00e1sokat. Ez nemcsak a region\u00e1lis gazdas\u00e1gok meger\u0151s\u00edt\u00e9s\u00e9t szolg\u00e1lja, hanem hozz\u00e1j\u00e1rul az \u00e9lelmiszerl\u00e1ncok stabilit\u00e1s\u00e1hoz is, t\u00e1mogatva ezzel a fenntarthat\u00f3 fejl\u0151d\u00e9st.<\/p>\t\t<\/div>\r\n        \t\t\t\t<\/div>\n\t\t\t\t<\/div>\n\t\t\t\t\t<\/div>\n\t\t<\/div>\n\t\t\t\t\t<\/div>\n\t\t<\/section>\n\t\t\t\t<\/div>\n\t\t","protected":false},"excerpt":{"rendered":"<p>A fenntarthat\u00f3s\u00e1g az Angus marh\u00e1k tart\u00e1s\u00e1ban kiemelt fontoss\u00e1g\u00fa. \u00c1llataink szabadon legelnek a hegyvid\u00e9ki legel\u0151k\u00f6n, friss, tiszta leveg\u0151n, term\u00e9szetes k\u00f6rnyezetben, ami hozz\u00e1j\u00e1rul a helyi \u00f6kosziszt\u00e9ma eg\u00e9szs\u00e9g\u00e9hez. Ez a term\u00e9szetes tart\u00e1s biztos\u00edtja&#8230;<\/p>\n","protected":false},"author":1,"featured_media":0,"parent":0,"menu_order":0,"comment_status":"closed","ping_status":"closed","template":"","meta":{"_acf_changed":false,"footnotes":""},"class_list":["post-2704","page","type-page","status-publish","hentry"],"acf":[],"aioseo_notices":[],"jetpack_sharing_enabled":true,"_links":{"self":[{"href":"https:\/\/www.marbleangus.com\/hu\/wp-json\/wp\/v2\/pages\/2704","targetHints":{"allow":["GET"]}}],"collection":[{"href":"https:\/\/www.marbleangus.com\/hu\/wp-json\/wp\/v2\/pages"}],"about":[{"href":"https:\/\/www.marbleangus.com\/hu\/wp-json\/wp\/v2\/types\/page"}],"author":[{"embeddable":true,"href":"https:\/\/www.marbleangus.com\/hu\/wp-json\/wp\/v2\/users\/1"}],"replies":[{"embeddable":true,"href":"https:\/\/www.marbleangus.com\/hu\/wp-json\/wp\/v2\/comments?post=2704"}],"version-history":[{"count":0,"href":"https:\/\/www.marbleangus.com\/hu\/wp-json\/wp\/v2\/pages\/2704\/revisions"}],"wp:attachment":[{"href":"https:\/\/www.marbleangus.com\/hu\/wp-json\/wp\/v2\/media?parent=2704"}],"curies":[{"name":"wp","href":"https:\/\/api.w.org\/{rel}","templated":true}]}}