{"id":2714,"date":"2024-11-08T07:28:41","date_gmt":"2024-11-08T07:28:41","guid":{"rendered":"https:\/\/marble.prismasolutions.ro\/forrasanyag\/"},"modified":"2024-12-20T11:06:37","modified_gmt":"2024-12-20T11:06:37","slug":"source-material","status":"publish","type":"page","link":"https:\/\/www.marbleangus.com\/hu\/source-material\/","title":{"rendered":"Min\u0151s\u00e9g Jegye"},"content":{"rendered":"\t\t<div data-elementor-type=\"wp-page\" data-elementor-id=\"2714\" class=\"elementor elementor-2714 elementor-1232\" data-elementor-post-type=\"page\">\n\t\t\t\t\t\t<section class=\"elementor-section elementor-top-section elementor-element elementor-element-673d4ff elementor-section-full_width elementor-section-height-default elementor-section-height-default\" data-id=\"673d4ff\" data-element_type=\"section\" data-e-type=\"section\">\n\t\t\t\t\t\t<div class=\"elementor-container elementor-column-gap-default\">\n\t\t\t\t\t<div class=\"elementor-column elementor-col-100 elementor-top-column elementor-element elementor-element-ae29b70\" data-id=\"ae29b70\" data-element_type=\"column\" data-e-type=\"column\">\n\t\t\t<div class=\"elementor-widget-wrap elementor-element-populated\">\n\t\t\t\t\t\t<div class=\"elementor-element elementor-element-8cf7308 elementor-widget elementor-widget-image\" data-id=\"8cf7308\" data-element_type=\"widget\" data-e-type=\"widget\" data-widget_type=\"image.default\">\n\t\t\t\t<div class=\"elementor-widget-container\">\n\t\t\t\t\t\t\t\t\t\t\t\t\t\t\t<img fetchpriority=\"high\" decoding=\"async\" width=\"2025\" height=\"2560\" src=\"https:\/\/www.marbleangus.com\/wp-content\/uploads\/2024\/11\/20240726_0094-scaled.webp\" class=\"attachment-full size-full wp-image-2651\" alt=\"\" srcset=\"https:\/\/www.marbleangus.com\/wp-content\/uploads\/2024\/11\/20240726_0094-scaled.webp 2025w, https:\/\/www.marbleangus.com\/wp-content\/uploads\/2024\/11\/20240726_0094-scaled-600x759.webp 600w, https:\/\/www.marbleangus.com\/wp-content\/uploads\/2024\/11\/20240726_0094-237x300.webp 237w, https:\/\/www.marbleangus.com\/wp-content\/uploads\/2024\/11\/20240726_0094-810x1024.webp 810w, https:\/\/www.marbleangus.com\/wp-content\/uploads\/2024\/11\/20240726_0094-768x971.webp 768w, https:\/\/www.marbleangus.com\/wp-content\/uploads\/2024\/11\/20240726_0094-1215x1536.webp 1215w, https:\/\/www.marbleangus.com\/wp-content\/uploads\/2024\/11\/20240726_0094-1620x2048.webp 1620w\" sizes=\"(max-width: 2025px) 100vw, 2025px\" \/>\t\t\t\t\t\t\t\t\t\t\t\t\t\t\t<\/div>\n\t\t\t\t<\/div>\n\t\t\t\t<div class=\"elementor-element elementor-element-0ad2e85 elementor-widget elementor-widget-candore-text-block\" data-id=\"0ad2e85\" data-element_type=\"widget\" data-e-type=\"widget\" data-widget_type=\"candore-text-block.default\">\n\t\t\t\t<div class=\"elementor-widget-container\">\n\t\t\t\t\t\t\t<div class=\" text-left  candore-text-block\">\r\n\t\t<p>A Marble n\u00e9v, amely angolul m\u00e1rv\u00e1nyt jelent, arra k\u00f6telez benn\u00fcnket, hogy term\u00e9keink minden egyes darabj\u00e1ban a legmagasabb sz\u00ednvonalat k\u00e9pviselj\u00fck.<\/p><p>Az Angus marhah\u00fas egyik legfontosabb jellemz\u0151je a m\u00e1rv\u00e1nyozotts\u00e1g, amely kiemelked\u0151 \u00edz\u00e9lm\u00e9nyt \u00e9s text\u00far\u00e1t biztos\u00edt. Ez a jellegzetess\u00e9g a h\u00fas izomrostjai k\u00f6z\u00f6tti finom zs\u00edrr\u00e9tegek eloszl\u00e1s\u00e1b\u00f3l ered, amely l\u00e9d\u00fass\u00e1, szaftoss\u00e1 \u00e9s gazdag \u00edzvil\u00e1g\u00fav\u00e1 teszi azt, mik\u00f6zben megtartja puhas\u00e1g\u00e1t \u00e9s oml\u00f3s \u00e1llag\u00e1t. A m\u00e1rv\u00e1nyozotts\u00e1g az, ami igaz\u00e1n k\u00fcl\u00f6nlegess\u00e9 teszi a steaket \u2013 min\u00e9l gazdagabb \u00e9s egyenletesebb, ann\u00e1l intenz\u00edvebb \u00e9s kifinomultabb \u00edz\u00e9lm\u00e9nyt ny\u00fajt.<\/p>\t\t<\/div>\r\n        \t\t\t\t<\/div>\n\t\t\t\t<\/div>\n\t\t\t\t<div class=\"elementor-section elementor-inner-section elementor-element elementor-element-b412e66 elementor-section-full_width elementor-section-height-default elementor-section-height-default\" data-id=\"b412e66\" data-element_type=\"section\" data-e-type=\"section\">\n\t\t\t\t\t\t<div class=\"elementor-container elementor-column-gap-narrow\">\n\t\t\t\t\t<div class=\"elementor-column elementor-col-100 elementor-inner-column elementor-element elementor-element-d7bc90d\" data-id=\"d7bc90d\" data-element_type=\"column\" data-e-type=\"column\">\n\t\t\t<div class=\"elementor-widget-wrap elementor-element-populated\">\n\t\t\t\t\t\t<div class=\"elementor-element elementor-element-4de73c5 elementor-widget elementor-widget-image\" data-id=\"4de73c5\" data-element_type=\"widget\" data-e-type=\"widget\" data-widget_type=\"image.default\">\n\t\t\t\t<div class=\"elementor-widget-container\">\n\t\t\t\t\t\t\t\t\t\t\t\t\t\t\t<img decoding=\"async\" width=\"2560\" height=\"1706\" src=\"https:\/\/www.marbleangus.com\/wp-content\/uploads\/2024\/11\/angus59-scaled.webp\" class=\"attachment-full size-full wp-image-2667\" alt=\"\" srcset=\"https:\/\/www.marbleangus.com\/wp-content\/uploads\/2024\/11\/angus59-scaled.webp 2560w, https:\/\/www.marbleangus.com\/wp-content\/uploads\/2024\/11\/angus59-scaled-600x400.webp 600w, https:\/\/www.marbleangus.com\/wp-content\/uploads\/2024\/11\/angus59-300x200.webp 300w, https:\/\/www.marbleangus.com\/wp-content\/uploads\/2024\/11\/angus59-1024x683.webp 1024w, https:\/\/www.marbleangus.com\/wp-content\/uploads\/2024\/11\/angus59-768x512.webp 768w, https:\/\/www.marbleangus.com\/wp-content\/uploads\/2024\/11\/angus59-1536x1024.webp 1536w, https:\/\/www.marbleangus.com\/wp-content\/uploads\/2024\/11\/angus59-2048x1365.webp 2048w, https:\/\/www.marbleangus.com\/wp-content\/uploads\/2024\/11\/angus59-744x496.webp 744w\" sizes=\"(max-width: 2560px) 100vw, 2560px\" \/>\t\t\t\t\t\t\t\t\t\t\t\t\t\t\t<\/div>\n\t\t\t\t<\/div>\n\t\t\t\t\t<\/div>\n\t\t<\/div>\n\t\t\t\t\t<\/div>\n\t\t<\/div>\n\t\t\t\t<div class=\"elementor-element elementor-element-8bd8aaa elementor-widget elementor-widget-candore-text-block\" data-id=\"8bd8aaa\" data-element_type=\"widget\" data-e-type=\"widget\" data-widget_type=\"candore-text-block.default\">\n\t\t\t\t<div class=\"elementor-widget-container\">\n\t\t\t\t\t\t\t<div class=\" text-left  candore-text-block\">\r\n\t\t<p>Ez a kiv\u00e9teles h\u00fasmin\u0151s\u00e9g az Angus marha term\u00e9szetes genetikai tulajdons\u00e1gainak \u00e9s a gondos, k\u00f6rnyezetbar\u00e1t tart\u00e1snak k\u00f6sz\u00f6nhet\u0151. Az \u00e1llatok szabadon \u00e9lhetnek a tiszta, friss leveg\u0151j\u0171 legel\u0151k\u00f6n, ahol elegend\u0151 mozg\u00e1slehet\u0151s\u00e9get kapnak, \u00e9s a legeg\u00e9szs\u00e9gesebb t\u00e1pl\u00e1l\u00e9kot fogyasztj\u00e1k. Ez a kiegyens\u00falyozott t\u00e1pl\u00e1lkoz\u00e1s biztos\u00edtja a h\u00fas optim\u00e1lis zs\u00edrosod\u00e1s\u00e1t, \u00e9s a k\u00edv\u00e1nt marbling, azaz m\u00e1rv\u00e1nyozotts\u00e1gi szintet.<\/p><p>A m\u00e1rv\u00e1nyozotts\u00e1gban rejl\u0151 k\u00fcl\u00f6nleges text\u00fara \u00e9s gazdag \u00edzvil\u00e1g azt jelenti, hogy a h\u00fas nemcsak \u00e9tkez\u00e9si \u00e9lm\u00e9nyt ny\u00fajt, hanem kiemelked\u0151 min\u0151s\u00e9get is k\u00e9pvisel, amely a modern h\u00fasipar egyik cs\u00facs\u00e1t jelenti.<\/p>\t\t<\/div>\r\n        \t\t\t\t<\/div>\n\t\t\t\t<\/div>\n\t\t\t\t\t<\/div>\n\t\t<\/div>\n\t\t\t\t\t<\/div>\n\t\t<\/section>\n\t\t\t\t<\/div>\n\t\t","protected":false},"excerpt":{"rendered":"<p>A Marble n\u00e9v, amely angolul m\u00e1rv\u00e1nyt jelent, arra k\u00f6telez benn\u00fcnket, hogy term\u00e9keink minden egyes darabj\u00e1ban a legmagasabb sz\u00ednvonalat k\u00e9pviselj\u00fck. Az Angus marhah\u00fas egyik legfontosabb jellemz\u0151je a m\u00e1rv\u00e1nyozotts\u00e1g, amely kiemelked\u0151 \u00edz\u00e9lm\u00e9nyt&#8230;<\/p>\n","protected":false},"author":1,"featured_media":0,"parent":0,"menu_order":0,"comment_status":"closed","ping_status":"closed","template":"","meta":{"_acf_changed":false,"footnotes":""},"class_list":["post-2714","page","type-page","status-publish","hentry"],"acf":[],"aioseo_notices":[],"jetpack_sharing_enabled":true,"_links":{"self":[{"href":"https:\/\/www.marbleangus.com\/hu\/wp-json\/wp\/v2\/pages\/2714","targetHints":{"allow":["GET"]}}],"collection":[{"href":"https:\/\/www.marbleangus.com\/hu\/wp-json\/wp\/v2\/pages"}],"about":[{"href":"https:\/\/www.marbleangus.com\/hu\/wp-json\/wp\/v2\/types\/page"}],"author":[{"embeddable":true,"href":"https:\/\/www.marbleangus.com\/hu\/wp-json\/wp\/v2\/users\/1"}],"replies":[{"embeddable":true,"href":"https:\/\/www.marbleangus.com\/hu\/wp-json\/wp\/v2\/comments?post=2714"}],"version-history":[{"count":0,"href":"https:\/\/www.marbleangus.com\/hu\/wp-json\/wp\/v2\/pages\/2714\/revisions"}],"wp:attachment":[{"href":"https:\/\/www.marbleangus.com\/hu\/wp-json\/wp\/v2\/media?parent=2714"}],"curies":[{"name":"wp","href":"https:\/\/api.w.org\/{rel}","templated":true}]}}