{"id":2829,"date":"2023-02-04T13:25:08","date_gmt":"2023-02-04T13:25:08","guid":{"rendered":"https:\/\/marble.prismasolutions.ro\/blog\/"},"modified":"2025-04-04T11:02:52","modified_gmt":"2025-04-04T11:02:52","slug":"blog","status":"publish","type":"page","link":"https:\/\/www.marbleangus.com\/hu\/blog\/","title":{"rendered":"Blog"},"content":{"rendered":"\t\t<div data-elementor-type=\"wp-page\" data-elementor-id=\"2829\" class=\"elementor elementor-2829 elementor-563\" data-elementor-post-type=\"page\">\n\t\t\t\t\t\t<section class=\"elementor-section elementor-top-section elementor-element elementor-element-90763f5 elementor-section-full_width elementor-section-height-default elementor-section-height-default\" data-id=\"90763f5\" data-element_type=\"section\" data-e-type=\"section\">\n\t\t\t\t\t\t<div class=\"elementor-container elementor-column-gap-no\">\n\t\t\t\t\t<div class=\"elementor-column elementor-col-100 elementor-top-column elementor-element elementor-element-328e4482\" data-id=\"328e4482\" data-element_type=\"column\" data-e-type=\"column\">\n\t\t\t<div class=\"elementor-widget-wrap elementor-element-populated\">\n\t\t\t\t\t\t<div class=\"elementor-element elementor-element-a612f2d elementor-widget elementor-widget-candore-banner-simple\" data-id=\"a612f2d\" data-element_type=\"widget\" data-e-type=\"widget\" data-widget_type=\"candore-banner-simple.default\">\n\t\t\t\t<div class=\"elementor-widget-container\">\n\t\t\t\t\t\t\t\n\t\t\n\t\t<div class=\"banner-header valign bg-img bg-img-d-s bg-fixed\" data-overlay-dark=\"6\" data-background=\"https:\/\/www.marbleangus.com\/wp-content\/uploads\/2025\/04\/DSF0901-1-scaled.jpg\">\n\t\t\t<div class=\"container\">\n\t\t\t\t<div class=\"row\">\n\t\t\t\t\t<div class=\"col-md-12 text-center caption mt-60\">\n\t\t\t\t\t\t\t\t\t\t\t\t\t<h5 class=\"cd-intro-title-h5\">FEDEZD FEL<\/h5 >\n\t\t\t\t\t\t\t\t\t\t\t\t<h1 class=\"cd-intro-title-h1\">\n\t\t\t\t\t\t\t\t\t\t\t\t\tH\u00edrek &amp; \u00e9rdekes \u00fajdons\u00e1gok\t\t\t\t\t\t\t\t\t\t\t\t\t\t\t\t\t\t\t<span>Marble Angus Blog<\/span>\n\t\t\t\t\t\t\t\t\t\t\t\t<\/h1>\n\t\t\t\t\t\t\t\t\t\t\t<\/div>\n\t\t\t\t<\/div>\n\t\t\t<\/div>\n        <\/div>\t\t\n\n        \t\t\t\t<\/div>\n\t\t\t\t<\/div>\n\t\t\t\t\t<\/div>\n\t\t<\/div>\n\t\t\t\t\t<\/div>\n\t\t<\/section>\n\t\t\t\t<section class=\"elementor-section elementor-top-section elementor-element elementor-element-9df72f6 elementor-section-boxed elementor-section-height-default elementor-section-height-default\" data-id=\"9df72f6\" data-element_type=\"section\" data-e-type=\"section\" data-settings=\"{&quot;background_background&quot;:&quot;classic&quot;}\">\n\t\t\t\t\t\t<div class=\"elementor-container elementor-column-gap-default\">\n\t\t\t\t\t<div class=\"elementor-column elementor-col-50 elementor-top-column elementor-element elementor-element-0f376d1\" data-id=\"0f376d1\" data-element_type=\"column\" data-e-type=\"column\">\n\t\t\t<div class=\"elementor-widget-wrap elementor-element-populated\">\n\t\t\t\t\t\t<div class=\"elementor-element elementor-element-478928d custom-blog-section elementor-widget elementor-widget-candore-blog-grid\" data-id=\"478928d\" data-element_type=\"widget\" data-e-type=\"widget\" data-widget_type=\"candore-blog-grid.default\">\n\t\t\t\t<div class=\"elementor-widget-container\">\n\t\t\t\t\t\t\t<div class=\"news\">\n\t\t\t<div class=\"row\">\n                \n                    \n\t\t\t\t\t\t                        <div class=\"mb-30 col-md-6\">\n                        <div class=\"item \">\n                            <div class=\"position-re o-hidden position-re-order\"> \n\t\t\t\t\t\t\t\t\t\t\t\t\t\t<div class=\"cd-pt-ab\">\n\t\t\t\t\t\t\t<img decoding=\"async\" src=\"https:\/\/www.marbleangus.com\/wp-content\/uploads\/2026\/04\/Marble-beef-food.png\" alt=\"Ny\u00edlt t\u0171z\u00f6n k\u00e9sz\u00fclt marhapofa vajas p\u00fcr\u00e9vel \u00e9s kakukkf\u00fcves gombaraguval\">\n\t\t\t\t\t\t\t<\/div>\n\t\t\t\t\t\t\t                                <div class=\"date\">\n                                    <a href=\"https:\/\/www.marbleangus.com\/hu\/nyilt-tuzon-keszult-marhapofa-vajas-purevel-es-kakukkfuves-gombaraguval\/\"> <span>\u00e1pr<\/span> <i>29<\/i> <\/a>\n                                <\/div>\n                            <\/div>\n\t\t\t\t\t\t\t                            <div class=\"con\"> \n\t\t\t\t\t\t\t\t\t\t\t\t\t\t\t\t<span class=\"category\">\n\t\t\t\t\t\t\t\t                                    <a href=\"https:\/\/www.marbleangus.com\/hu\/category\/uncategorized-hu\/\">Uncategorized @hu  <\/a>\n\t\t\t\t\t\t\t\t                                <\/span>\n\t\t\t\t\t\t\t\t                                <h5><a href=\"https:\/\/www.marbleangus.com\/hu\/nyilt-tuzon-keszult-marhapofa-vajas-purevel-es-kakukkfuves-gombaraguval\/\">Ny\u00edlt t\u0171z\u00f6n k\u00e9sz\u00fclt marhapofa vajas p\u00fcr\u00e9vel \u00e9s kakukkf\u00fcves gombaraguval<\/a><\/h5>\n                            <\/div>\n                        <\/div>\n                        <\/div>\n\t\t\t\t\t\t                        <div class=\"mb-30 col-md-6\">\n                        <div class=\"item \">\n                            <div class=\"position-re o-hidden position-re-order\"> \n\t\t\t\t\t\t\t\t\t\t\t\t\t\t<div class=\"cd-pt-ab\">\n\t\t\t\t\t\t\t<img decoding=\"async\" src=\"https:\/\/www.marbleangus.com\/wp-content\/uploads\/2025\/05\/Marvanyozottsag-Premium-hus.png\" alt=\"Marble x Taste of Transylvania &#8211; GIVEAWAY\">\n\t\t\t\t\t\t\t<\/div>\n\t\t\t\t\t\t\t                                <div class=\"date\">\n                                    <a href=\"https:\/\/www.marbleangus.com\/hu\/marble-x-taste-giveaway\/\"> <span>jan<\/span> <i>30<\/i> <\/a>\n                                <\/div>\n                            <\/div>\n\t\t\t\t\t\t\t                            <div class=\"con\"> \n\t\t\t\t\t\t\t\t\t\t\t\t\t\t\t\t<span class=\"category\">\n\t\t\t\t\t\t\t\t                                    <a href=\"https:\/\/www.marbleangus.com\/category\/marble\/\">Marble  <\/a>\n\t\t\t\t\t\t\t\t                                <\/span>\n\t\t\t\t\t\t\t\t                                <h5><a href=\"https:\/\/www.marbleangus.com\/hu\/marble-x-taste-giveaway\/\">Marble x Taste of Transylvania &#8211; GIVEAWAY<\/a><\/h5>\n                            <\/div>\n                        <\/div>\n                        <\/div>\n\t\t\t\t\t\t                        <div class=\"mb-30 col-md-6\">\n                        <div class=\"item \">\n                            <div class=\"position-re o-hidden position-re-order\"> \n\t\t\t\t\t\t\t\t\t\t\t\t\t\t<div class=\"cd-pt-ab\">\n\t\t\t\t\t\t\t<img decoding=\"async\" src=\"https:\/\/www.marbleangus.com\/wp-content\/uploads\/2026\/01\/Sous-vide-bbq-coaste-Marble-1.png\" alt=\"T\u0171z\u00f6n karamelliz\u00e1lt sous-vide marhaborda laposkeny\u00e9rrel\">\n\t\t\t\t\t\t\t<\/div>\n\t\t\t\t\t\t\t                                <div class=\"date\">\n                                    <a href=\"https:\/\/www.marbleangus.com\/hu\/tuzon-karamellizalt-sous-vide-marhaborda-laposkenyerrel\/\"> <span>jan<\/span> <i>23<\/i> <\/a>\n                                <\/div>\n                            <\/div>\n\t\t\t\t\t\t\t                            <div class=\"con\"> \n\t\t\t\t\t\t\t\t\t\t\t\t\t\t\t\t<span class=\"category\">\n\t\t\t\t\t\t\t\t                                    <a href=\"https:\/\/www.marbleangus.com\/hu\/category\/receptek\/\">Receptek  <\/a>\n\t\t\t\t\t\t\t\t                                <\/span>\n\t\t\t\t\t\t\t\t                                <h5><a href=\"https:\/\/www.marbleangus.com\/hu\/tuzon-karamellizalt-sous-vide-marhaborda-laposkenyerrel\/\">T\u0171z\u00f6n karamelliz\u00e1lt sous-vide marhaborda laposkeny\u00e9rrel<\/a><\/h5>\n                            <\/div>\n                        <\/div>\n                        <\/div>\n\t\t\t\t\t\t                        <div class=\"mb-30 col-md-6\">\n                        <div class=\"item \">\n                            <div class=\"position-re o-hidden position-re-order\"> \n\t\t\t\t\t\t\t\t\t\t\t\t\t\t<div class=\"cd-pt-ab\">\n\t\t\t\t\t\t\t<img decoding=\"async\" src=\"https:\/\/www.marbleangus.com\/wp-content\/uploads\/2026\/01\/Marble-outdoor-cooking.jpeg\" alt=\"Sandvi\u0219 cu rasol de vit\u0103\">\n\t\t\t\t\t\t\t<\/div>\n\t\t\t\t\t\t\t                                <div class=\"date\">\n                                    <a href=\"https:\/\/www.marbleangus.com\/hu\/sandvis-cu-rasol-de-vita\/\"> <span>jan<\/span> <i>15<\/i> <\/a>\n                                <\/div>\n                            <\/div>\n\t\t\t\t\t\t\t                            <div class=\"con\"> \n\t\t\t\t\t\t\t\t\t\t\t\t\t\t\t\t<span class=\"category\">\n\t\t\t\t\t\t\t\t                                    <a href=\"https:\/\/www.marbleangus.com\/category\/retete\/\">Re\u021bete  <\/a>\n\t\t\t\t\t\t\t\t                                <\/span>\n\t\t\t\t\t\t\t\t                                <h5><a href=\"https:\/\/www.marbleangus.com\/hu\/sandvis-cu-rasol-de-vita\/\">Sandvi\u0219 cu rasol de vit\u0103<\/a><\/h5>\n                            <\/div>\n                        <\/div>\n                        <\/div>\n\t\t\t\t\t\t                        <div class=\"mb-30 col-md-6\">\n                        <div class=\"item \">\n                            <div class=\"position-re o-hidden position-re-order\"> \n\t\t\t\t\t\t\t\t\t\t\t\t\t\t<div class=\"cd-pt-ab\">\n\t\t\t\t\t\t\t<img decoding=\"async\" src=\"https:\/\/www.marbleangus.com\/wp-content\/uploads\/2025\/12\/Sous-vide-marble.png\" alt=\"Cum prepari corect produsele sous-vide Marble\">\n\t\t\t\t\t\t\t<\/div>\n\t\t\t\t\t\t\t                                <div class=\"date\">\n                                    <a href=\"https:\/\/www.marbleangus.com\/hu\/cum-prepari-corect-produsele-sous-vide-marble\/\"> <span>dec<\/span> <i>05<\/i> <\/a>\n                                <\/div>\n                            <\/div>\n\t\t\t\t\t\t\t                            <div class=\"con\"> \n\t\t\t\t\t\t\t\t\t\t\t\t\t\t\t\t<span class=\"category\">\n\t\t\t\t\t\t\t\t                                    <a href=\"https:\/\/www.marbleangus.com\/category\/carne-de-vita-angus\/\">Carne de vit\u0103 Angus  <\/a>\n\t\t\t\t\t\t\t\t                                <\/span>\n\t\t\t\t\t\t\t\t                                <h5><a href=\"https:\/\/www.marbleangus.com\/hu\/cum-prepari-corect-produsele-sous-vide-marble\/\">Cum prepari corect produsele sous-vide Marble<\/a><\/h5>\n                            <\/div>\n                        <\/div>\n                        <\/div>\n\t\t\t\t\t\t                        <div class=\"mb-30 col-md-6\">\n                        <div class=\"item \">\n                            <div class=\"position-re o-hidden position-re-order\"> \n\t\t\t\t\t\t\t\t\t\t\t\t\t\t<div class=\"cd-pt-ab\">\n\t\t\t\t\t\t\t<img decoding=\"async\" src=\"https:\/\/www.marbleangus.com\/wp-content\/uploads\/2025\/09\/black-angus.jpg\" alt=\"A szarvasmarh\u00e1k m\u00e1rv\u00e1nyozotts\u00e1g\u00e1t befoly\u00e1sol\u00f3 t\u00e9nyez\u0151k\">\n\t\t\t\t\t\t\t<\/div>\n\t\t\t\t\t\t\t                                <div class=\"date\">\n                                    <a href=\"https:\/\/www.marbleangus.com\/hu\/a-szarvasmarhak-marvanyozottsagat-befolyasolo-tenyezok\/\"> <span>okt<\/span> <i>03<\/i> <\/a>\n                                <\/div>\n                            <\/div>\n\t\t\t\t\t\t\t                            <div class=\"con\"> \n\t\t\t\t\t\t\t\t\t\t\t\t\t\t\t\t<span class=\"category\">\n\t\t\t\t\t\t\t\t                                    <a href=\"https:\/\/www.marbleangus.com\/category\/angus-carne\/\">Angus Carne  <\/a>\n\t\t\t\t\t\t\t\t                                    <a href=\"https:\/\/www.marbleangus.com\/hu\/category\/minoseg\/\">Min\u0151s\u00e9g  <\/a>\n\t\t\t\t\t\t\t\t                                <\/span>\n\t\t\t\t\t\t\t\t                                <h5><a href=\"https:\/\/www.marbleangus.com\/hu\/a-szarvasmarhak-marvanyozottsagat-befolyasolo-tenyezok\/\">A szarvasmarh\u00e1k m\u00e1rv\u00e1nyozotts\u00e1g\u00e1t befoly\u00e1sol\u00f3 t\u00e9nyez\u0151k<\/a><\/h5>\n                            <\/div>\n                        <\/div>\n                        <\/div>\n\t\t\t\t\t\t            <\/div>\n\t\t<\/div>\n\t\t\n        \t\t\t\t<\/div>\n\t\t\t\t<\/div>\n\t\t\t\t\t<\/div>\n\t\t<\/div>\n\t\t\t\t<div class=\"elementor-column elementor-col-50 elementor-top-column elementor-element elementor-element-d3428ad light-sidebar\" data-id=\"d3428ad\" data-element_type=\"column\" data-e-type=\"column\">\n\t\t\t<div class=\"elementor-widget-wrap elementor-element-populated\">\n\t\t\t\t\t\t<div class=\"elementor-element elementor-element-58494d2 elementor-widget elementor-widget-sidebar\" data-id=\"58494d2\" data-element_type=\"widget\" data-e-type=\"widget\" data-widget_type=\"sidebar.default\">\n\t\t\t\t<div class=\"elementor-widget-container\">\n\t\t\t\t\t<div class=\"col-md-12\"><div id=\"search-5\" class=\"widget sidebar-widget widget_search\"><div class=\"widget-title\"><h6>Keres\u00e9s<\/h6><\/div><div class=\"search clear\"><form role=\"search\" method=\"get\" id=\"searchform\" class=\"searh-inner fl-wrap\" action=\"https:\/\/www.marbleangus.com\/hu\/\" ><div class=\"tt-form-btn-inside\">\r\n    <input type=\"text\"  name=\"s\" id=\"s\" class=\"tt-form-control\" placeholder=\"\u00cdrja be ide ...\" \/>\r\n   <button type=\"submit\"><i class=\"ti-search\" aria-hidden=\"true\"><\/i><\/button>\r\n    <\/div><\/form><\/div><\/div><\/div>\t\t<div class=\"col-md-12\"><div id=\"candore-recent-posts-1\" class=\"widget sidebar-widget candore_widget_recent_entries\">\t\t<div class=\"widget-title\"><h6>Legut\u00f3bbi bejegyz\u00e9sek<\/h6><\/div>\t\t\n\t\t\n                 \n\t\t<ul class=\"recent\">\n\t\t\t\t\t\t<li class=\"clearfix\">\n\t\t\t\t\t<div class=\"thum\"><a href=\"https:\/\/www.marbleangus.com\/hu\/nyilt-tuzon-keszult-marhapofa-vajas-purevel-es-kakukkfuves-gombaraguval\/\" title=\"Ny\u00edlt t\u0171z\u00f6n k\u00e9sz\u00fclt marhapofa vajas p\u00fcr\u00e9vel \u00e9s kakukkf\u00fcves gombaraguval\"><img decoding=\"async\" src=\"https:\/\/www.marbleangus.com\/wp-content\/uploads\/2026\/04\/Marble-beef-food-120x90.png\" alt=\"Ny\u00edlt t\u0171z\u00f6n k\u00e9sz\u00fclt marhapofa vajas p\u00fcr\u00e9vel \u00e9s kakukkf\u00fcves gombaraguval\"><\/a> <\/div>\n\t\t\t<a href=\"https:\/\/www.marbleangus.com\/hu\/nyilt-tuzon-keszult-marhapofa-vajas-purevel-es-kakukkfuves-gombaraguval\/\" class=\"wid-post-title\" title=\"Ny\u00edlt t\u0171z\u00f6n k\u00e9sz\u00fclt marhapofa vajas p\u00fcr\u00e9vel \u00e9s kakukkf\u00fcves gombaraguval\">Ny\u00edlt t\u0171z\u00f6n k\u00e9sz\u00fclt marhapofa vajas p\u00fcr\u00e9vel \u00e9s kakukkf\u00fcves gombaraguval<\/a>\n        <\/li>\n\t\t\t\t\n\t\t\t\t\t\t<li class=\"clearfix\">\n\t\t\t\t\t<div class=\"thum\"><a href=\"https:\/\/www.marbleangus.com\/hu\/marble-x-taste-giveaway\/\" title=\"Marble x Taste of Transylvania &#8211; GIVEAWAY\"><img decoding=\"async\" src=\"https:\/\/www.marbleangus.com\/wp-content\/uploads\/2025\/05\/Marvanyozottsag-Premium-hus.png\" alt=\"Marble x Taste of Transylvania &#8211; GIVEAWAY\"><\/a> <\/div>\n\t\t\t<a href=\"https:\/\/www.marbleangus.com\/hu\/marble-x-taste-giveaway\/\" class=\"wid-post-title\" title=\"Marble x Taste of Transylvania &#8211; GIVEAWAY\">Marble x Taste of Transylvania &#8211; GIVEAWAY<\/a>\n        <\/li>\n\t\t\t\t\n\t\t\t\t\t\t<li class=\"clearfix\">\n\t\t\t\t\t<div class=\"thum\"><a href=\"https:\/\/www.marbleangus.com\/hu\/tuzon-karamellizalt-sous-vide-marhaborda-laposkenyerrel\/\" title=\"T\u0171z\u00f6n karamelliz\u00e1lt sous-vide marhaborda laposkeny\u00e9rrel\"><img decoding=\"async\" src=\"https:\/\/www.marbleangus.com\/wp-content\/uploads\/2026\/01\/Sous-vide-bbq-coaste-Marble-1-120x90.png\" alt=\"T\u0171z\u00f6n karamelliz\u00e1lt sous-vide marhaborda laposkeny\u00e9rrel\"><\/a> <\/div>\n\t\t\t<a href=\"https:\/\/www.marbleangus.com\/hu\/tuzon-karamellizalt-sous-vide-marhaborda-laposkenyerrel\/\" class=\"wid-post-title\" title=\"T\u0171z\u00f6n karamelliz\u00e1lt sous-vide marhaborda laposkeny\u00e9rrel\">T\u0171z\u00f6n karamelliz\u00e1lt sous-vide marhaborda laposkeny\u00e9rrel<\/a>\n        <\/li>\n\t\t\t\t\n\t\t\t\n    <\/ul>\n\t\n\t\t<\/div><\/div><div class=\"col-md-12\"><div id=\"categories-2\" class=\"widget sidebar-widget widget_categories\"><div class=\"widget-title\"><h6>Kateg\u00f3ri\u00e1k<\/h6><\/div>\n\t\t\t<ul>\n\t\t\t\t\t<li class=\"cat-item cat-item-125\"><a href=\"https:\/\/www.marbleangus.com\/hu\/category\/angus-hu\/\">Angus<\/a> (1)\n<\/li>\n\t<li class=\"cat-item cat-item-570\"><a href=\"https:\/\/www.marbleangus.com\/hu\/category\/angus-beef-hu\/\">Angus Beef<\/a> (3)\n<\/li>\n\t<li class=\"cat-item cat-item-568\"><a href=\"https:\/\/www.marbleangus.com\/hu\/category\/angus-hus\/\">Angus H\u00fas<\/a> (6)\n<\/li>\n\t<li class=\"cat-item cat-item-116\"><a href=\"https:\/\/www.marbleangus.com\/hu\/category\/kulinaris\/\">Kulin\u00e1ris<\/a> (2)\n<\/li>\n\t<li class=\"cat-item cat-item-80\"><a href=\"https:\/\/www.marbleangus.com\/hu\/category\/minoseg\/\">Min\u0151s\u00e9g<\/a> (1)\n<\/li>\n\t<li class=\"cat-item cat-item-123\"><a href=\"https:\/\/www.marbleangus.com\/hu\/category\/receptek\/\">Receptek<\/a> (5)\n<\/li>\n\t<li class=\"cat-item cat-item-70\"><a href=\"https:\/\/www.marbleangus.com\/hu\/category\/uncategorized-hu\/\">Uncategorized @hu<\/a> (1)\n<\/li>\n\t\t\t<\/ul>\n\n\t\t\t<\/div><\/div>\t\t\t\t<\/div>\n\t\t\t\t<\/div>\n\t\t\t\t\t<\/div>\n\t\t<\/div>\n\t\t\t\t\t<\/div>\n\t\t<\/section>\n\t\t\t\t<section class=\"elementor-section elementor-top-section elementor-element elementor-element-0cb2c43 elementor-section-boxed elementor-section-height-default elementor-section-height-default\" data-id=\"0cb2c43\" data-element_type=\"section\" data-e-type=\"section\" data-settings=\"{&quot;background_background&quot;:&quot;classic&quot;}\">\n\t\t\t\t\t\t<div class=\"elementor-container elementor-column-gap-default\">\n\t\t\t\t\t<div class=\"elementor-column elementor-col-50 elementor-top-column elementor-element elementor-element-62cb219\" data-id=\"62cb219\" data-element_type=\"column\" data-e-type=\"column\">\n\t\t\t<div class=\"elementor-widget-wrap elementor-element-populated\">\n\t\t\t\t\t\t<div class=\"elementor-element elementor-element-50e1be7 elementor-widget elementor-widget-image\" data-id=\"50e1be7\" data-element_type=\"widget\" data-e-type=\"widget\" data-widget_type=\"image.default\">\n\t\t\t\t<div class=\"elementor-widget-container\">\n\t\t\t\t\t\t\t\t\t\t\t\t\t\t\t<img fetchpriority=\"high\" decoding=\"async\" width=\"900\" height=\"388\" src=\"https:\/\/www.marbleangus.com\/wp-content\/uploads\/2024\/11\/CC-Marble-logo-RGB-white-1-1024x442.png\" class=\"attachment-large size-large wp-image-2529\" alt=\"\" srcset=\"https:\/\/www.marbleangus.com\/wp-content\/uploads\/2024\/11\/CC-Marble-logo-RGB-white-1-1024x442.png 1024w, https:\/\/www.marbleangus.com\/wp-content\/uploads\/2024\/11\/CC-Marble-logo-RGB-white-1-600x259.png 600w, https:\/\/www.marbleangus.com\/wp-content\/uploads\/2024\/11\/CC-Marble-logo-RGB-white-1-300x130.png 300w, https:\/\/www.marbleangus.com\/wp-content\/uploads\/2024\/11\/CC-Marble-logo-RGB-white-1-768x332.png 768w, https:\/\/www.marbleangus.com\/wp-content\/uploads\/2024\/11\/CC-Marble-logo-RGB-white-1-1536x663.png 1536w, https:\/\/www.marbleangus.com\/wp-content\/uploads\/2024\/11\/CC-Marble-logo-RGB-white-1-2048x885.png 2048w\" sizes=\"(max-width: 900px) 100vw, 900px\" \/>\t\t\t\t\t\t\t\t\t\t\t\t\t\t\t<\/div>\n\t\t\t\t<\/div>\n\t\t\t\t\t<\/div>\n\t\t<\/div>\n\t\t\t\t<div class=\"elementor-column elementor-col-50 elementor-top-column elementor-element elementor-element-3765880\" data-id=\"3765880\" data-element_type=\"column\" data-e-type=\"column\">\n\t\t\t<div class=\"elementor-widget-wrap\">\n\t\t\t\t\t\t\t<\/div>\n\t\t<\/div>\n\t\t\t\t\t<\/div>\n\t\t<\/section>\n\t\t\t\t<\/div>\n\t\t","protected":false},"excerpt":{"rendered":"<p>FEDEZD FEL H\u00edrek &amp; \u00e9rdekes \u00fajdons\u00e1gok Marble Angus Blog feb. 18 Angus De ce este special\u0103 carnea de Angus? nov. 11 buc\u0103t\u0103riile Carne Angus \u00een buc\u0103t\u0103riile lumii: Curry cu carne&#8230;<\/p>\n","protected":false},"author":1,"featured_media":0,"parent":0,"menu_order":0,"comment_status":"closed","ping_status":"closed","template":"","meta":{"_acf_changed":false,"footnotes":""},"class_list":["post-2829","page","type-page","status-publish","hentry"],"acf":[],"aioseo_notices":[],"jetpack_sharing_enabled":true,"_links":{"self":[{"href":"https:\/\/www.marbleangus.com\/hu\/wp-json\/wp\/v2\/pages\/2829","targetHints":{"allow":["GET"]}}],"collection":[{"href":"https:\/\/www.marbleangus.com\/hu\/wp-json\/wp\/v2\/pages"}],"about":[{"href":"https:\/\/www.marbleangus.com\/hu\/wp-json\/wp\/v2\/types\/page"}],"author":[{"embeddable":true,"href":"https:\/\/www.marbleangus.com\/hu\/wp-json\/wp\/v2\/users\/1"}],"replies":[{"embeddable":true,"href":"https:\/\/www.marbleangus.com\/hu\/wp-json\/wp\/v2\/comments?post=2829"}],"version-history":[{"count":0,"href":"https:\/\/www.marbleangus.com\/hu\/wp-json\/wp\/v2\/pages\/2829\/revisions"}],"wp:attachment":[{"href":"https:\/\/www.marbleangus.com\/hu\/wp-json\/wp\/v2\/media?parent=2829"}],"curies":[{"name":"wp","href":"https:\/\/api.w.org\/{rel}","templated":true}]}}