{"id":3569,"date":"2023-01-22T14:58:07","date_gmt":"2023-01-22T14:58:07","guid":{"rendered":"https:\/\/marble.prismasolutions.ro\/?page_id=3569"},"modified":"2025-01-15T10:54:55","modified_gmt":"2025-01-15T10:54:55","slug":"cookie-politika","status":"publish","type":"page","link":"https:\/\/www.marbleangus.com\/hu\/cookie-politika\/","title":{"rendered":"COOKIE POLITIKA"},"content":{"rendered":"<p>A <a href=\"http:\/\/www.marbleangus.com\/hu\">www.marbleangus.com<\/a> webhely cookie-kat haszn\u00e1l.<\/p>\n<ol>\n<li><strong> MI AZ A \u201e<\/strong><strong>COOKIE\u201d?<\/strong><\/li>\n<\/ol>\n<p>&nbsp;<\/p>\n<p>A \u201ecookie\u201d egy kism\u00e9ret\u0171 sz\u00f6veges f\u00e1jl, amely bet\u0171kb\u0151l \u00e9s sz\u00e1mokb\u00f3l \u00e1ll, \u00e9s amely az \u00d6n sz\u00e1m\u00edt\u00f3g\u00e9p\u00e9n vagy azon eszk\u00f6z\u00e9n t\u00e1rol\u00f3dik, amelyr\u0151l hozz\u00e1f\u00e9r az internethez.<\/p>\n<ul>\nAz <\/p>\n<li><strong>eredeti cookie-kat<\/strong> az \u00d6n \u00e1ltal megl\u00e1togatott webhely telep\u00edti. Ezeket csak az adott webhely tudja elolvasni. A webhelyek n\u00e9ha olyan k\u00fcls\u0151 szolg\u00e1ltat\u00e1sokat haszn\u00e1lnak, amelyek saj\u00e1t cookie-kat helyeznek el \u2013 ezek <strong>harmadik f\u00e9lt\u0151l sz\u00e1rmaz\u00f3 cookie-k<\/strong>.<\/li>\n<p>Az <\/p>\n<li><strong>\u00e1lland\u00f3 cookie-k<\/strong> a sz\u00e1m\u00edt\u00f3g\u00e9p\u00e9re mentett cookie-k, amelyek a <strong>munkamenet cookie-kkal<\/strong> ellent\u00e9tben nem t\u00f6rl\u0151dnek automatikusan, amikor bez\u00e1rja a b\u00f6ng\u00e9sz\u0151t.<\/li>\n<\/ul>\n<p>&nbsp;<\/p>\n<p>A cookie k\u00e9t r\u00e9szb\u0151l \u00e1ll: a nev\u00e9b\u0151l \u00e9s a cookie tartalm\u00e1b\u00f3l vagy \u00e9rt\u00e9k\u00e9b\u0151l. Ezenk\u00edv\u00fcl meghat\u00e1rozz\u00e1k a cookie-k l\u00e9tez\u00e9s\u00e9nek id\u0151tartam\u00e1t; technikailag csak a cookie-t k\u00fcld\u0151 webszerver f\u00e9rhet hozz\u00e1 ism\u00e9t, amikor a felhaszn\u00e1l\u00f3 visszat\u00e9r az adott webszerverhez t\u00e1rs\u00edtott webhelyre.<\/p>\n<p>&nbsp;<\/p>\n<p>&nbsp;<\/p>\n<ol>\n<li><strong> HOGYAN HASZN\u00c1LJUK A S\u00dcTIKET?<\/strong><\/li>\n<\/ol>\n<p>&nbsp;<\/p>\n<p>Az <strong><em>Minden enged\u00e9lyez\u00e9se<\/em><\/strong> gomb bejel\u00f6l\u00e9s\u00e9vel kifejezett beleegyez\u00e9s lehet\u0151v\u00e9 teszi minden t\u00edpus\u00fa cookie telep\u00edt\u00e9s\u00e9t az \u00d6n eszk\u00f6z\u00e9n.<\/p>\n<p>A <strong><em>Kiv\u00e1laszt\u00e1saim meger\u0151s\u00edt\u00e9se<\/em><\/strong> gomb bejel\u00f6l\u00e9s\u00e9vel kifejezett beleegyez\u00e9s lehet\u0151v\u00e9 teszi az \u00d6n \u00e1ltal kiv\u00e1lasztott t\u00edpus\u00fa cookie-k telep\u00edt\u00e9s\u00e9t az eszk\u00f6z\u00e9re.<\/p>\n<p>A cookie-k haszn\u00e1lata els\u0151sorban a k\u00f6vetkez\u0151kre szolg\u00e1l:<\/p>\n<p>\u2013 A webhely jobb m\u0171k\u00f6d\u00e9s\u00e9nek biztos\u00edt\u00e1sa;<\/p>\n<p>&#8211; A tartalom helyes megjelen\u00edt\u00e9se;<\/p>\n<p>&#8211; A kezel\u0151fel\u00fclet testreszab\u00e1sa, a webhely biztons\u00e1g\u00e1nak biztos\u00edt\u00e1sa a csal\u00e1s \u00e9s a jogellenes haszn\u00e1lat ellen;<\/p>\n<p>&#8211; Statisztik\u00e1k k\u00e9sz\u00edt\u00e9se, hogy megismerj\u00fck a felhaszn\u00e1l\u00f3k reakci\u00f3it a webhely tartalm\u00e1val kapcsolatban;<\/p>\n<p>\u2013 A felhaszn\u00e1l\u00f3 preferenci\u00e1ihoz igaz\u00edtott hirdet\u00e9sek \u00e9s tartalom.<\/p>\n<p>&#8211; Bizonyos hirdet\u00e9sek megjelen\u00edt\u00e9s\u00e9nek korl\u00e1toz\u00e1sa a webhelyen egy adott felhaszn\u00e1l\u00f3 sz\u00e1m\u00e1ra;<\/p>\n<p>\u2013 A felhaszn\u00e1l\u00f3k \u00e1ltal l\u00e9trehozott be\u00e1ll\u00edt\u00e1sok adapt\u00e1l\u00e1sa \u00e9s szem\u00e9lyre szab\u00e1sa;<\/p>\n<p>&#8211; Elemz\u00e9s \u2013 seg\u00edt meg\u00e9rteni, hogyan l\u00e9pnek kapcsolatba a felhaszn\u00e1l\u00f3k webhely\u00fcnkkel.<\/p>\n<p>\u2013 Az elemz\u00e9si funkci\u00f3k m\u00e9r\u00e9se, optimaliz\u00e1l\u00e1sa \u00e9s adapt\u00e1l\u00e1sa \u2013 p\u00e9ld\u00e1ul a webhely bizonyos szint\u0171 forgalm\u00e1nak meger\u0151s\u00edt\u00e9se, a tartalom megtekint\u00e9s\u00e9nek t\u00edpusa \u00e9s a felhaszn\u00e1l\u00f3 hogyan jut el egy webhelyre (p\u00e9ld\u00e1ul keres\u0151motorokon kereszt\u00fcl, k\u00f6zvetlen\u00fcl, m\u00e1s webhelyekr\u0151l stb. .).<\/p>\n<p>A cookie-k kellemes b\u00f6ng\u00e9sz\u00e9si \u00e9lm\u00e9nyt biztos\u00edtanak a felhaszn\u00e1l\u00f3knak, \u00e9s t\u00e1mogatj\u00e1k a felhaszn\u00e1l\u00f3bar\u00e1tabb szolg\u00e1ltat\u00e1sok ny\u00fajt\u00e1s\u00e1ra ir\u00e1nyul\u00f3 er\u0151fesz\u00edt\u00e9seinket. Ezeket a modulokat anonim statisztik\u00e1k k\u00e9sz\u00edt\u00e9s\u00e9re is haszn\u00e1lj\u00e1k, amelyek seg\u00edtenek meg\u00e9rteni, hogy a felhaszn\u00e1l\u00f3k milyen el\u0151ny\u00f6kkel j\u00e1rnak webhelyeinkb\u0151l, lehet\u0151v\u00e9 t\u00e9ve sz\u00e1munkra, hogy jav\u00edtsuk azok szerkezet\u00e9t \u00e9s tartalm\u00e1t an\u00e9lk\u00fcl, hogy lehet\u0151v\u00e9 tenn\u00e9k a felhaszn\u00e1l\u00f3 szem\u00e9lyes azonos\u00edt\u00e1s\u00e1t.<\/p>\n<p>Att\u00f3l f\u00fcgg\u0151en, hogy \u00d6n hogyan adja beleegyez\u00e9s\u00e9t, az SC Remete Analytica Laboratories SRL a k\u00f6vetkez\u0151 inform\u00e1ci\u00f3kat kaphatja:<\/p>\n<ul>\n<li>Hozz\u00e1f\u00e9r\u00e9s a webhelyhez \u00e9s a megtekintett tartalomhoz<\/li>\n<li>A webhely haszn\u00e1lat\u00e1val kapcsolatos statisztikai inform\u00e1ci\u00f3k.<\/li>\n<li>Prefer\u00e1lt webform\u00e1tum a mobileszk\u00f6z\u00f6k\u00f6n val\u00f3 el\u00e9r\u00e9shez.<\/li>\n<li>Az internetes szolg\u00e1ltat\u00e1sokb\u00f3l v\u00e9gzett legut\u00f3bbi keres\u00e9sek, valamint e szolg\u00e1ltat\u00e1sok szem\u00e9lyre szabott adatai.<\/li>\n<li>Term\u00e9kekkel kapcsolatos potenci\u00e1lis \u00e9rdekl\u0151d\u00e9si k\u00f6r\u00f6k.<\/li>\n<li>B\u00f6ng\u00e9sz\u00e9si viselked\u00e9s.<\/li>\n<\/ul>\n<p>&nbsp;<\/p>\n<p>&nbsp;<\/p>\n<p><strong>III. A HASZN\u00c1LT S\u00dcTI T\u00cdPUSAI <\/strong><\/p>\n<p>&nbsp;<\/p>\n<p>A weboldalunkon tett l\u00e1togat\u00e1sa sor\u00e1n a k\u00f6vetkez\u0151 t\u00edpus\u00fa cookie-k t\u00e1rol\u00f3dnak az \u00d6n eszk\u00f6z\u00e9n:<\/p>\n<ul>\n<li><strong>Szigor\u00faan sz\u00fcks\u00e9ges cookie-k<\/strong><\/li>\n<\/ul>\n<p>Ezek a cookie-k sz\u00fcks\u00e9gesek a webhely megfelel\u0151 m\u0171k\u00f6d\u00e9s\u00e9hez. \u00c1ltal\u00e1ban \u00fagy vannak be\u00e1ll\u00edtva, hogy reag\u00e1ljanak az \u00d6n \u00e1ltal a szolg\u00e1ltat\u00e1sok ig\u00e9nybev\u00e9tele \u00e9rdek\u00e9ben v\u00e9gzett m\u0171veletekre, p\u00e9ld\u00e1ul adatv\u00e9delmi be\u00e1ll\u00edt\u00e1sok megad\u00e1s\u00e1ra, a webhelyre val\u00f3 bejelentkez\u00e9sre vagy \u0171rlapok kit\u00f6lt\u00e9s\u00e9re.<\/p>\n<p>Felsorol\u00e1suk \u00e9s bemutat\u00e1suk (t\u00e1bl\u00e1zat).<\/p>\n<ul>\n<li><strong>Teljes\u00edtm\u00e9ny- \u00e9s elemz\u00e9si cookie-k<\/strong><\/li>\n<\/ul>\n<p>Ezek a cookie-k lehet\u0151v\u00e9 teszik sz\u00e1munkra, hogy felismerj\u00fck \u00e9s sz\u00e1moljuk a l\u00e1togat\u00e1sokat \u00e9s a forgalmi forr\u00e1sokat. Az ezen s\u00fctik \u00e1ltal gy\u0171jt\u00f6tt inform\u00e1ci\u00f3k n\u00e9vtelenek. Ha nem enged\u00e9lyezi ezeket a s\u00fctiket, nem fogjuk tudni, hogy mikor l\u00e1togatta meg oldalunkat, \u00e9s nem tudjuk nyomon k\u00f6vetni a teljes\u00edtm\u00e9ny\u00e9t.<\/p>\n<p>Ezek list\u00e1ja \u00e9s bemutat\u00e1sa (t\u00e1bl\u00e1zat).<\/p>\n<ul>\n<li><strong>Munkamenet cookie-k<\/strong><\/li>\n<\/ul>\n<p>A b\u00f6ng\u00e9sz\u00e9si munkamenet sor\u00e1n a felhaszn\u00e1l\u00f3 eszk\u00f6z\u00e9n t\u00e1rol\u00f3dnak. N\u00e9vtelen munkamenet-azonos\u00edt\u00f3t t\u00e1rolnak, amely lehet\u0151v\u00e9 teszi a felhaszn\u00e1l\u00f3 sz\u00e1m\u00e1ra, hogy felkeressen egy webhelyet an\u00e9lk\u00fcl, hogy minden oldalon azonos\u00edt\u00f3 adatokat (felhaszn\u00e1l\u00f3n\u00e9v, jelsz\u00f3 stb.) kellene megadnia.<\/p>\n<p>Ezek list\u00e1ja \u00e9s bemutat\u00e1sa (t\u00e1bl\u00e1zat).<\/p>\n<ul>\n<li><strong>Marketing cookie-k<\/strong><\/li>\n<\/ul>\n<p>A felhaszn\u00e1l\u00f3k b\u00f6ng\u00e9sz\u00e9si preferenci\u00e1inak t\u00e1rol\u00e1s\u00e1ra szolg\u00e1lnak, \u00e9s a felhaszn\u00e1l\u00f3k \u00e9rdekl\u0151d\u00e9si k\u00f6re alapj\u00e1n profilt hozhatnak l\u00e9tre. K\u00f6zvetlen\u00fcl nem t\u00e1rolnak szem\u00e9lyes adatokat, \u00e9s az oldal el\u00e9r\u00e9s\u00e9hez haszn\u00e1lt b\u00f6ng\u00e9sz\u0151 \u00e9s eszk\u00f6z egyedi azonos\u00edt\u00e1s\u00e1n alapulnak. Ha nem enged\u00e9lyezi ezeknek a s\u00fctiknek az elhelyez\u00e9s\u00e9t, az nem jelenti azt, hogy nem kap hirdet\u00e9seket, de azt jelenti, hogy kev\u00e9sb\u00e9 lesznek szem\u00e9lyre szabottak az \u00d6n sz\u00e1m\u00e1ra megjelen\u0151 hirdet\u00e9sek.<\/p>\n<p>Felsorol\u00e1suk \u00e9s bemutat\u00e1suk (t\u00e1bl\u00e1zat).<\/p>\n<ul>\n<li><strong>Besorolatlan cookie-k<\/strong><\/li>\n<\/ul>\n<p>A besorolatlan cookie-k olyan cookie-k, amelyek besorol\u00e1s alatt \u00e1llnak, az egyes cookie-szolg\u00e1ltat\u00f3kkal egy\u00fctt.<\/p>\n<p>Felsorol\u00e1suk \u00e9s bemutat\u00e1suk (t\u00e1bl\u00e1zat).<\/p>\n<p>&nbsp;<\/p>\n<ol>\n<li><strong> COOKI-EK LETILT\u00c1SA\/ENGED\u00c9LYEZ\u00c9SE<\/strong><\/li>\n<\/ol>\n<p>A cookie-k letilt\u00e1sa \u00e9s\/vagy elfogad\u00e1s\u00e1nak megtagad\u00e1sa bizonyos webhelyeket c\u00e9lszer\u0171tlenn\u00e9 vagy nehezen l\u00e1togathat\u00f3v\u00e1 \u00e9s nehezen haszn\u00e1lhat\u00f3v\u00e1 tehet. Ezenk\u00edv\u00fcl a cookie-k elfogad\u00e1s\u00e1nak megtagad\u00e1sa nem jelenti azt, hogy nem kap, l\u00e1sd az online hirdet\u00e9seket.<\/p>\n<p>&nbsp;<\/p>\n<p>A cookie-k telep\u00edt\u00e9se csak az \u00d6n el\u0151zetes hozz\u00e1j\u00e1rul\u00e1s\u00e1val t\u00f6rt\u00e9nik. Emiatt, amikor el\u0151sz\u00f6r l\u00e9p fel oldalunkra, egy speci\u00e1lis banner jelenik meg, amely t\u00e1j\u00e9koztatja \u00d6nt, hogy az oldal cookie-kat haszn\u00e1l, \u00e9s lehet\u0151s\u00e9get ad arra, hogy kifejezze v\u00e1laszt\u00e1s\u00e1t a b\u00f6ng\u00e9sz\u00e9sre haszn\u00e1lt eszk\u00f6zre telep\u00edthet\u0151 s\u00fctik kateg\u00f3ri\u00e1ival kapcsolatban. oldalunkon (kiv\u00e9ve a sz\u00fcks\u00e9geseket, amelyek automatikusan telep\u00edt\u00e9sre ker\u00fclnek).<\/p>\n<p>Miut\u00e1n megadta a lehet\u0151s\u00e9get, a cookie-szalaghirdet\u00e9s elt\u0171nik. <strong>NEM SZ\u00dcKS\u00c9GES, VAGY SZ\u00dcKS\u00c9GES<\/strong> hozz\u00e1j\u00e1rulni a cookie-k haszn\u00e1lat\u00e1hoz minden alkalommal, amikor bel\u00e9p a webhelyre. Az els\u0151 hozz\u00e1f\u00e9r\u00e9skor biztos\u00edtott meg\u00e1llapod\u00e1s megmarad, \u00e9s <strong>M\u00c1R NEM LESZ VAGY NEM LESZ<\/strong> megjelenik a webhely j\u00f6v\u0151beli el\u00e9r\u00e9sekor.<\/p>\n<p>&nbsp;<\/p>\n<p>Lehet\u0151s\u00e9ge van megtagadni vagy korl\u00e1tozni ezeknek a cookie-knak a haszn\u00e1lat\u00e1t, valamint b\u00e1rmikor visszat\u00e9rni a cookie-be\u00e1ll\u00edt\u00e1sokhoz<\/p>\n","protected":false},"excerpt":{"rendered":"<p>A www.marbleangus.com webhely cookie-kat haszn\u00e1l. MI AZ A \u201eCOOKIE\u201d? &nbsp; A \u201ecookie\u201d egy kism\u00e9ret\u0171 sz\u00f6veges f\u00e1jl, amely bet\u0171kb\u0151l \u00e9s sz\u00e1mokb\u00f3l \u00e1ll, \u00e9s amely az \u00d6n sz\u00e1m\u00edt\u00f3g\u00e9p\u00e9n vagy azon eszk\u00f6z\u00e9n t\u00e1rol\u00f3dik,&#8230;<\/p>\n","protected":false},"author":1,"featured_media":0,"parent":0,"menu_order":0,"comment_status":"closed","ping_status":"closed","template":"","meta":{"_acf_changed":false,"footnotes":""},"class_list":["post-3569","page","type-page","status-publish","hentry"],"acf":[],"aioseo_notices":[],"jetpack_sharing_enabled":true,"_links":{"self":[{"href":"https:\/\/www.marbleangus.com\/hu\/wp-json\/wp\/v2\/pages\/3569","targetHints":{"allow":["GET"]}}],"collection":[{"href":"https:\/\/www.marbleangus.com\/hu\/wp-json\/wp\/v2\/pages"}],"about":[{"href":"https:\/\/www.marbleangus.com\/hu\/wp-json\/wp\/v2\/types\/page"}],"author":[{"embeddable":true,"href":"https:\/\/www.marbleangus.com\/hu\/wp-json\/wp\/v2\/users\/1"}],"replies":[{"embeddable":true,"href":"https:\/\/www.marbleangus.com\/hu\/wp-json\/wp\/v2\/comments?post=3569"}],"version-history":[{"count":0,"href":"https:\/\/www.marbleangus.com\/hu\/wp-json\/wp\/v2\/pages\/3569\/revisions"}],"wp:attachment":[{"href":"https:\/\/www.marbleangus.com\/hu\/wp-json\/wp\/v2\/media?parent=3569"}],"curies":[{"name":"wp","href":"https:\/\/api.w.org\/{rel}","templated":true}]}}