{"id":10868,"date":"2025-04-08T10:00:15","date_gmt":"2025-04-08T10:00:15","guid":{"rendered":"https:\/\/www.marbleangus.com\/product\/7-bone-steak\/"},"modified":"2025-04-24T09:45:41","modified_gmt":"2025-04-24T09:45:41","slug":"7-bone-steak","status":"publish","type":"product","link":"https:\/\/www.marbleangus.com\/hu\/termek\/7-bone-steak\/","title":{"rendered":"7 Bone Steak"},"content":{"rendered":"<p>A 7 Bone Steak a lapock\u00e1b\u00f3l, a borda fels\u0151 r\u00e9sz\u00e9r\u0151l sz\u00e1rmazik. Ez a steak a \u201e7 Bone\u201d nevet a csont jellegzetes, \u201e7\u201d-es alakja miatt kapta, ami egyedi megjelen\u00e9st k\u00f6lcs\u00f6n\u00f6z a h\u00fasnak. A darab t\u00f6bb, s\u0171r\u0171bb izomcsoportot tartalmaz, kev\u00e9s intramuszkul\u00e1ris zs\u00edrral.<\/p>\n","protected":false},"excerpt":{"rendered":"<p>A 7 Bone Steak a lapock\u00e1b\u00f3l, a borda fels\u0151 r\u00e9sz\u00e9r\u0151l sz\u00e1rmazik. Ez a steak a \u201e7 Bone\u201d nevet a csont jellegzetes, \u201e7\u201d-es alakja miatt kapta, ami egyedi megjelen\u00e9st k\u00f6lcs\u00f6n\u00f6z a h\u00fasnak. A darab t\u00f6bb, s\u0171r\u0171bb izomcsoportot tartalmaz, kev\u00e9s intramuszkul\u00e1ris zs\u00edrral.<\/p>\n","protected":false},"featured_media":14432,"template":"","meta":{"_acf_changed":false},"product_brand":[],"product_cat":[509],"product_tag":[510],"class_list":{"0":"post-10868","1":"product","2":"type-product","3":"status-publish","4":"has-post-thumbnail","6":"product_cat-tarja","7":"product_tag-premium-steakek","8":"pa_tip-erleles-nelkul","9":"pa_tip-nedvesen-erlelt-hu","10":"pa_tip-szarazon-erlelt-hu","11":"pa_tipus-erleles-nelkul","12":"pa_tipus-nedvesen-erlelt-hu","13":"pa_tipus-szarazon-erlelt-hu","15":"first","16":"instock","17":"sale","18":"purchasable","19":"product-type-variable"},"acf":[],"aioseo_notices":[],"jetpack_sharing_enabled":true,"_links":{"self":[{"href":"https:\/\/www.marbleangus.com\/hu\/wp-json\/wp\/v2\/product\/10868","targetHints":{"allow":["GET"]}}],"collection":[{"href":"https:\/\/www.marbleangus.com\/hu\/wp-json\/wp\/v2\/product"}],"about":[{"href":"https:\/\/www.marbleangus.com\/hu\/wp-json\/wp\/v2\/types\/product"}],"wp:featuredmedia":[{"embeddable":true,"href":"https:\/\/www.marbleangus.com\/hu\/wp-json\/wp\/v2\/media\/14432"}],"wp:attachment":[{"href":"https:\/\/www.marbleangus.com\/hu\/wp-json\/wp\/v2\/media?parent=10868"}],"wp:term":[{"taxonomy":"product_brand","embeddable":true,"href":"https:\/\/www.marbleangus.com\/hu\/wp-json\/wp\/v2\/product_brand?post=10868"},{"taxonomy":"product_cat","embeddable":true,"href":"https:\/\/www.marbleangus.com\/hu\/wp-json\/wp\/v2\/product_cat?post=10868"},{"taxonomy":"product_tag","embeddable":true,"href":"https:\/\/www.marbleangus.com\/hu\/wp-json\/wp\/v2\/product_tag?post=10868"}],"curies":[{"name":"wp","href":"https:\/\/api.w.org\/{rel}","templated":true}]}}