{"id":10872,"date":"2025-04-08T10:00:15","date_gmt":"2025-04-08T10:00:15","guid":{"rendered":"https:\/\/www.marbleangus.com\/product\/cowboy-steak\/"},"modified":"2025-04-24T09:45:44","modified_gmt":"2025-04-24T09:45:44","slug":"cowboy-steak","status":"publish","type":"product","link":"https:\/\/www.marbleangus.com\/hu\/termek\/cowboy-steak\/","title":{"rendered":"Cowboy Steak"},"content":{"rendered":"<p>A Cowboy Steak egy igaz\u00e1n k\u00fcl\u00f6nleges v\u00e1laszt\u00e1s a h\u00fasim\u00e1d\u00f3k sz\u00e1m\u00e1ra, akik nemcsak a steak l\u00e1tv\u00e1ny\u00e1t, hanem annak gazdag \u00edz\u00e9t is \u00e9rt\u00e9kelik. Az el\u00fcls\u0151 bord\u00e1k ter\u00fclet\u00e9r\u0151l sz\u00e1rmazik, hasonl\u00f3an a Tomahawk-hoz, de r\u00f6videbb, k\u00f6r\u00fclbel\u00fcl 5-6 cm-es csonttal.<\/p>\n","protected":false},"excerpt":{"rendered":"<p>A Cowboy Steak egy igaz\u00e1n k\u00fcl\u00f6nleges v\u00e1laszt\u00e1s a h\u00fasim\u00e1d\u00f3k sz\u00e1m\u00e1ra, akik nemcsak a steak l\u00e1tv\u00e1ny\u00e1t, hanem annak gazdag \u00edz\u00e9t is \u00e9rt\u00e9kelik. Az el\u00fcls\u0151 bord\u00e1k ter\u00fclet\u00e9r\u0151l sz\u00e1rmazik, hasonl\u00f3an a Tomahawk-hoz, de r\u00f6videbb, k\u00f6r\u00fclbel\u00fcl 5-6 cm-es csonttal.<\/p>\n","protected":false},"featured_media":14441,"template":"","meta":{"_acf_changed":false},"product_brand":[],"product_cat":[511],"product_tag":[510],"class_list":{"0":"post-10872","1":"product","2":"type-product","3":"status-publish","4":"has-post-thumbnail","6":"product_cat-borda","7":"product_tag-premium-steakek","8":"pa_tip-erleles-nelkul","9":"pa_tip-nedvesen-erlelt-hu","10":"pa_tip-szarazon-erlelt-hu","11":"pa_tipus-erleles-nelkul","12":"pa_tipus-nedvesen-erlelt-hu","13":"pa_tipus-szarazon-erlelt-hu","15":"first","16":"outofstock","17":"purchasable","18":"product-type-variable"},"acf":[],"aioseo_notices":[],"jetpack_sharing_enabled":true,"_links":{"self":[{"href":"https:\/\/www.marbleangus.com\/hu\/wp-json\/wp\/v2\/product\/10872","targetHints":{"allow":["GET"]}}],"collection":[{"href":"https:\/\/www.marbleangus.com\/hu\/wp-json\/wp\/v2\/product"}],"about":[{"href":"https:\/\/www.marbleangus.com\/hu\/wp-json\/wp\/v2\/types\/product"}],"wp:featuredmedia":[{"embeddable":true,"href":"https:\/\/www.marbleangus.com\/hu\/wp-json\/wp\/v2\/media\/14441"}],"wp:attachment":[{"href":"https:\/\/www.marbleangus.com\/hu\/wp-json\/wp\/v2\/media?parent=10872"}],"wp:term":[{"taxonomy":"product_brand","embeddable":true,"href":"https:\/\/www.marbleangus.com\/hu\/wp-json\/wp\/v2\/product_brand?post=10872"},{"taxonomy":"product_cat","embeddable":true,"href":"https:\/\/www.marbleangus.com\/hu\/wp-json\/wp\/v2\/product_cat?post=10872"},{"taxonomy":"product_tag","embeddable":true,"href":"https:\/\/www.marbleangus.com\/hu\/wp-json\/wp\/v2\/product_tag?post=10872"}],"curies":[{"name":"wp","href":"https:\/\/api.w.org\/{rel}","templated":true}]}}