{"id":10876,"date":"2025-04-08T10:02:14","date_gmt":"2025-04-08T10:02:14","guid":{"rendered":"https:\/\/www.marbleangus.com\/product\/t-bone-steak\/"},"modified":"2025-04-24T09:45:47","modified_gmt":"2025-04-24T09:45:47","slug":"t-bone-steak","status":"publish","type":"product","link":"https:\/\/www.marbleangus.com\/hu\/termek\/t-bone-steak\/","title":{"rendered":"T-Bone Steak"},"content":{"rendered":"<p>A T-Bone steak az egyik legkiv\u00e1l\u00f3bb \u00e9s legkedveltebb h\u00fasr\u00e9sz, amely jellegzetes &#8220;T&#8221; alakj\u00e1r\u00f3l ismert. K\u00e9t k\u00fcl\u00f6nb\u00f6z\u0151 r\u00e9szt v\u00e1laszt el: a h\u00e1tsz\u00ednt \u00e9s a b\u00e9lsz\u00ednt. Ez a steak igazi kedvence a h\u00fasim\u00e1d\u00f3knak, k\u00f6sz\u00f6nhet\u0151en a b\u00e9lsz\u00edn puhas\u00e1g\u00e1nak \u00e9s a h\u00e1ts\u00f3 h\u00fas intenz\u00edv \u00edz\u00e9nek t\u00f6k\u00e9letes kombin\u00e1ci\u00f3j\u00e1nak.<\/p>\n","protected":false},"excerpt":{"rendered":"<p>A T-Bone steak az egyik legkiv\u00e1l\u00f3bb \u00e9s legkedveltebb h\u00fasr\u00e9sz, amely jellegzetes &#8220;T&#8221; alakj\u00e1r\u00f3l ismert. K\u00e9t k\u00fcl\u00f6nb\u00f6z\u0151 r\u00e9szt v\u00e1laszt el: a h\u00e1tsz\u00ednt \u00e9s a b\u00e9lsz\u00ednt. Ez a steak igazi kedvence a h\u00fasim\u00e1d\u00f3knak, k\u00f6sz\u00f6nhet\u0151en a b\u00e9lsz\u00edn puhas\u00e1g\u00e1nak \u00e9s a h\u00e1ts\u00f3 h\u00fas intenz\u00edv \u00edz\u00e9nek t\u00f6k\u00e9letes kombin\u00e1ci\u00f3j\u00e1nak.<\/p>\n","protected":false},"featured_media":14423,"template":"","meta":{"_acf_changed":false},"product_brand":[],"product_cat":[512],"product_tag":[510],"class_list":{"0":"post-10876","1":"product","2":"type-product","3":"status-publish","4":"has-post-thumbnail","6":"product_cat-rostelyos","7":"product_tag-premium-steakek","8":"pa_tip-erleles-nelkul","9":"pa_tip-nedvesen-erlelt-hu","10":"pa_tip-szarazon-erlelt-hu","11":"pa_tipus-erleles-nelkul","12":"pa_tipus-nedvesen-erlelt-hu","13":"pa_tipus-szarazon-erlelt-hu","15":"first","16":"instock","17":"sale","18":"purchasable","19":"product-type-variable"},"acf":[],"aioseo_notices":[],"jetpack_sharing_enabled":true,"_links":{"self":[{"href":"https:\/\/www.marbleangus.com\/hu\/wp-json\/wp\/v2\/product\/10876","targetHints":{"allow":["GET"]}}],"collection":[{"href":"https:\/\/www.marbleangus.com\/hu\/wp-json\/wp\/v2\/product"}],"about":[{"href":"https:\/\/www.marbleangus.com\/hu\/wp-json\/wp\/v2\/types\/product"}],"wp:featuredmedia":[{"embeddable":true,"href":"https:\/\/www.marbleangus.com\/hu\/wp-json\/wp\/v2\/media\/14423"}],"wp:attachment":[{"href":"https:\/\/www.marbleangus.com\/hu\/wp-json\/wp\/v2\/media?parent=10876"}],"wp:term":[{"taxonomy":"product_brand","embeddable":true,"href":"https:\/\/www.marbleangus.com\/hu\/wp-json\/wp\/v2\/product_brand?post=10876"},{"taxonomy":"product_cat","embeddable":true,"href":"https:\/\/www.marbleangus.com\/hu\/wp-json\/wp\/v2\/product_cat?post=10876"},{"taxonomy":"product_tag","embeddable":true,"href":"https:\/\/www.marbleangus.com\/hu\/wp-json\/wp\/v2\/product_tag?post=10876"}],"curies":[{"name":"wp","href":"https:\/\/api.w.org\/{rel}","templated":true}]}}