{"id":10880,"date":"2025-04-08T10:04:05","date_gmt":"2025-04-08T10:04:05","guid":{"rendered":"https:\/\/www.marbleangus.com\/product\/tomahawk-steak\/"},"modified":"2025-11-26T11:08:47","modified_gmt":"2025-11-26T11:08:47","slug":"tomahawk-steak","status":"publish","type":"product","link":"https:\/\/www.marbleangus.com\/hu\/termek\/tomahawk-steak\/","title":{"rendered":"Tomahawk Steak"},"content":{"rendered":"<p>A Tomahawk steak az egyik legl\u00e1tv\u00e1nyosabb h\u00fasr\u00e9sz, amelyet az azonnal felismerhet\u0151 hossz\u00fa csontja jellemez, amely legal\u00e1bb 15 cm hossz\u00fa. Ez a h\u00fasr\u00e9sz az el\u00fcls\u0151 bord\u00e1kb\u00f3l sz\u00e1rmazik, \u00e9s gyakorlatilag egy csontos Ribeye, ami impoz\u00e1ns megjelen\u00e9st \u00e9s k\u00fcl\u00f6nleges \u00edzt biztos\u00edt. A h\u00fas gazdag m\u00e1rv\u00e1nyozotts\u00e1ga szaftos text\u00far\u00e1t \u00e9s intenz\u00edv \u00edzt eredm\u00e9nyez.<\/p>\n","protected":false},"excerpt":{"rendered":"<p>A Tomahawk steak az egyik legl\u00e1tv\u00e1nyosabb h\u00fasr\u00e9sz, amelyet az azonnal felismerhet\u0151 hossz\u00fa csontja jellemez, amely legal\u00e1bb 15 cm hossz\u00fa. Ez a h\u00fasr\u00e9sz az el\u00fcls\u0151 bord\u00e1kb\u00f3l sz\u00e1rmazik, \u00e9s gyakorlatilag egy csontos Ribeye, ami impoz\u00e1ns megjelen\u00e9st \u00e9s k\u00fcl\u00f6nleges \u00edzt biztos\u00edt. A h\u00fas gazdag m\u00e1rv\u00e1nyozotts\u00e1ga szaftos text\u00far\u00e1t \u00e9s intenz\u00edv \u00edzt eredm\u00e9nyez.<\/p>\n","protected":false},"featured_media":14412,"template":"","meta":{"_acf_changed":false},"product_brand":[],"product_cat":[511],"product_tag":[510],"class_list":{"0":"post-10880","1":"product","2":"type-product","3":"status-publish","4":"has-post-thumbnail","6":"product_cat-borda","7":"product_tag-premium-steakek","8":"pa_tip-erleles-nelkul","9":"pa_tip-nedvesen-erlelt-hu","10":"pa_tip-szarazon-erlelt-hu","11":"pa_tipus-erleles-nelkul","12":"pa_tipus-nedvesen-erlelt-hu","13":"pa_tipus-szarazon-erlelt-hu","15":"first","16":"instock","17":"sale","18":"purchasable","19":"product-type-variable"},"acf":[],"aioseo_notices":[],"jetpack_sharing_enabled":true,"_links":{"self":[{"href":"https:\/\/www.marbleangus.com\/hu\/wp-json\/wp\/v2\/product\/10880","targetHints":{"allow":["GET"]}}],"collection":[{"href":"https:\/\/www.marbleangus.com\/hu\/wp-json\/wp\/v2\/product"}],"about":[{"href":"https:\/\/www.marbleangus.com\/hu\/wp-json\/wp\/v2\/types\/product"}],"wp:featuredmedia":[{"embeddable":true,"href":"https:\/\/www.marbleangus.com\/hu\/wp-json\/wp\/v2\/media\/14412"}],"wp:attachment":[{"href":"https:\/\/www.marbleangus.com\/hu\/wp-json\/wp\/v2\/media?parent=10880"}],"wp:term":[{"taxonomy":"product_brand","embeddable":true,"href":"https:\/\/www.marbleangus.com\/hu\/wp-json\/wp\/v2\/product_brand?post=10880"},{"taxonomy":"product_cat","embeddable":true,"href":"https:\/\/www.marbleangus.com\/hu\/wp-json\/wp\/v2\/product_cat?post=10880"},{"taxonomy":"product_tag","embeddable":true,"href":"https:\/\/www.marbleangus.com\/hu\/wp-json\/wp\/v2\/product_tag?post=10880"}],"curies":[{"name":"wp","href":"https:\/\/api.w.org\/{rel}","templated":true}]}}