{"id":10887,"date":"2025-04-08T10:05:58","date_gmt":"2025-04-08T10:05:58","guid":{"rendered":"https:\/\/www.marbleangus.com\/product\/csontos-labszar\/"},"modified":"2025-05-08T10:17:04","modified_gmt":"2025-05-08T10:17:04","slug":"csontos-labszar","status":"publish","type":"product","link":"https:\/\/www.marbleangus.com\/hu\/termek\/csontos-labszar\/","title":{"rendered":"Csontos l\u00e1bsz\u00e1r"},"content":{"rendered":"<p>A csontos l\u00e1bsz\u00e1r, m\u00e1s n\u00e9ven Osso Bucco, a marha l\u00e1bsz\u00e1r\u00e1b\u00f3l sz\u00e1rmazik. A darabot keresztir\u00e1nyban szeletelik, \u00edgy a h\u00fas \u00e9s a csont is benne marad. A csontvel\u0151 miatt a h\u00fas t\u00e1pl\u00e1l\u00f3bb\u00e1 v\u00e1lik \u00e9s finomabb \u00edzt kap.  <\/p>\n","protected":false},"excerpt":{"rendered":"<p>A csontos l\u00e1bsz\u00e1r, m\u00e1s n\u00e9ven Osso Bucco, a marha l\u00e1bsz\u00e1r\u00e1b\u00f3l sz\u00e1rmazik. A darabot keresztir\u00e1nyban szeletelik, \u00edgy a h\u00fas \u00e9s a csont is benne marad. A csontvel\u0151 miatt a h\u00fas t\u00e1pl\u00e1l\u00f3bb\u00e1 v\u00e1lik \u00e9s finomabb \u00edzt kap.  <\/p>\n","protected":false},"featured_media":14406,"template":"","meta":{"_acf_changed":false},"product_brand":[],"product_cat":[514],"product_tag":[515],"class_list":{"0":"post-10887","1":"product","2":"type-product","3":"status-publish","4":"has-post-thumbnail","6":"product_cat-labszar","7":"product_tag-tokehusok","8":"pa_tip-erleles-nelkul","9":"pa_tip-sous-vide-hu","11":"first","12":"instock","13":"purchasable","14":"product-type-variable"},"acf":[],"aioseo_notices":[],"jetpack_sharing_enabled":true,"_links":{"self":[{"href":"https:\/\/www.marbleangus.com\/hu\/wp-json\/wp\/v2\/product\/10887","targetHints":{"allow":["GET"]}}],"collection":[{"href":"https:\/\/www.marbleangus.com\/hu\/wp-json\/wp\/v2\/product"}],"about":[{"href":"https:\/\/www.marbleangus.com\/hu\/wp-json\/wp\/v2\/types\/product"}],"wp:featuredmedia":[{"embeddable":true,"href":"https:\/\/www.marbleangus.com\/hu\/wp-json\/wp\/v2\/media\/14406"}],"wp:attachment":[{"href":"https:\/\/www.marbleangus.com\/hu\/wp-json\/wp\/v2\/media?parent=10887"}],"wp:term":[{"taxonomy":"product_brand","embeddable":true,"href":"https:\/\/www.marbleangus.com\/hu\/wp-json\/wp\/v2\/product_brand?post=10887"},{"taxonomy":"product_cat","embeddable":true,"href":"https:\/\/www.marbleangus.com\/hu\/wp-json\/wp\/v2\/product_cat?post=10887"},{"taxonomy":"product_tag","embeddable":true,"href":"https:\/\/www.marbleangus.com\/hu\/wp-json\/wp\/v2\/product_tag?post=10887"}],"curies":[{"name":"wp","href":"https:\/\/api.w.org\/{rel}","templated":true}]}}