{"id":10890,"date":"2025-04-08T10:06:44","date_gmt":"2025-04-08T10:06:44","guid":{"rendered":"https:\/\/www.marbleangus.com\/product\/labszar\/"},"modified":"2025-04-24T09:45:59","modified_gmt":"2025-04-24T09:45:59","slug":"labszar","status":"publish","type":"product","link":"https:\/\/www.marbleangus.com\/hu\/termek\/labszar\/","title":{"rendered":"L\u00e1bsz\u00e1r"},"content":{"rendered":"<p>A l\u00e1bsz\u00e1r egy egyedi h\u00fasr\u00e9sz, amely a marha l\u00e1bsz\u00e1r\u00e1nak a h\u00fasr\u00e9sze. Az intenz\u00edv mozg\u00e1s miatt ez egy s\u0171r\u0171bb h\u00fasdarab, alacsonyabb zs\u00edrtartalommal, de gazdag kollag\u00e9nben, ami intenz\u00edv \u00edzt ad neki.<\/p>\n","protected":false},"excerpt":{"rendered":"<p>A l\u00e1bsz\u00e1r egy egyedi h\u00fasr\u00e9sz, amely a marha l\u00e1bsz\u00e1r\u00e1nak a h\u00fasr\u00e9sze. Az intenz\u00edv mozg\u00e1s miatt ez egy s\u0171r\u0171bb h\u00fasdarab, alacsonyabb zs\u00edrtartalommal, de gazdag kollag\u00e9nben, ami intenz\u00edv \u00edzt ad neki.<\/p>\n","protected":false},"featured_media":14399,"template":"","meta":{"_acf_changed":false},"product_brand":[],"product_cat":[514],"product_tag":[515],"class_list":{"0":"post-10890","1":"product","2":"type-product","3":"status-publish","4":"has-post-thumbnail","6":"product_cat-labszar","7":"product_tag-tokehusok","8":"pa_tip-erleles-nelkul","9":"pa_tip-sous-vide-hu","10":"pa_tipus-erleles-nelkul","11":"pa_tipus-sous-vide-hu","13":"first","14":"instock","15":"purchasable","16":"product-type-variable"},"acf":[],"aioseo_notices":[],"jetpack_sharing_enabled":true,"_links":{"self":[{"href":"https:\/\/www.marbleangus.com\/hu\/wp-json\/wp\/v2\/product\/10890","targetHints":{"allow":["GET"]}}],"collection":[{"href":"https:\/\/www.marbleangus.com\/hu\/wp-json\/wp\/v2\/product"}],"about":[{"href":"https:\/\/www.marbleangus.com\/hu\/wp-json\/wp\/v2\/types\/product"}],"wp:featuredmedia":[{"embeddable":true,"href":"https:\/\/www.marbleangus.com\/hu\/wp-json\/wp\/v2\/media\/14399"}],"wp:attachment":[{"href":"https:\/\/www.marbleangus.com\/hu\/wp-json\/wp\/v2\/media?parent=10890"}],"wp:term":[{"taxonomy":"product_brand","embeddable":true,"href":"https:\/\/www.marbleangus.com\/hu\/wp-json\/wp\/v2\/product_brand?post=10890"},{"taxonomy":"product_cat","embeddable":true,"href":"https:\/\/www.marbleangus.com\/hu\/wp-json\/wp\/v2\/product_cat?post=10890"},{"taxonomy":"product_tag","embeddable":true,"href":"https:\/\/www.marbleangus.com\/hu\/wp-json\/wp\/v2\/product_tag?post=10890"}],"curies":[{"name":"wp","href":"https:\/\/api.w.org\/{rel}","templated":true}]}}