{"id":10893,"date":"2025-04-08T10:07:32","date_gmt":"2025-04-08T10:07:32","guid":{"rendered":"https:\/\/www.marbleangus.com\/product\/marhapofa\/"},"modified":"2025-04-24T09:46:01","modified_gmt":"2025-04-24T09:46:01","slug":"marhapofa","status":"publish","type":"product","link":"https:\/\/www.marbleangus.com\/hu\/termek\/marhapofa\/","title":{"rendered":"Marhapofa"},"content":{"rendered":"<p>A marhapofa az \u00e1llat egyik legakt\u00edvabb izma, amely a r\u00e1g\u00e1sban vesz r\u00e9szt, \u00e9s a r\u00e1g\u00f3izom ter\u00fclet\u00e9r\u0151l sz\u00e1rmazik. A fokozott aktivit\u00e1s miatt s\u0171r\u0171bb text\u00far\u00e1val rendelkezik, \u00edgy kiv\u00e1l\u00f3an alkalmas lass\u00fa f\u0151z\u00e9sre, p\u00e9ld\u00e1ul sous-vide m\u00f3dszerrel.<\/p>\n","protected":false},"excerpt":{"rendered":"<p>A marhapofa az \u00e1llat egyik legakt\u00edvabb izma, amely a r\u00e1g\u00e1sban vesz r\u00e9szt, \u00e9s a r\u00e1g\u00f3izom ter\u00fclet\u00e9r\u0151l sz\u00e1rmazik. A fokozott aktivit\u00e1s miatt s\u0171r\u0171bb text\u00far\u00e1val rendelkezik, \u00edgy kiv\u00e1l\u00f3an alkalmas lass\u00fa f\u0151z\u00e9sre, p\u00e9ld\u00e1ul sous-vide m\u00f3dszerrel.<\/p>\n","protected":false},"featured_media":14547,"template":"","meta":{"_acf_changed":false},"product_brand":[],"product_cat":[516],"product_tag":[515],"class_list":{"0":"post-10893","1":"product","2":"type-product","3":"status-publish","4":"has-post-thumbnail","6":"product_cat-marhapofa","7":"product_tag-tokehusok","8":"pa_tip-erleles-nelkul","9":"pa_tip-sous-vide-hu","10":"pa_tipus-erleles-nelkul","11":"pa_tipus-sous-vide-hu","13":"first","14":"instock","15":"purchasable","16":"product-type-variable"},"acf":[],"aioseo_notices":[],"jetpack_sharing_enabled":true,"_links":{"self":[{"href":"https:\/\/www.marbleangus.com\/hu\/wp-json\/wp\/v2\/product\/10893","targetHints":{"allow":["GET"]}}],"collection":[{"href":"https:\/\/www.marbleangus.com\/hu\/wp-json\/wp\/v2\/product"}],"about":[{"href":"https:\/\/www.marbleangus.com\/hu\/wp-json\/wp\/v2\/types\/product"}],"wp:featuredmedia":[{"embeddable":true,"href":"https:\/\/www.marbleangus.com\/hu\/wp-json\/wp\/v2\/media\/14547"}],"wp:attachment":[{"href":"https:\/\/www.marbleangus.com\/hu\/wp-json\/wp\/v2\/media?parent=10893"}],"wp:term":[{"taxonomy":"product_brand","embeddable":true,"href":"https:\/\/www.marbleangus.com\/hu\/wp-json\/wp\/v2\/product_brand?post=10893"},{"taxonomy":"product_cat","embeddable":true,"href":"https:\/\/www.marbleangus.com\/hu\/wp-json\/wp\/v2\/product_cat?post=10893"},{"taxonomy":"product_tag","embeddable":true,"href":"https:\/\/www.marbleangus.com\/hu\/wp-json\/wp\/v2\/product_tag?post=10893"}],"curies":[{"name":"wp","href":"https:\/\/api.w.org\/{rel}","templated":true}]}}