{"id":10896,"date":"2025-04-08T10:07:32","date_gmt":"2025-04-08T10:07:32","guid":{"rendered":"https:\/\/www.marbleangus.com\/product\/feherpecsenye-eye-of-round\/"},"modified":"2025-04-24T09:46:07","modified_gmt":"2025-04-24T09:46:07","slug":"feherpecsenye-eye-of-round","status":"publish","type":"product","link":"https:\/\/www.marbleangus.com\/hu\/termek\/feherpecsenye-eye-of-round\/","title":{"rendered":"Feh\u00e9rpecsenye\/Eye of round"},"content":{"rendered":"<p>A feh\u00e9rpecsenye egy hossz\u00fak\u00e1s, henger alak\u00fa h\u00fasdarab, egyenletes v\u00f6r\u00f6s sz\u00edn\u0171, m\u00e1s n\u00e9ven Eye of Round, amely a marha h\u00e1ts\u00f3 combj\u00e1nak egyik jellegzetes r\u00e9sze. Mivel ez egy gyakran haszn\u00e1lt izom, kem\u00e9nyebb text\u00far\u00e1val rendelkezik a puh\u00e1bb h\u00fasdarabokhoz k\u00e9pest, \u00e9s alapanyaga olyan nemzetk\u00f6zi h\u00edr\u0171 specialit\u00e1soknak, mint a Bresaola vagy a Carpaccio. Kiv\u00e1l\u00f3 v\u00e1laszt\u00e1s di\u00e9t\u00e1s fog\u00e1sokhoz, p\u00e1col\u00e1shoz vagy azoknak, akik sov\u00e1ny \u00e9s eg\u00e9szs\u00e9ges h\u00fast szeretn\u00e9nek fogyasztani.<\/p>\n","protected":false},"excerpt":{"rendered":"<p>A feh\u00e9rpecsenye egy hossz\u00fak\u00e1s, henger alak\u00fa h\u00fasdarab, egyenletes v\u00f6r\u00f6s sz\u00edn\u0171, m\u00e1s n\u00e9ven Eye of Round, amely a marha h\u00e1ts\u00f3 combj\u00e1nak egyik jellegzetes r\u00e9sze. Mivel ez egy gyakran haszn\u00e1lt izom, kem\u00e9nyebb text\u00far\u00e1val rendelkezik a puh\u00e1bb h\u00fasdarabokhoz k\u00e9pest, \u00e9s alapanyaga olyan nemzetk\u00f6zi h\u00edr\u0171 specialit\u00e1soknak, mint a Bresaola vagy a Carpaccio. Kiv\u00e1l\u00f3 v\u00e1laszt\u00e1s di\u00e9t\u00e1s fog\u00e1sokhoz, p\u00e1col\u00e1shoz vagy azoknak, akik sov\u00e1ny \u00e9s eg\u00e9szs\u00e9ges h\u00fast szeretn\u00e9nek fogyasztani.<\/p>\n","protected":false},"featured_media":14384,"template":"","meta":{"_acf_changed":false},"product_brand":[],"product_cat":[517],"product_tag":[515],"class_list":{"0":"post-10896","1":"product","2":"type-product","3":"status-publish","4":"has-post-thumbnail","6":"product_cat-comb","7":"product_tag-tokehusok","8":"pa_tip-erleles-nelkul","9":"pa_tip-nedvesen-erlelt-hu","10":"pa_tip-szarazon-erlelt-hu","11":"pa_tipus-erleles-nelkul","12":"pa_tipus-nedvesen-erlelt-hu","13":"pa_tipus-szarazon-erlelt-hu","15":"first","16":"instock","17":"purchasable","18":"product-type-variable"},"acf":[],"aioseo_notices":[],"jetpack_sharing_enabled":true,"_links":{"self":[{"href":"https:\/\/www.marbleangus.com\/hu\/wp-json\/wp\/v2\/product\/10896","targetHints":{"allow":["GET"]}}],"collection":[{"href":"https:\/\/www.marbleangus.com\/hu\/wp-json\/wp\/v2\/product"}],"about":[{"href":"https:\/\/www.marbleangus.com\/hu\/wp-json\/wp\/v2\/types\/product"}],"wp:featuredmedia":[{"embeddable":true,"href":"https:\/\/www.marbleangus.com\/hu\/wp-json\/wp\/v2\/media\/14384"}],"wp:attachment":[{"href":"https:\/\/www.marbleangus.com\/hu\/wp-json\/wp\/v2\/media?parent=10896"}],"wp:term":[{"taxonomy":"product_brand","embeddable":true,"href":"https:\/\/www.marbleangus.com\/hu\/wp-json\/wp\/v2\/product_brand?post=10896"},{"taxonomy":"product_cat","embeddable":true,"href":"https:\/\/www.marbleangus.com\/hu\/wp-json\/wp\/v2\/product_cat?post=10896"},{"taxonomy":"product_tag","embeddable":true,"href":"https:\/\/www.marbleangus.com\/hu\/wp-json\/wp\/v2\/product_tag?post=10896"}],"curies":[{"name":"wp","href":"https:\/\/api.w.org\/{rel}","templated":true}]}}