{"id":10900,"date":"2025-04-08T10:09:24","date_gmt":"2025-04-08T10:09:24","guid":{"rendered":"https:\/\/www.marbleangus.com\/product\/szegy\/"},"modified":"2025-04-24T09:46:09","modified_gmt":"2025-04-24T09:46:09","slug":"szegy","status":"publish","type":"product","link":"https:\/\/www.marbleangus.com\/hu\/termek\/szegy\/","title":{"rendered":"Szegy"},"content":{"rendered":"<p>A marha szegy a mellkasi r\u00e9szb\u0151l sz\u00e1rmazik, \u00e9s a mellizomzatot k\u00e9pviseli, a nyak \u00e9s az oldalak hat\u00e1rolj\u00e1k. Mivel ez a r\u00e9sz tartja az \u00e1llat tests\u00faly\u00e1t, a h\u00fas vastag \u00e9s t\u00f6m\u00f6r, sok k\u00f6t\u0151sz\u00f6vettel.<\/p>\n","protected":false},"excerpt":{"rendered":"<p>A marha szegy a mellkasi r\u00e9szb\u0151l sz\u00e1rmazik, \u00e9s a mellizomzatot k\u00e9pviseli, a nyak \u00e9s az oldalak hat\u00e1rolj\u00e1k. Mivel ez a r\u00e9sz tartja az \u00e1llat tests\u00faly\u00e1t, a h\u00fas vastag \u00e9s t\u00f6m\u00f6r, sok k\u00f6t\u0151sz\u00f6vettel.<\/p>\n","protected":false},"featured_media":14375,"template":"","meta":{"_acf_changed":false},"product_brand":[],"product_cat":[518],"product_tag":[515],"class_list":{"0":"post-10900","1":"product","2":"type-product","3":"status-publish","4":"has-post-thumbnail","6":"product_cat-szegy","7":"product_tag-tokehusok","8":"pa_tip-erleles-nelkul","9":"pa_tip-sous-vide-hu","10":"pa_tipus-erleles-nelkul","11":"pa_tipus-sous-vide-hu","13":"first","14":"instock","15":"sale","16":"purchasable","17":"product-type-variable"},"acf":[],"aioseo_notices":[],"jetpack_sharing_enabled":true,"_links":{"self":[{"href":"https:\/\/www.marbleangus.com\/hu\/wp-json\/wp\/v2\/product\/10900","targetHints":{"allow":["GET"]}}],"collection":[{"href":"https:\/\/www.marbleangus.com\/hu\/wp-json\/wp\/v2\/product"}],"about":[{"href":"https:\/\/www.marbleangus.com\/hu\/wp-json\/wp\/v2\/types\/product"}],"wp:featuredmedia":[{"embeddable":true,"href":"https:\/\/www.marbleangus.com\/hu\/wp-json\/wp\/v2\/media\/14375"}],"wp:attachment":[{"href":"https:\/\/www.marbleangus.com\/hu\/wp-json\/wp\/v2\/media?parent=10900"}],"wp:term":[{"taxonomy":"product_brand","embeddable":true,"href":"https:\/\/www.marbleangus.com\/hu\/wp-json\/wp\/v2\/product_brand?post=10900"},{"taxonomy":"product_cat","embeddable":true,"href":"https:\/\/www.marbleangus.com\/hu\/wp-json\/wp\/v2\/product_cat?post=10900"},{"taxonomy":"product_tag","embeddable":true,"href":"https:\/\/www.marbleangus.com\/hu\/wp-json\/wp\/v2\/product_tag?post=10900"}],"curies":[{"name":"wp","href":"https:\/\/api.w.org\/{rel}","templated":true}]}}