{"id":10903,"date":"2025-04-08T10:11:14","date_gmt":"2025-04-08T10:11:14","guid":{"rendered":"https:\/\/www.marbleangus.com\/product\/borda\/"},"modified":"2025-04-25T08:31:18","modified_gmt":"2025-04-25T08:31:18","slug":"borda","status":"publish","type":"product","link":"https:\/\/www.marbleangus.com\/hu\/termek\/borda\/","title":{"rendered":"Borda"},"content":{"rendered":"<p>A marhah\u00fas bord\u00e1i, m\u00e1s n\u00e9ven Beef Ribs, a bord\u00e1s r\u00e9gi\u00f3b\u00f3l sz\u00e1rmaznak, az 5. \u00e9s 9. borda k\u00f6z\u00f6tt, \u00e9s kiv\u00e1l\u00f3 v\u00e1laszt\u00e1s azok sz\u00e1m\u00e1ra, akik szeretik az amerikai barbecue \u00e9teleket.<\/p>\n","protected":false},"excerpt":{"rendered":"<p>A marhah\u00fas bord\u00e1i, m\u00e1s n\u00e9ven Beef Ribs, a bord\u00e1s r\u00e9gi\u00f3b\u00f3l sz\u00e1rmaznak, az 5. \u00e9s 9. borda k\u00f6z\u00f6tt, \u00e9s kiv\u00e1l\u00f3 v\u00e1laszt\u00e1s azok sz\u00e1m\u00e1ra, akik szeretik az amerikai barbecue \u00e9teleket.<\/p>\n","protected":false},"featured_media":14365,"template":"","meta":{"_acf_changed":false},"product_brand":[],"product_cat":[511],"product_tag":[515],"class_list":{"0":"post-10903","1":"product","2":"type-product","3":"status-publish","4":"has-post-thumbnail","6":"product_cat-borda","7":"product_tag-tokehusok","8":"pa_tip-erleles-nelkul","9":"pa_tip-sous-vide-hu","10":"pa_tipus-erleles-nelkul","11":"pa_tipus-sous-vide-hu","13":"first","14":"instock","15":"sale","16":"purchasable","17":"product-type-variable"},"acf":[],"aioseo_notices":[],"jetpack_sharing_enabled":true,"_links":{"self":[{"href":"https:\/\/www.marbleangus.com\/hu\/wp-json\/wp\/v2\/product\/10903","targetHints":{"allow":["GET"]}}],"collection":[{"href":"https:\/\/www.marbleangus.com\/hu\/wp-json\/wp\/v2\/product"}],"about":[{"href":"https:\/\/www.marbleangus.com\/hu\/wp-json\/wp\/v2\/types\/product"}],"wp:featuredmedia":[{"embeddable":true,"href":"https:\/\/www.marbleangus.com\/hu\/wp-json\/wp\/v2\/media\/14365"}],"wp:attachment":[{"href":"https:\/\/www.marbleangus.com\/hu\/wp-json\/wp\/v2\/media?parent=10903"}],"wp:term":[{"taxonomy":"product_brand","embeddable":true,"href":"https:\/\/www.marbleangus.com\/hu\/wp-json\/wp\/v2\/product_brand?post=10903"},{"taxonomy":"product_cat","embeddable":true,"href":"https:\/\/www.marbleangus.com\/hu\/wp-json\/wp\/v2\/product_cat?post=10903"},{"taxonomy":"product_tag","embeddable":true,"href":"https:\/\/www.marbleangus.com\/hu\/wp-json\/wp\/v2\/product_tag?post=10903"}],"curies":[{"name":"wp","href":"https:\/\/api.w.org\/{rel}","templated":true}]}}