{"id":10906,"date":"2025-04-08T10:11:14","date_gmt":"2025-04-08T10:11:14","guid":{"rendered":"https:\/\/www.marbleangus.com\/product\/flat-iron\/"},"modified":"2025-04-24T09:46:13","modified_gmt":"2025-04-24T09:46:13","slug":"flat-iron","status":"publish","type":"product","link":"https:\/\/www.marbleangus.com\/hu\/termek\/flat-iron\/","title":{"rendered":"Flat Iron"},"content":{"rendered":"<p>A Flat Iron a v\u00e1ll ter\u00fclet\u00e9r\u0151l, pontosabban az infraspinatus izomb\u00f3l sz\u00e1rmazik. A Flat Iron Steak a puha text\u00far\u00e1j\u00e1val h\u00edres, amely k\u00e9pes versenyezni a jobban ismert h\u00fasr\u00e9szekkel is. Az intramuszkul\u00e1ris zs\u00edrtartalomnak k\u00f6sz\u00f6nhet\u0151en a h\u00fas rendk\u00edv\u00fcl szaftos lesz.<\/p>\n","protected":false},"excerpt":{"rendered":"<p>A Flat Iron a v\u00e1ll ter\u00fclet\u00e9r\u0151l, pontosabban az infraspinatus izomb\u00f3l sz\u00e1rmazik. A Flat Iron Steak a puha text\u00far\u00e1j\u00e1val h\u00edres, amely k\u00e9pes versenyezni a jobban ismert h\u00fasr\u00e9szekkel is. Az intramuszkul\u00e1ris zs\u00edrtartalomnak k\u00f6sz\u00f6nhet\u0151en a h\u00fas rendk\u00edv\u00fcl szaftos lesz.<\/p>\n","protected":false},"featured_media":14540,"template":"","meta":{"_acf_changed":false},"product_brand":[],"product_cat":[509],"product_tag":[515],"class_list":{"0":"post-10906","1":"product","2":"type-product","3":"status-publish","4":"has-post-thumbnail","6":"product_cat-tarja","7":"product_tag-tokehusok","8":"pa_tip-erleles-nelkul","9":"pa_tip-nedvesen-erlelt-hu","10":"pa_tip-szarazon-erlelt-hu","11":"pa_tipus-erleles-nelkul","12":"pa_tipus-nedvesen-erlelt-hu","13":"pa_tipus-szarazon-erlelt-hu","15":"first","16":"instock","17":"purchasable","18":"product-type-variable"},"acf":[],"aioseo_notices":[],"jetpack_sharing_enabled":true,"_links":{"self":[{"href":"https:\/\/www.marbleangus.com\/hu\/wp-json\/wp\/v2\/product\/10906","targetHints":{"allow":["GET"]}}],"collection":[{"href":"https:\/\/www.marbleangus.com\/hu\/wp-json\/wp\/v2\/product"}],"about":[{"href":"https:\/\/www.marbleangus.com\/hu\/wp-json\/wp\/v2\/types\/product"}],"wp:featuredmedia":[{"embeddable":true,"href":"https:\/\/www.marbleangus.com\/hu\/wp-json\/wp\/v2\/media\/14540"}],"wp:attachment":[{"href":"https:\/\/www.marbleangus.com\/hu\/wp-json\/wp\/v2\/media?parent=10906"}],"wp:term":[{"taxonomy":"product_brand","embeddable":true,"href":"https:\/\/www.marbleangus.com\/hu\/wp-json\/wp\/v2\/product_brand?post=10906"},{"taxonomy":"product_cat","embeddable":true,"href":"https:\/\/www.marbleangus.com\/hu\/wp-json\/wp\/v2\/product_cat?post=10906"},{"taxonomy":"product_tag","embeddable":true,"href":"https:\/\/www.marbleangus.com\/hu\/wp-json\/wp\/v2\/product_tag?post=10906"}],"curies":[{"name":"wp","href":"https:\/\/api.w.org\/{rel}","templated":true}]}}