{"id":10910,"date":"2025-04-08T10:13:03","date_gmt":"2025-04-08T10:13:03","guid":{"rendered":"https:\/\/www.marbleangus.com\/product\/keresztfarto-felso-es-also-sirloin\/"},"modified":"2025-04-24T09:46:18","modified_gmt":"2025-04-24T09:46:18","slug":"keresztfarto-felso-es-also-sirloin","status":"publish","type":"product","link":"https:\/\/www.marbleangus.com\/hu\/termek\/keresztfarto-felso-es-also-sirloin\/","title":{"rendered":"Keresztfart\u0151 (fels\u0151 \u00e9s als\u00f3) \/Sirloin"},"content":{"rendered":"<p>A keresztfart\u0151, a comb fels\u0151 r\u00e9sz\u00e9b\u0151l sz\u00e1rmazik, pontosabban annak a farki r\u00e9sze. Ez a ter\u00fclet kev\u00e9s mozg\u00e1st ig\u00e9nyel, ami azt jelenti, hogy az izom rendk\u00edv\u00fcl oml\u00f3s. A vastag k\u00fcls\u0151 zs\u00edrr\u00e9tegnek k\u00f6sz\u00f6nhet\u0151en ez a h\u00fasdarab k\u00fcl\u00f6n\u00f6sen szaftos. A Keresztfart\u0151 a h\u00fasim\u00e1d\u00f3 Braz\u00edlia legn\u00e9pszer\u0171bb steakje, ahol ezt a darabot a \u201eQueen of Steaks\u201d n\u00e9ven ismerik.<\/p>\n","protected":false},"excerpt":{"rendered":"<p>A keresztfart\u0151, a comb fels\u0151 r\u00e9sz\u00e9b\u0151l sz\u00e1rmazik, pontosabban annak a farki r\u00e9sze. Ez a ter\u00fclet kev\u00e9s mozg\u00e1st ig\u00e9nyel, ami azt jelenti, hogy az izom rendk\u00edv\u00fcl oml\u00f3s. A vastag k\u00fcls\u0151 zs\u00edrr\u00e9tegnek k\u00f6sz\u00f6nhet\u0151en ez a h\u00fasdarab k\u00fcl\u00f6n\u00f6sen szaftos. A Keresztfart\u0151 a h\u00fasim\u00e1d\u00f3 Braz\u00edlia legn\u00e9pszer\u0171bb steakje, ahol ezt a darabot a \u201eQueen of Steaks\u201d n\u00e9ven ismerik.<\/p>\n","protected":false},"featured_media":14356,"template":"","meta":{"_acf_changed":false},"product_brand":[],"product_cat":[517],"product_tag":[515],"class_list":{"0":"post-10910","1":"product","2":"type-product","3":"status-publish","4":"has-post-thumbnail","6":"product_cat-comb","7":"product_tag-tokehusok","8":"pa_tip-erleles-nelkul","9":"pa_tip-sous-vide-hu","10":"pa_tipus-erleles-nelkul","11":"pa_tipus-sous-vide-hu","13":"first","14":"instock","15":"purchasable","16":"product-type-variable"},"acf":[],"aioseo_notices":[],"jetpack_sharing_enabled":true,"_links":{"self":[{"href":"https:\/\/www.marbleangus.com\/hu\/wp-json\/wp\/v2\/product\/10910","targetHints":{"allow":["GET"]}}],"collection":[{"href":"https:\/\/www.marbleangus.com\/hu\/wp-json\/wp\/v2\/product"}],"about":[{"href":"https:\/\/www.marbleangus.com\/hu\/wp-json\/wp\/v2\/types\/product"}],"wp:featuredmedia":[{"embeddable":true,"href":"https:\/\/www.marbleangus.com\/hu\/wp-json\/wp\/v2\/media\/14356"}],"wp:attachment":[{"href":"https:\/\/www.marbleangus.com\/hu\/wp-json\/wp\/v2\/media?parent=10910"}],"wp:term":[{"taxonomy":"product_brand","embeddable":true,"href":"https:\/\/www.marbleangus.com\/hu\/wp-json\/wp\/v2\/product_brand?post=10910"},{"taxonomy":"product_cat","embeddable":true,"href":"https:\/\/www.marbleangus.com\/hu\/wp-json\/wp\/v2\/product_cat?post=10910"},{"taxonomy":"product_tag","embeddable":true,"href":"https:\/\/www.marbleangus.com\/hu\/wp-json\/wp\/v2\/product_tag?post=10910"}],"curies":[{"name":"wp","href":"https:\/\/api.w.org\/{rel}","templated":true}]}}