{"id":10913,"date":"2025-04-08T10:14:53","date_gmt":"2025-04-08T10:14:53","guid":{"rendered":"https:\/\/www.marbleangus.com\/product\/rib-eye-csontos\/"},"modified":"2025-11-26T11:16:18","modified_gmt":"2025-11-26T11:16:18","slug":"rib-eye-csontos","status":"publish","type":"product","link":"https:\/\/www.marbleangus.com\/hu\/termek\/rib-eye-csontos\/","title":{"rendered":"Rib Eye &#8211; Csontos"},"content":{"rendered":"<p>A Ribeye, az egyik legkedveltebb h\u00fasr\u00e9sz gazdag m\u00e1rv\u00e1nyozotts\u00e1ga miatt. A bord\u00e1k fels\u0151 r\u00e9sz\u00e9n, a 6. \u00e9s a 12. borda k\u00f6z\u00f6tt helyezkedik el, \u00e9s t\u00f6k\u00e9letes ar\u00e1nyt k\u00edn\u00e1l a h\u00fas \u00e9s az intramuszkul\u00e1ris zs\u00edr k\u00f6z\u00f6tt. Ez az egyedi m\u00e1rv\u00e1nyozotts\u00e1g puhas\u00e1got \u00e9s intenz\u00edv \u00edzt biztos\u00edt, \u00edgy a gourmet \u00e9telek egyik legjobb v\u00e1laszt\u00e1sa. A darab a h\u00e1ti csigoly\u00e1k egy r\u00e9sz\u00e9t \u00e9s egy bordadarabot is tartalmaz.<\/p>\n","protected":false},"excerpt":{"rendered":"<p>A Ribeye, az egyik legkedveltebb h\u00fasr\u00e9sz gazdag m\u00e1rv\u00e1nyozotts\u00e1ga miatt. A bord\u00e1k fels\u0151 r\u00e9sz\u00e9n, a 6. \u00e9s a 12. borda k\u00f6z\u00f6tt helyezkedik el, \u00e9s t\u00f6k\u00e9letes ar\u00e1nyt k\u00edn\u00e1l a h\u00fas \u00e9s az intramuszkul\u00e1ris zs\u00edr k\u00f6z\u00f6tt. Ez az egyedi m\u00e1rv\u00e1nyozotts\u00e1g puhas\u00e1got \u00e9s intenz\u00edv \u00edzt biztos\u00edt, \u00edgy a gourmet \u00e9telek egyik legjobb v\u00e1laszt\u00e1sa. A darab a h\u00e1ti csigoly\u00e1k egy r\u00e9sz\u00e9t \u00e9s egy bordadarabot is tartalmaz.<\/p>\n","protected":false},"featured_media":14337,"template":"","meta":{"_acf_changed":false},"product_brand":[],"product_cat":[511],"product_tag":[510],"class_list":{"0":"post-10913","1":"product","2":"type-product","3":"status-publish","4":"has-post-thumbnail","6":"product_cat-borda","7":"product_tag-premium-steakek","8":"pa_tip-erleles-nelkul","9":"pa_tip-nedvesen-erlelt-hu","10":"pa_tip-szarazon-erlelt-hu","11":"pa_tipus-erleles-nelkul","12":"pa_tipus-nedvesen-erlelt-hu","13":"pa_tipus-szarazon-erlelt-hu","15":"first","16":"instock","17":"purchasable","18":"product-type-variable"},"acf":[],"aioseo_notices":[],"jetpack_sharing_enabled":true,"_links":{"self":[{"href":"https:\/\/www.marbleangus.com\/hu\/wp-json\/wp\/v2\/product\/10913","targetHints":{"allow":["GET"]}}],"collection":[{"href":"https:\/\/www.marbleangus.com\/hu\/wp-json\/wp\/v2\/product"}],"about":[{"href":"https:\/\/www.marbleangus.com\/hu\/wp-json\/wp\/v2\/types\/product"}],"wp:featuredmedia":[{"embeddable":true,"href":"https:\/\/www.marbleangus.com\/hu\/wp-json\/wp\/v2\/media\/14337"}],"wp:attachment":[{"href":"https:\/\/www.marbleangus.com\/hu\/wp-json\/wp\/v2\/media?parent=10913"}],"wp:term":[{"taxonomy":"product_brand","embeddable":true,"href":"https:\/\/www.marbleangus.com\/hu\/wp-json\/wp\/v2\/product_brand?post=10913"},{"taxonomy":"product_cat","embeddable":true,"href":"https:\/\/www.marbleangus.com\/hu\/wp-json\/wp\/v2\/product_cat?post=10913"},{"taxonomy":"product_tag","embeddable":true,"href":"https:\/\/www.marbleangus.com\/hu\/wp-json\/wp\/v2\/product_tag?post=10913"}],"curies":[{"name":"wp","href":"https:\/\/api.w.org\/{rel}","templated":true}]}}