{"id":10921,"date":"2025-04-08T10:16:45","date_gmt":"2025-04-08T10:16:45","guid":{"rendered":"https:\/\/www.marbleangus.com\/product\/belszin-vesepecsenye-borju-eseten-szuzpecsenye-tenderloin\/"},"modified":"2025-04-24T09:46:26","modified_gmt":"2025-04-24T09:46:26","slug":"belszin-vesepecsenye-borju-eseten-szuzpecsenye-tenderloin","status":"publish","type":"product","link":"https:\/\/www.marbleangus.com\/hu\/termek\/belszin-vesepecsenye-borju-eseten-szuzpecsenye-tenderloin\/","title":{"rendered":"B\u00e9lsz\u00edn (vesepecsenye, borj\u00fa eset\u00e9n sz\u0171zpecsenye) \/Tenderloin"},"content":{"rendered":"<p>A b\u00e9lsz\u00edn (tenderloin), az egyik legkedveltebb h\u00fasr\u00e9sz, amely a h\u00e1t als\u00f3 r\u00e9sz\u00e9b\u0151l sz\u00e1rmazik, k\u00f6zvetlen\u00fcl a gerinc ment\u00e9n, a h\u00e1ts\u00f3 r\u00e9sze alatt, egy kev\u00e9sb\u00e9 haszn\u00e1lt mozg\u00e1si ter\u00fcletr\u0151l. A poz\u00edci\u00f3j\u00e1nak k\u00f6sz\u00f6nhet\u0151en a b\u00e9lsz\u00edn rendk\u00edv\u00fcl puha, nagyon finom text\u00far\u00e1val rendelkezik. A nedves \u00e9rlel\u00e9s sor\u00e1n, minimum 14 napig, a h\u00fast v\u00e1kuumban, kontroll\u00e1lt h\u0151m\u00e9rs\u00e9kleten tartj\u00e1k, hogy intenz\u00edvebb \u00edzt \u00e9s m\u00e9g szaftosabb text\u00far\u00e1t fejlesszen ki. A nedves \u00e9rlel\u00e9s seg\u00edt a h\u00fas tov\u00e1bbi puh\u00edt\u00e1s\u00e1ban, finomabb \u00edzt adva, amely t\u00f6k\u00e9letes a pr\u00e9mium \u00e9telekhez.<\/p>\n","protected":false},"excerpt":{"rendered":"<p>A b\u00e9lsz\u00edn (tenderloin), az egyik legkedveltebb h\u00fasr\u00e9sz, amely a h\u00e1t als\u00f3 r\u00e9sz\u00e9b\u0151l sz\u00e1rmazik, k\u00f6zvetlen\u00fcl a gerinc ment\u00e9n, a h\u00e1ts\u00f3 r\u00e9sze alatt, egy kev\u00e9sb\u00e9 haszn\u00e1lt mozg\u00e1si ter\u00fcletr\u0151l. A poz\u00edci\u00f3j\u00e1nak k\u00f6sz\u00f6nhet\u0151en a b\u00e9lsz\u00edn rendk\u00edv\u00fcl puha, nagyon finom text\u00far\u00e1val rendelkezik. A nedves \u00e9rlel\u00e9s sor\u00e1n, minimum 14 napig, a h\u00fast v\u00e1kuumban, kontroll\u00e1lt h\u0151m\u00e9rs\u00e9kleten tartj\u00e1k, hogy intenz\u00edvebb \u00edzt \u00e9s m\u00e9g szaftosabb text\u00far\u00e1t fejlesszen ki. A nedves \u00e9rlel\u00e9s seg\u00edt a h\u00fas tov\u00e1bbi puh\u00edt\u00e1s\u00e1ban, finomabb \u00edzt adva, amely t\u00f6k\u00e9letes a pr\u00e9mium \u00e9telekhez.<\/p>\n","protected":false},"featured_media":14331,"template":"","meta":{"_acf_changed":false},"product_brand":[],"product_cat":[512],"product_tag":[515],"class_list":{"0":"post-10921","1":"product","2":"type-product","3":"status-publish","4":"has-post-thumbnail","6":"product_cat-rostelyos","7":"product_tag-tokehusok","8":"pa_tip-erleles-nelkul","9":"pa_tip-nedvesen-erlelt-hu","10":"pa_tip-szarazon-erlelt-hu","11":"pa_tipus-erleles-nelkul","12":"pa_tipus-nedvesen-erlelt-hu","13":"pa_tipus-szarazon-erlelt-hu","15":"first","16":"instock","17":"purchasable","18":"product-type-variable"},"acf":[],"aioseo_notices":[],"jetpack_sharing_enabled":true,"_links":{"self":[{"href":"https:\/\/www.marbleangus.com\/hu\/wp-json\/wp\/v2\/product\/10921","targetHints":{"allow":["GET"]}}],"collection":[{"href":"https:\/\/www.marbleangus.com\/hu\/wp-json\/wp\/v2\/product"}],"about":[{"href":"https:\/\/www.marbleangus.com\/hu\/wp-json\/wp\/v2\/types\/product"}],"wp:featuredmedia":[{"embeddable":true,"href":"https:\/\/www.marbleangus.com\/hu\/wp-json\/wp\/v2\/media\/14331"}],"wp:attachment":[{"href":"https:\/\/www.marbleangus.com\/hu\/wp-json\/wp\/v2\/media?parent=10921"}],"wp:term":[{"taxonomy":"product_brand","embeddable":true,"href":"https:\/\/www.marbleangus.com\/hu\/wp-json\/wp\/v2\/product_brand?post=10921"},{"taxonomy":"product_cat","embeddable":true,"href":"https:\/\/www.marbleangus.com\/hu\/wp-json\/wp\/v2\/product_cat?post=10921"},{"taxonomy":"product_tag","embeddable":true,"href":"https:\/\/www.marbleangus.com\/hu\/wp-json\/wp\/v2\/product_tag?post=10921"}],"curies":[{"name":"wp","href":"https:\/\/api.w.org\/{rel}","templated":true}]}}