{"id":10925,"date":"2025-04-08T10:18:33","date_gmt":"2025-04-08T10:18:33","guid":{"rendered":"https:\/\/www.marbleangus.com\/product\/lapocka\/"},"modified":"2025-04-24T09:46:31","modified_gmt":"2025-04-24T09:46:31","slug":"lapocka","status":"publish","type":"product","link":"https:\/\/www.marbleangus.com\/hu\/termek\/lapocka\/","title":{"rendered":"Lapocka"},"content":{"rendered":"<p>A lapocka a marha el\u00fcls\u0151 fels\u0151 r\u00e9sz\u00e9n tal\u00e1lhat\u00f3, pontosabban a v\u00e1ll ter\u00fclet\u00e9n. Kiemelkedik gazdag text\u00far\u00e1j\u00e1val \u00e9s intenz\u00edv \u00edz\u00e9vel, \u00edgy t\u00f6k\u00e9letes v\u00e1laszt\u00e1s a lass\u00fa f\u0151z\u00e9shez k\u00e9sz\u00fclt \u00e9telekhez.<\/p>\n","protected":false},"excerpt":{"rendered":"<p>A lapocka a marha el\u00fcls\u0151 fels\u0151 r\u00e9sz\u00e9n tal\u00e1lhat\u00f3, pontosabban a v\u00e1ll ter\u00fclet\u00e9n. Kiemelkedik gazdag text\u00far\u00e1j\u00e1val \u00e9s intenz\u00edv \u00edz\u00e9vel, \u00edgy t\u00f6k\u00e9letes v\u00e1laszt\u00e1s a lass\u00fa f\u0151z\u00e9shez k\u00e9sz\u00fclt \u00e9telekhez.<\/p>\n","protected":false},"featured_media":14321,"template":"","meta":{"_acf_changed":false},"product_brand":[],"product_cat":[509],"product_tag":[515],"class_list":{"0":"post-10925","1":"product","2":"type-product","3":"status-publish","4":"has-post-thumbnail","6":"product_cat-tarja","7":"product_tag-tokehusok","8":"pa_tip-erleles-nelkul","9":"pa_tip-sous-vide-hu","10":"pa_tipus-erleles-nelkul","11":"pa_tipus-sous-vide-hu","13":"first","14":"instock","15":"purchasable","16":"product-type-variable"},"acf":[],"aioseo_notices":[],"jetpack_sharing_enabled":true,"_links":{"self":[{"href":"https:\/\/www.marbleangus.com\/hu\/wp-json\/wp\/v2\/product\/10925","targetHints":{"allow":["GET"]}}],"collection":[{"href":"https:\/\/www.marbleangus.com\/hu\/wp-json\/wp\/v2\/product"}],"about":[{"href":"https:\/\/www.marbleangus.com\/hu\/wp-json\/wp\/v2\/types\/product"}],"wp:featuredmedia":[{"embeddable":true,"href":"https:\/\/www.marbleangus.com\/hu\/wp-json\/wp\/v2\/media\/14321"}],"wp:attachment":[{"href":"https:\/\/www.marbleangus.com\/hu\/wp-json\/wp\/v2\/media?parent=10925"}],"wp:term":[{"taxonomy":"product_brand","embeddable":true,"href":"https:\/\/www.marbleangus.com\/hu\/wp-json\/wp\/v2\/product_brand?post=10925"},{"taxonomy":"product_cat","embeddable":true,"href":"https:\/\/www.marbleangus.com\/hu\/wp-json\/wp\/v2\/product_cat?post=10925"},{"taxonomy":"product_tag","embeddable":true,"href":"https:\/\/www.marbleangus.com\/hu\/wp-json\/wp\/v2\/product_tag?post=10925"}],"curies":[{"name":"wp","href":"https:\/\/api.w.org\/{rel}","templated":true}]}}