{"id":10928,"date":"2025-04-08T10:20:21","date_gmt":"2025-04-08T10:20:21","guid":{"rendered":"https:\/\/www.marbleangus.com\/product\/felsal\/"},"modified":"2025-04-24T09:46:34","modified_gmt":"2025-04-24T09:46:34","slug":"felsal","status":"publish","type":"product","link":"https:\/\/www.marbleangus.com\/hu\/termek\/felsal\/","title":{"rendered":"Fels\u00e1l"},"content":{"rendered":"<p>A fels\u00e1l egy olyan h\u00fasr\u00e9sz, amely a marha combj\u00e1nak bels\u0151 r\u00e9sz\u00e9n helyezkedik el, k\u00f6zel a csontokhoz. Mivel ez egy olyan izom, amely intenz\u00edven dolgozik a mozg\u00e1s sor\u00e1n, alacsony intramuszkul\u00e1ris zs\u00edrtartalommal rendelkezik, ami kompaktabb \u00e9s s\u0171r\u0171bb text\u00far\u00e1t eredm\u00e9nyez.<\/p>\n","protected":false},"excerpt":{"rendered":"<p>A fels\u00e1l egy olyan h\u00fasr\u00e9sz, amely a marha combj\u00e1nak bels\u0151 r\u00e9sz\u00e9n helyezkedik el, k\u00f6zel a csontokhoz. Mivel ez egy olyan izom, amely intenz\u00edven dolgozik a mozg\u00e1s sor\u00e1n, alacsony intramuszkul\u00e1ris zs\u00edrtartalommal rendelkezik, ami kompaktabb \u00e9s s\u0171r\u0171bb text\u00far\u00e1t eredm\u00e9nyez.<\/p>\n","protected":false},"featured_media":14315,"template":"","meta":{"_acf_changed":false},"product_brand":[],"product_cat":[517],"product_tag":[515],"class_list":{"0":"post-10928","1":"product","2":"type-product","3":"status-publish","4":"has-post-thumbnail","6":"product_cat-comb","7":"product_tag-tokehusok","8":"pa_tip-erleles-nelkul","9":"pa_tip-nedvesen-erlelt-hu","10":"pa_tip-szarazon-erlelt-hu","11":"pa_tipus-erleles-nelkul","12":"pa_tipus-nedvesen-erlelt-hu","13":"pa_tipus-szarazon-erlelt-hu","15":"first","16":"instock","17":"purchasable","18":"product-type-variable"},"acf":[],"aioseo_notices":[],"jetpack_sharing_enabled":true,"_links":{"self":[{"href":"https:\/\/www.marbleangus.com\/hu\/wp-json\/wp\/v2\/product\/10928","targetHints":{"allow":["GET"]}}],"collection":[{"href":"https:\/\/www.marbleangus.com\/hu\/wp-json\/wp\/v2\/product"}],"about":[{"href":"https:\/\/www.marbleangus.com\/hu\/wp-json\/wp\/v2\/types\/product"}],"wp:featuredmedia":[{"embeddable":true,"href":"https:\/\/www.marbleangus.com\/hu\/wp-json\/wp\/v2\/media\/14315"}],"wp:attachment":[{"href":"https:\/\/www.marbleangus.com\/hu\/wp-json\/wp\/v2\/media?parent=10928"}],"wp:term":[{"taxonomy":"product_brand","embeddable":true,"href":"https:\/\/www.marbleangus.com\/hu\/wp-json\/wp\/v2\/product_brand?post=10928"},{"taxonomy":"product_cat","embeddable":true,"href":"https:\/\/www.marbleangus.com\/hu\/wp-json\/wp\/v2\/product_cat?post=10928"},{"taxonomy":"product_tag","embeddable":true,"href":"https:\/\/www.marbleangus.com\/hu\/wp-json\/wp\/v2\/product_tag?post=10928"}],"curies":[{"name":"wp","href":"https:\/\/api.w.org\/{rel}","templated":true}]}}