{"id":10932,"date":"2025-04-08T10:20:21","date_gmt":"2025-04-08T10:20:21","guid":{"rendered":"https:\/\/www.marbleangus.com\/product\/gombolyu-felsal-vagy-dio\/"},"modified":"2025-04-24T09:46:36","modified_gmt":"2025-04-24T09:46:36","slug":"gombolyu-felsal-vagy-dio","status":"publish","type":"product","link":"https:\/\/www.marbleangus.com\/hu\/termek\/gombolyu-felsal-vagy-dio\/","title":{"rendered":"G\u00f6mb\u00f6ly\u0171 fels\u00e1l vagy di\u00f3"},"content":{"rendered":"<p>A fels\u00e1l vagy di\u00f3 egy olyan h\u00fasr\u00e9sz, amely a marha combj\u00e1nak bels\u0151 r\u00e9sz\u00e9n helyezkedik el, k\u00f6zel az \u00e1llat cs\u00edp\u0151j\u00e9hez. Ez a h\u00fasdarab a finom \u00e9s szaftos text\u00far\u00e1j\u00e1r\u00f3l ismert, m\u00e9rs\u00e9kelt intramuszkul\u00e1ris zs\u00edrtartalommal rendelkezik.<\/p>\n","protected":false},"excerpt":{"rendered":"<p>A fels\u00e1l vagy di\u00f3 egy olyan h\u00fasr\u00e9sz, amely a marha combj\u00e1nak bels\u0151 r\u00e9sz\u00e9n helyezkedik el, k\u00f6zel az \u00e1llat cs\u00edp\u0151j\u00e9hez. Ez a h\u00fasdarab a finom \u00e9s szaftos text\u00far\u00e1j\u00e1r\u00f3l ismert, m\u00e9rs\u00e9kelt intramuszkul\u00e1ris zs\u00edrtartalommal rendelkezik.<\/p>\n","protected":false},"featured_media":14306,"template":"","meta":{"_acf_changed":false},"product_brand":[],"product_cat":[517],"product_tag":[515],"class_list":{"0":"post-10932","1":"product","2":"type-product","3":"status-publish","4":"has-post-thumbnail","6":"product_cat-comb","7":"product_tag-tokehusok","8":"pa_tip-erleles-nelkul","9":"pa_tip-sous-vide-hu","10":"pa_tipus-erleles-nelkul","11":"pa_tipus-sous-vide-hu","13":"first","14":"instock","15":"purchasable","16":"product-type-variable"},"acf":[],"aioseo_notices":[],"jetpack_sharing_enabled":true,"_links":{"self":[{"href":"https:\/\/www.marbleangus.com\/hu\/wp-json\/wp\/v2\/product\/10932","targetHints":{"allow":["GET"]}}],"collection":[{"href":"https:\/\/www.marbleangus.com\/hu\/wp-json\/wp\/v2\/product"}],"about":[{"href":"https:\/\/www.marbleangus.com\/hu\/wp-json\/wp\/v2\/types\/product"}],"wp:featuredmedia":[{"embeddable":true,"href":"https:\/\/www.marbleangus.com\/hu\/wp-json\/wp\/v2\/media\/14306"}],"wp:attachment":[{"href":"https:\/\/www.marbleangus.com\/hu\/wp-json\/wp\/v2\/media?parent=10932"}],"wp:term":[{"taxonomy":"product_brand","embeddable":true,"href":"https:\/\/www.marbleangus.com\/hu\/wp-json\/wp\/v2\/product_brand?post=10932"},{"taxonomy":"product_cat","embeddable":true,"href":"https:\/\/www.marbleangus.com\/hu\/wp-json\/wp\/v2\/product_cat?post=10932"},{"taxonomy":"product_tag","embeddable":true,"href":"https:\/\/www.marbleangus.com\/hu\/wp-json\/wp\/v2\/product_tag?post=10932"}],"curies":[{"name":"wp","href":"https:\/\/api.w.org\/{rel}","templated":true}]}}