{"id":10935,"date":"2025-04-08T10:22:06","date_gmt":"2025-04-08T10:22:06","guid":{"rendered":"https:\/\/www.marbleangus.com\/product\/lapos-hatszin\/"},"modified":"2025-04-24T09:46:38","modified_gmt":"2025-04-24T09:46:38","slug":"lapos-hatszin","status":"publish","type":"product","link":"https:\/\/www.marbleangus.com\/hu\/termek\/lapos-hatszin\/","title":{"rendered":"Lapos h\u00e1tsz\u00edn"},"content":{"rendered":"<p>A h\u00e1tsz\u00edn a roastbeef egyik legfontosabb r\u00e9sze, a gerincoszlop \u00e1gy\u00e9ki szakasz\u00e1n helyezkedik el, \u00e9s a comb ir\u00e1ny\u00e1ba ny\u00falik. Gazdag finom intramuszkul\u00e1ris zs\u00edrsz\u00f6vetben \u00e9s t\u00f6k\u00e9letesen \u00f6tv\u00f6zi a puhas\u00e1got \u00e9s az intenz\u00edv \u00edzt, \u00edgy egy felejthetetlen kulin\u00e1ris \u00e9lm\u00e9nyt k\u00edn\u00e1l.<\/p>\n","protected":false},"excerpt":{"rendered":"<p>A h\u00e1tsz\u00edn a roastbeef egyik legfontosabb r\u00e9sze, a gerincoszlop \u00e1gy\u00e9ki szakasz\u00e1n helyezkedik el, \u00e9s a comb ir\u00e1ny\u00e1ba ny\u00falik. Gazdag finom intramuszkul\u00e1ris zs\u00edrsz\u00f6vetben \u00e9s t\u00f6k\u00e9letesen \u00f6tv\u00f6zi a puhas\u00e1got \u00e9s az intenz\u00edv \u00edzt, \u00edgy egy felejthetetlen kulin\u00e1ris \u00e9lm\u00e9nyt k\u00edn\u00e1l.<\/p>\n","protected":false},"featured_media":14290,"template":"","meta":{"_acf_changed":false},"product_brand":[],"product_cat":[519],"product_tag":[515],"class_list":{"0":"post-10935","1":"product","2":"type-product","3":"status-publish","4":"has-post-thumbnail","6":"product_cat-hatszin","7":"product_tag-tokehusok","8":"pa_tip-erleles-nelkul","9":"pa_tip-nedvesen-erlelt-hu","10":"pa_tip-szarazon-erlelt-hu","11":"pa_tipus-erleles-nelkul","12":"pa_tipus-nedvesen-erlelt-hu","13":"pa_tipus-szarazon-erlelt-hu","15":"first","16":"instock","17":"purchasable","18":"product-type-variable"},"acf":[],"aioseo_notices":[],"jetpack_sharing_enabled":true,"_links":{"self":[{"href":"https:\/\/www.marbleangus.com\/hu\/wp-json\/wp\/v2\/product\/10935","targetHints":{"allow":["GET"]}}],"collection":[{"href":"https:\/\/www.marbleangus.com\/hu\/wp-json\/wp\/v2\/product"}],"about":[{"href":"https:\/\/www.marbleangus.com\/hu\/wp-json\/wp\/v2\/types\/product"}],"wp:featuredmedia":[{"embeddable":true,"href":"https:\/\/www.marbleangus.com\/hu\/wp-json\/wp\/v2\/media\/14290"}],"wp:attachment":[{"href":"https:\/\/www.marbleangus.com\/hu\/wp-json\/wp\/v2\/media?parent=10935"}],"wp:term":[{"taxonomy":"product_brand","embeddable":true,"href":"https:\/\/www.marbleangus.com\/hu\/wp-json\/wp\/v2\/product_brand?post=10935"},{"taxonomy":"product_cat","embeddable":true,"href":"https:\/\/www.marbleangus.com\/hu\/wp-json\/wp\/v2\/product_cat?post=10935"},{"taxonomy":"product_tag","embeddable":true,"href":"https:\/\/www.marbleangus.com\/hu\/wp-json\/wp\/v2\/product_tag?post=10935"}],"curies":[{"name":"wp","href":"https:\/\/api.w.org\/{rel}","templated":true}]}}