{"id":10939,"date":"2025-04-08T10:23:54","date_gmt":"2025-04-08T10:23:54","guid":{"rendered":"https:\/\/www.marbleangus.com\/product\/lapos-hatszin-csontos\/"},"modified":"2025-04-24T09:46:40","modified_gmt":"2025-04-24T09:46:40","slug":"lapos-hatszin-csontos","status":"publish","type":"product","link":"https:\/\/www.marbleangus.com\/hu\/termek\/lapos-hatszin-csontos\/","title":{"rendered":"Lapos h\u00e1tsz\u00edn &#8211; Csontos"},"content":{"rendered":"<p>A h\u00e1tsz\u00edn a roastbeef egyik legfontosabb r\u00e9sze, a gerincoszlop \u00e1gy\u00e9ki szakasz\u00e1n helyezkedik el, \u00e9s a comb ir\u00e1ny\u00e1ba ny\u00falik. Ez a h\u00fasdarab egy r\u00e9sz\u00e9t a csigoly\u00e1k is alkotj\u00e1k, \u00e9s gazdag finom intramuszkul\u00e1ris zs\u00edrsz\u00f6vetben. Kiv\u00e1l\u00f3an egyes\u00edti a puhas\u00e1got \u00e9s az intenz\u00edv \u00edzt, \u00edgy egy igaz\u00e1n k\u00fcl\u00f6nleges kulin\u00e1ris \u00e9lm\u00e9nyt ny\u00fajt.<\/p>\n","protected":false},"excerpt":{"rendered":"<p>A h\u00e1tsz\u00edn a roastbeef egyik legfontosabb r\u00e9sze, a gerincoszlop \u00e1gy\u00e9ki szakasz\u00e1n helyezkedik el, \u00e9s a comb ir\u00e1ny\u00e1ba ny\u00falik. Ez a h\u00fasdarab egy r\u00e9sz\u00e9t a csigoly\u00e1k is alkotj\u00e1k, \u00e9s gazdag finom intramuszkul\u00e1ris zs\u00edrsz\u00f6vetben. Kiv\u00e1l\u00f3an egyes\u00edti a puhas\u00e1got \u00e9s az intenz\u00edv \u00edzt, \u00edgy egy igaz\u00e1n k\u00fcl\u00f6nleges kulin\u00e1ris \u00e9lm\u00e9nyt ny\u00fajt.<\/p>\n","protected":false},"featured_media":14281,"template":"","meta":{"_acf_changed":false},"product_brand":[],"product_cat":[519],"product_tag":[515],"class_list":{"0":"post-10939","1":"product","2":"type-product","3":"status-publish","4":"has-post-thumbnail","6":"product_cat-hatszin","7":"product_tag-tokehusok","8":"pa_tip-erleles-nelkul","9":"pa_tip-nedvesen-erlelt-hu","10":"pa_tip-szarazon-erlelt-hu","11":"pa_tipus-erleles-nelkul","13":"first","14":"instock","15":"purchasable","16":"product-type-variable"},"acf":[],"aioseo_notices":[],"jetpack_sharing_enabled":true,"_links":{"self":[{"href":"https:\/\/www.marbleangus.com\/hu\/wp-json\/wp\/v2\/product\/10939","targetHints":{"allow":["GET"]}}],"collection":[{"href":"https:\/\/www.marbleangus.com\/hu\/wp-json\/wp\/v2\/product"}],"about":[{"href":"https:\/\/www.marbleangus.com\/hu\/wp-json\/wp\/v2\/types\/product"}],"wp:featuredmedia":[{"embeddable":true,"href":"https:\/\/www.marbleangus.com\/hu\/wp-json\/wp\/v2\/media\/14281"}],"wp:attachment":[{"href":"https:\/\/www.marbleangus.com\/hu\/wp-json\/wp\/v2\/media?parent=10939"}],"wp:term":[{"taxonomy":"product_brand","embeddable":true,"href":"https:\/\/www.marbleangus.com\/hu\/wp-json\/wp\/v2\/product_brand?post=10939"},{"taxonomy":"product_cat","embeddable":true,"href":"https:\/\/www.marbleangus.com\/hu\/wp-json\/wp\/v2\/product_cat?post=10939"},{"taxonomy":"product_tag","embeddable":true,"href":"https:\/\/www.marbleangus.com\/hu\/wp-json\/wp\/v2\/product_tag?post=10939"}],"curies":[{"name":"wp","href":"https:\/\/api.w.org\/{rel}","templated":true}]}}