{"id":10943,"date":"2025-04-08T10:25:43","date_gmt":"2025-04-08T10:25:43","guid":{"rendered":"https:\/\/www.marbleangus.com\/product\/tarja\/"},"modified":"2025-04-24T09:46:45","modified_gmt":"2025-04-24T09:46:45","slug":"tarja","status":"publish","type":"product","link":"https:\/\/www.marbleangus.com\/hu\/termek\/tarja\/","title":{"rendered":"Tarja"},"content":{"rendered":"<p>A gerincoszlop ment\u00e9n helyezkedik el, p\u00e1rhuzamosan a has\u00fcreggel, az els\u0151 bord\u00e1t\u00f3l eg\u00e9szen a h\u00e1tsz\u00ednig. A m\u00e9rs\u00e9kelt intramuszkul\u00e1ris zs\u00edrtartalm\u00e1nak k\u00f6sz\u00f6nhet\u0151en intenz\u00edv m\u00e1rv\u00e1nyozotts\u00e1ggal rendelkezik, b\u00e1r a h\u00e1tsz\u00ednhez k\u00e9pest kiss\u00e9 enyh\u00e9bb. Ennek ellen\u00e9re kiv\u00e1l\u00f3 alternat\u00edv\u00e1t jelent, hiszen hasonl\u00f3 gazdag \u00edzeket \u00e9s szaftos text\u00far\u00e1t biztos\u00edt.<\/p>\n","protected":false},"excerpt":{"rendered":"<p>A gerincoszlop ment\u00e9n helyezkedik el, p\u00e1rhuzamosan a has\u00fcreggel, az els\u0151 bord\u00e1t\u00f3l eg\u00e9szen a h\u00e1tsz\u00ednig. A m\u00e9rs\u00e9kelt intramuszkul\u00e1ris zs\u00edrtartalm\u00e1nak k\u00f6sz\u00f6nhet\u0151en intenz\u00edv m\u00e1rv\u00e1nyozotts\u00e1ggal rendelkezik, b\u00e1r a h\u00e1tsz\u00ednhez k\u00e9pest kiss\u00e9 enyh\u00e9bb. Ennek ellen\u00e9re kiv\u00e1l\u00f3 alternat\u00edv\u00e1t jelent, hiszen hasonl\u00f3 gazdag \u00edzeket \u00e9s szaftos text\u00far\u00e1t biztos\u00edt.<\/p>\n","protected":false},"featured_media":14272,"template":"","meta":{"_acf_changed":false},"product_brand":[],"product_cat":[509],"product_tag":[515],"class_list":{"0":"post-10943","1":"product","2":"type-product","3":"status-publish","4":"has-post-thumbnail","6":"product_cat-tarja","7":"product_tag-tokehusok","8":"pa_tip-erleles-nelkul","9":"pa_tip-sous-vide-hu","10":"pa_tipus-erleles-nelkul","11":"pa_tipus-sous-vide-hu","13":"first","14":"instock","15":"sale","16":"purchasable","17":"product-type-variable"},"acf":[],"aioseo_notices":[],"jetpack_sharing_enabled":true,"_links":{"self":[{"href":"https:\/\/www.marbleangus.com\/hu\/wp-json\/wp\/v2\/product\/10943","targetHints":{"allow":["GET"]}}],"collection":[{"href":"https:\/\/www.marbleangus.com\/hu\/wp-json\/wp\/v2\/product"}],"about":[{"href":"https:\/\/www.marbleangus.com\/hu\/wp-json\/wp\/v2\/types\/product"}],"wp:featuredmedia":[{"embeddable":true,"href":"https:\/\/www.marbleangus.com\/hu\/wp-json\/wp\/v2\/media\/14272"}],"wp:attachment":[{"href":"https:\/\/www.marbleangus.com\/hu\/wp-json\/wp\/v2\/media?parent=10943"}],"wp:term":[{"taxonomy":"product_brand","embeddable":true,"href":"https:\/\/www.marbleangus.com\/hu\/wp-json\/wp\/v2\/product_brand?post=10943"},{"taxonomy":"product_cat","embeddable":true,"href":"https:\/\/www.marbleangus.com\/hu\/wp-json\/wp\/v2\/product_cat?post=10943"},{"taxonomy":"product_tag","embeddable":true,"href":"https:\/\/www.marbleangus.com\/hu\/wp-json\/wp\/v2\/product_tag?post=10943"}],"curies":[{"name":"wp","href":"https:\/\/api.w.org\/{rel}","templated":true}]}}