{"id":10951,"date":"2025-04-08T10:27:32","date_gmt":"2025-04-08T10:27:32","guid":{"rendered":"https:\/\/www.marbleangus.com\/product\/fekete-pecsenye\/"},"modified":"2025-04-24T09:46:49","modified_gmt":"2025-04-24T09:46:49","slug":"fekete-pecsenye","status":"publish","type":"product","link":"https:\/\/www.marbleangus.com\/hu\/termek\/fekete-pecsenye\/","title":{"rendered":"Fekete pecsenye"},"content":{"rendered":"<p>A fekete pecsenye, amely a comb h\u00e1ts\u00f3 r\u00e9sz\u00e9b\u0151l sz\u00e1rmazik, egy er\u0151teljesebb mozg\u00e1st ig\u00e9nyl\u0151 ter\u00fcletr\u0151l. T\u00f6megesebb, kevesebb zs\u00edrt tartalmaz.<\/p>\n","protected":false},"excerpt":{"rendered":"<p>A fekete pecsenye, amely a comb h\u00e1ts\u00f3 r\u00e9sz\u00e9b\u0151l sz\u00e1rmazik, egy er\u0151teljesebb mozg\u00e1st ig\u00e9nyl\u0151 ter\u00fcletr\u0151l. T\u00f6megesebb, kevesebb zs\u00edrt tartalmaz.<\/p>\n","protected":false},"featured_media":14263,"template":"","meta":{"_acf_changed":false},"product_brand":[],"product_cat":[517],"product_tag":[515],"class_list":{"0":"post-10951","1":"product","2":"type-product","3":"status-publish","4":"has-post-thumbnail","6":"product_cat-comb","7":"product_tag-tokehusok","8":"pa_tip-erleles-nelkul","9":"pa_tip-sous-vide-hu","10":"pa_tipus-erleles-nelkul","11":"pa_tipus-sous-vide-hu","13":"first","14":"instock","15":"purchasable","16":"product-type-variable"},"acf":[],"aioseo_notices":[],"jetpack_sharing_enabled":true,"_links":{"self":[{"href":"https:\/\/www.marbleangus.com\/hu\/wp-json\/wp\/v2\/product\/10951","targetHints":{"allow":["GET"]}}],"collection":[{"href":"https:\/\/www.marbleangus.com\/hu\/wp-json\/wp\/v2\/product"}],"about":[{"href":"https:\/\/www.marbleangus.com\/hu\/wp-json\/wp\/v2\/types\/product"}],"wp:featuredmedia":[{"embeddable":true,"href":"https:\/\/www.marbleangus.com\/hu\/wp-json\/wp\/v2\/media\/14263"}],"wp:attachment":[{"href":"https:\/\/www.marbleangus.com\/hu\/wp-json\/wp\/v2\/media?parent=10951"}],"wp:term":[{"taxonomy":"product_brand","embeddable":true,"href":"https:\/\/www.marbleangus.com\/hu\/wp-json\/wp\/v2\/product_brand?post=10951"},{"taxonomy":"product_cat","embeddable":true,"href":"https:\/\/www.marbleangus.com\/hu\/wp-json\/wp\/v2\/product_cat?post=10951"},{"taxonomy":"product_tag","embeddable":true,"href":"https:\/\/www.marbleangus.com\/hu\/wp-json\/wp\/v2\/product_tag?post=10951"}],"curies":[{"name":"wp","href":"https:\/\/api.w.org\/{rel}","templated":true}]}}