{"id":10957,"date":"2025-04-08T10:28:15","date_gmt":"2025-04-08T10:28:15","guid":{"rendered":"https:\/\/www.marbleangus.com\/product\/farto-rump-spitz\/"},"modified":"2025-04-24T09:46:55","modified_gmt":"2025-04-24T09:46:55","slug":"farto-rump-spitz","status":"publish","type":"product","link":"https:\/\/www.marbleangus.com\/hu\/termek\/farto-rump-spitz\/","title":{"rendered":"Fart\u0151\/Rump (spitz)"},"content":{"rendered":"<p>A fart\u0151 a comb fels\u0151 r\u00e9sz\u00e9b\u0151l sz\u00e1rmazik, a roast beef folytat\u00e1sak\u00e9nt, a h\u00e1tsz\u00edn ut\u00e1n. Mivel nem vesz r\u00e9szt akt\u00edvan a mozg\u00e1sban, k\u00fcl\u00f6n\u00f6sen oml\u00f3s \u00e9s j\u00f3l m\u00e1rv\u00e1nyozott, \u00e9s val\u00f3j\u00e1ban a leg\u00e9rt\u00e9kesebb h\u00fasr\u00e9sz a combb\u00f3l.<\/p>\n","protected":false},"excerpt":{"rendered":"<p>A fart\u0151 a comb fels\u0151 r\u00e9sz\u00e9b\u0151l sz\u00e1rmazik, a roast beef folytat\u00e1sak\u00e9nt, a h\u00e1tsz\u00edn ut\u00e1n. Mivel nem vesz r\u00e9szt akt\u00edvan a mozg\u00e1sban, k\u00fcl\u00f6n\u00f6sen oml\u00f3s \u00e9s j\u00f3l m\u00e1rv\u00e1nyozott, \u00e9s val\u00f3j\u00e1ban a leg\u00e9rt\u00e9kesebb h\u00fasr\u00e9sz a combb\u00f3l.<\/p>\n","protected":false},"featured_media":14254,"template":"","meta":{"_acf_changed":false},"product_brand":[],"product_cat":[517],"product_tag":[515],"class_list":{"0":"post-10957","1":"product","2":"type-product","3":"status-publish","4":"has-post-thumbnail","6":"product_cat-comb","7":"product_tag-tokehusok","8":"pa_tip-erleles-nelkul","9":"pa_tip-sous-vide-hu","10":"pa_tipus-erleles-nelkul","11":"pa_tipus-sous-vide-hu","13":"first","14":"instock","15":"purchasable","16":"product-type-variable"},"acf":[],"aioseo_notices":[],"jetpack_sharing_enabled":true,"_links":{"self":[{"href":"https:\/\/www.marbleangus.com\/hu\/wp-json\/wp\/v2\/product\/10957","targetHints":{"allow":["GET"]}}],"collection":[{"href":"https:\/\/www.marbleangus.com\/hu\/wp-json\/wp\/v2\/product"}],"about":[{"href":"https:\/\/www.marbleangus.com\/hu\/wp-json\/wp\/v2\/types\/product"}],"wp:featuredmedia":[{"embeddable":true,"href":"https:\/\/www.marbleangus.com\/hu\/wp-json\/wp\/v2\/media\/14254"}],"wp:attachment":[{"href":"https:\/\/www.marbleangus.com\/hu\/wp-json\/wp\/v2\/media?parent=10957"}],"wp:term":[{"taxonomy":"product_brand","embeddable":true,"href":"https:\/\/www.marbleangus.com\/hu\/wp-json\/wp\/v2\/product_brand?post=10957"},{"taxonomy":"product_cat","embeddable":true,"href":"https:\/\/www.marbleangus.com\/hu\/wp-json\/wp\/v2\/product_cat?post=10957"},{"taxonomy":"product_tag","embeddable":true,"href":"https:\/\/www.marbleangus.com\/hu\/wp-json\/wp\/v2\/product_tag?post=10957"}],"curies":[{"name":"wp","href":"https:\/\/api.w.org\/{rel}","templated":true}]}}