{"id":11082,"date":"2025-04-08T11:51:35","date_gmt":"2025-04-08T11:51:35","guid":{"rendered":"https:\/\/www.marbleangus.com\/product\/hanger-steak\/"},"modified":"2025-04-24T09:10:33","modified_gmt":"2025-04-24T09:10:33","slug":"hanger-steak","status":"publish","type":"product","link":"https:\/\/www.marbleangus.com\/hu\/termek\/hanger-steak\/","title":{"rendered":"Hanger Steak"},"content":{"rendered":"<p>A Hanger steak, vagy m\u00e1s n\u00e9ven pilier izom, egy V alak\u00fa izomcsoport. Ismert butcher&#8217;s steak n\u00e9ven is, \u00e9s kedvelt a gazdag \u00edze \u00e9s puhas\u00e1ga miatt. Ez a h\u00fasdarab a rekeszizomb\u00f3l sz\u00e1rmazik. R\u00e9gen ezt a marhah\u00fast n\u00e9ha &#8220;hentes steak&#8221;-nek nevezt\u00e9k, mivel a hentesek gyakran saj\u00e1t maguknak tartott\u00e1k meg. Ezt az\u00e9rt tett\u00e9k, mert sokan \u00fagy v\u00e9lt\u00e9k, hogy \u00e9rt\u00e9ktelen h\u00fasdarabr\u00f3l van sz\u00f3, pedig val\u00f3j\u00e1ban az egyik legpuh\u00e1bb \u00e9s leg\u00edzletesebb r\u00e9sze.<\/p>\n","protected":false},"excerpt":{"rendered":"<p>A Hanger steak, vagy m\u00e1s n\u00e9ven pilier izom, egy V alak\u00fa izomcsoport. Ismert butcher&#8217;s steak n\u00e9ven is, \u00e9s kedvelt a gazdag \u00edze \u00e9s puhas\u00e1ga miatt. Ez a h\u00fasdarab a rekeszizomb\u00f3l sz\u00e1rmazik. R\u00e9gen ezt a marhah\u00fast n\u00e9ha &#8220;hentes steak&#8221;-nek nevezt\u00e9k, mivel a hentesek gyakran saj\u00e1t maguknak tartott\u00e1k meg. Ezt az\u00e9rt tett\u00e9k, mert sokan \u00fagy v\u00e9lt\u00e9k, hogy \u00e9rt\u00e9ktelen h\u00fasdarabr\u00f3l van sz\u00f3, pedig val\u00f3j\u00e1ban az egyik legpuh\u00e1bb \u00e9s leg\u00edzletesebb r\u00e9sze.<\/p>\n","protected":false},"featured_media":14496,"template":"","meta":{"_acf_changed":false},"product_brand":[],"product_cat":[513],"product_tag":[510],"class_list":{"0":"post-11082","1":"product","2":"type-product","3":"status-publish","4":"has-post-thumbnail","6":"product_cat-hasaalja","7":"product_tag-premium-steakek","9":"first","10":"instock","11":"sale","12":"purchasable","13":"product-type-simple"},"acf":[],"aioseo_notices":[],"jetpack_sharing_enabled":true,"_links":{"self":[{"href":"https:\/\/www.marbleangus.com\/hu\/wp-json\/wp\/v2\/product\/11082","targetHints":{"allow":["GET"]}}],"collection":[{"href":"https:\/\/www.marbleangus.com\/hu\/wp-json\/wp\/v2\/product"}],"about":[{"href":"https:\/\/www.marbleangus.com\/hu\/wp-json\/wp\/v2\/types\/product"}],"wp:featuredmedia":[{"embeddable":true,"href":"https:\/\/www.marbleangus.com\/hu\/wp-json\/wp\/v2\/media\/14496"}],"wp:attachment":[{"href":"https:\/\/www.marbleangus.com\/hu\/wp-json\/wp\/v2\/media?parent=11082"}],"wp:term":[{"taxonomy":"product_brand","embeddable":true,"href":"https:\/\/www.marbleangus.com\/hu\/wp-json\/wp\/v2\/product_brand?post=11082"},{"taxonomy":"product_cat","embeddable":true,"href":"https:\/\/www.marbleangus.com\/hu\/wp-json\/wp\/v2\/product_cat?post=11082"},{"taxonomy":"product_tag","embeddable":true,"href":"https:\/\/www.marbleangus.com\/hu\/wp-json\/wp\/v2\/product_tag?post=11082"}],"curies":[{"name":"wp","href":"https:\/\/api.w.org\/{rel}","templated":true}]}}