{"id":11087,"date":"2025-04-08T11:51:35","date_gmt":"2025-04-08T11:51:35","guid":{"rendered":"https:\/\/www.marbleangus.com\/product\/osztrak-szalami-xl\/"},"modified":"2025-04-24T09:10:33","modified_gmt":"2025-04-24T09:10:33","slug":"osztrak-szalami-xl","status":"publish","type":"product","link":"https:\/\/www.marbleangus.com\/hu\/termek\/osztrak-szalami-xl\/","title":{"rendered":"Osztr\u00e1k Szal\u00e1mi XL"},"content":{"rendered":"<p>Az Osztr\u00e1k Szal\u00e1mi egy pr\u00e9mium min\u0151s\u00e9g\u0171, Black Angus marhah\u00fasb\u00f3l k\u00e9sz\u00fclt f\u0151tt-f\u00fcst\u00f6lt k\u00fcl\u00f6nlegess\u00e9g, amelyet a klasszikus osztr\u00e1k receptek ihlettek. Linzb\u0151l sz\u00e1rmaz\u00f3 specialit\u00e1sk\u00e9nt finom text\u00far\u00e1ja, gazdag arom\u00e1ja \u00e9s a f\u00fcst\u00f6l\u00e9s sor\u00e1n kialakul\u00f3 egyedi, karakteres \u00edzvil\u00e1ga teszi igaz\u00e1n k\u00fcl\u00f6nlegess\u00e9. A friss fokhagyma \u00e9s a gondosan v\u00e1logatott f\u0171szerek tov\u00e1bb gazdag\u00edtj\u00e1k az \u00edz\u00e9lm\u00e9nyt, m\u00edg a f\u00fcst\u00f6l\u00e9s rusztikus \u00e9s autentikus jelleget k\u00f6lcs\u00f6n\u00f6z ennek a kiv\u00e9teles term\u00e9knek.<\/p>\n","protected":false},"excerpt":{"rendered":"<p>Az Osztr\u00e1k Szal\u00e1mi egy pr\u00e9mium min\u0151s\u00e9g\u0171, Black Angus marhah\u00fasb\u00f3l k\u00e9sz\u00fclt f\u0151tt-f\u00fcst\u00f6lt k\u00fcl\u00f6nlegess\u00e9g, amelyet a klasszikus osztr\u00e1k receptek ihlettek. Linzb\u0151l sz\u00e1rmaz\u00f3 specialit\u00e1sk\u00e9nt finom text\u00far\u00e1ja, gazdag arom\u00e1ja \u00e9s a f\u00fcst\u00f6l\u00e9s sor\u00e1n kialakul\u00f3 egyedi, karakteres \u00edzvil\u00e1ga teszi igaz\u00e1n k\u00fcl\u00f6nlegess\u00e9. A friss fokhagyma \u00e9s a gondosan v\u00e1logatott f\u0171szerek tov\u00e1bb gazdag\u00edtj\u00e1k az \u00edz\u00e9lm\u00e9nyt, m\u00edg a f\u00fcst\u00f6l\u00e9s rusztikus \u00e9s autentikus jelleget k\u00f6lcs\u00f6n\u00f6z ennek a kiv\u00e9teles term\u00e9knek.<\/p>\n","protected":false},"featured_media":14514,"template":"","meta":{"_acf_changed":false},"product_brand":[],"product_cat":[533],"product_tag":[534],"class_list":{"0":"post-11087","1":"product","2":"type-product","3":"status-publish","4":"has-post-thumbnail","6":"product_cat-huskeszitmenyek","7":"product_tag-huskeszitmenyek","9":"first","10":"instock","11":"purchasable","12":"product-type-simple"},"acf":[],"aioseo_notices":[],"jetpack_sharing_enabled":true,"_links":{"self":[{"href":"https:\/\/www.marbleangus.com\/hu\/wp-json\/wp\/v2\/product\/11087","targetHints":{"allow":["GET"]}}],"collection":[{"href":"https:\/\/www.marbleangus.com\/hu\/wp-json\/wp\/v2\/product"}],"about":[{"href":"https:\/\/www.marbleangus.com\/hu\/wp-json\/wp\/v2\/types\/product"}],"wp:featuredmedia":[{"embeddable":true,"href":"https:\/\/www.marbleangus.com\/hu\/wp-json\/wp\/v2\/media\/14514"}],"wp:attachment":[{"href":"https:\/\/www.marbleangus.com\/hu\/wp-json\/wp\/v2\/media?parent=11087"}],"wp:term":[{"taxonomy":"product_brand","embeddable":true,"href":"https:\/\/www.marbleangus.com\/hu\/wp-json\/wp\/v2\/product_brand?post=11087"},{"taxonomy":"product_cat","embeddable":true,"href":"https:\/\/www.marbleangus.com\/hu\/wp-json\/wp\/v2\/product_cat?post=11087"},{"taxonomy":"product_tag","embeddable":true,"href":"https:\/\/www.marbleangus.com\/hu\/wp-json\/wp\/v2\/product_tag?post=11087"}],"curies":[{"name":"wp","href":"https:\/\/api.w.org\/{rel}","templated":true}]}}