{"id":11089,"date":"2025-04-08T11:51:35","date_gmt":"2025-04-08T11:51:35","guid":{"rendered":"https:\/\/www.marbleangus.com\/product\/becsi-parizsi\/"},"modified":"2025-04-24T09:10:33","modified_gmt":"2025-04-24T09:10:33","slug":"becsi-parizsi","status":"publish","type":"product","link":"https:\/\/www.marbleangus.com\/hu\/termek\/becsi-parizsi\/","title":{"rendered":"B\u00e9csi P\u00e1rizsi"},"content":{"rendered":"<p>A B\u00e9csi P\u00e1rizsi t\u00f6k\u00e9letes v\u00e1laszt\u00e1s a kiv\u00e1l\u00f3 min\u0151s\u00e9g\u0171 h\u00fas\u00e9telek kedvel\u0151inek, hiszen \u00f6tv\u00f6zi a hagyom\u00e1nyt \u00e9s a b\u00e9csi receptek kifinomults\u00e1g\u00e1t. Black Angus marhah\u00fasb\u00f3l \u00e9s szalonn\u00e1b\u00f3l k\u00e9sz\u00fcl, \u00e9s f\u0151z\u00f6tt, f\u00fcst\u00f6lt virsli form\u00e1j\u00e1ban k\u00edn\u00e1l egy gazdag \u00edzvil\u00e1g\u00fa, l\u00e1gy text\u00far\u00e1j\u00fa kulin\u00e1ris \u00e9lm\u00e9nyt, amely t\u00f6k\u00e9letes a mindennapi \u00e9tkez\u00e9sekhez vagy k\u00fcl\u00f6nleges alkalmakra. A fokhagyma, a bors \u00e9s a must\u00e1r tov\u00e1bb fokozz\u00e1k az \u00edz\u00e9lm\u00e9nyt, m\u00edg a f\u00fcst\u00f6l\u00e9si elj\u00e1r\u00e1s term\u00e9szetes, finoman gazdag f\u00fcst\u00f6s arom\u00e1t ad, amely t\u00f6k\u00e9letesen kieg\u00e9sz\u00edti a marhah\u00fas \u00e9s a szalonna \u00edz\u00e9t.<\/p>\n","protected":false},"excerpt":{"rendered":"<p>A B\u00e9csi P\u00e1rizsi t\u00f6k\u00e9letes v\u00e1laszt\u00e1s a kiv\u00e1l\u00f3 min\u0151s\u00e9g\u0171 h\u00fas\u00e9telek kedvel\u0151inek, hiszen \u00f6tv\u00f6zi a hagyom\u00e1nyt \u00e9s a b\u00e9csi receptek kifinomults\u00e1g\u00e1t. Black Angus marhah\u00fasb\u00f3l \u00e9s szalonn\u00e1b\u00f3l k\u00e9sz\u00fcl, \u00e9s f\u0151z\u00f6tt, f\u00fcst\u00f6lt virsli form\u00e1j\u00e1ban k\u00edn\u00e1l egy gazdag \u00edzvil\u00e1g\u00fa, l\u00e1gy text\u00far\u00e1j\u00fa kulin\u00e1ris \u00e9lm\u00e9nyt, amely t\u00f6k\u00e9letes a mindennapi \u00e9tkez\u00e9sekhez vagy k\u00fcl\u00f6nleges alkalmakra. A fokhagyma, a bors \u00e9s a must\u00e1r tov\u00e1bb fokozz\u00e1k az \u00edz\u00e9lm\u00e9nyt, m\u00edg a f\u00fcst\u00f6l\u00e9si elj\u00e1r\u00e1s term\u00e9szetes, finoman gazdag f\u00fcst\u00f6s arom\u00e1t ad, amely t\u00f6k\u00e9letesen kieg\u00e9sz\u00edti a marhah\u00fas \u00e9s a szalonna \u00edz\u00e9t.<\/p>\n","protected":false},"featured_media":14245,"template":"","meta":{"_acf_changed":false},"product_brand":[],"product_cat":[533],"product_tag":[534],"class_list":{"0":"post-11089","1":"product","2":"type-product","3":"status-publish","4":"has-post-thumbnail","6":"product_cat-huskeszitmenyek","7":"product_tag-huskeszitmenyek","9":"first","10":"instock","11":"purchasable","12":"product-type-simple"},"acf":[],"aioseo_notices":[],"jetpack_sharing_enabled":true,"_links":{"self":[{"href":"https:\/\/www.marbleangus.com\/hu\/wp-json\/wp\/v2\/product\/11089","targetHints":{"allow":["GET"]}}],"collection":[{"href":"https:\/\/www.marbleangus.com\/hu\/wp-json\/wp\/v2\/product"}],"about":[{"href":"https:\/\/www.marbleangus.com\/hu\/wp-json\/wp\/v2\/types\/product"}],"wp:featuredmedia":[{"embeddable":true,"href":"https:\/\/www.marbleangus.com\/hu\/wp-json\/wp\/v2\/media\/14245"}],"wp:attachment":[{"href":"https:\/\/www.marbleangus.com\/hu\/wp-json\/wp\/v2\/media?parent=11089"}],"wp:term":[{"taxonomy":"product_brand","embeddable":true,"href":"https:\/\/www.marbleangus.com\/hu\/wp-json\/wp\/v2\/product_brand?post=11089"},{"taxonomy":"product_cat","embeddable":true,"href":"https:\/\/www.marbleangus.com\/hu\/wp-json\/wp\/v2\/product_cat?post=11089"},{"taxonomy":"product_tag","embeddable":true,"href":"https:\/\/www.marbleangus.com\/hu\/wp-json\/wp\/v2\/product_tag?post=11089"}],"curies":[{"name":"wp","href":"https:\/\/api.w.org\/{rel}","templated":true}]}}