{"id":11090,"date":"2025-04-08T11:51:35","date_gmt":"2025-04-08T11:51:35","guid":{"rendered":"https:\/\/www.marbleangus.com\/product\/rusztikus-miccs\/"},"modified":"2025-11-27T12:15:47","modified_gmt":"2025-11-27T12:15:47","slug":"rusztikus-miccs","status":"publish","type":"product","link":"https:\/\/www.marbleangus.com\/hu\/termek\/rusztikus-miccs\/","title":{"rendered":"Rusztikus Miccs"},"content":{"rendered":"<p>A Rusztikus Miccs Black Angus marhah\u00fasb\u00f3l k\u00e9sz\u00fcl, \u00e9s arra lett tervezve, hogy a hagyom\u00e1nyos rom\u00e1n \u00e9telek \u00edzvil\u00e1g\u00e1t egy magasabb szintre emelje. Kiv\u00e1l\u00f3 min\u0151s\u00e9g\u0171 h\u00fas \u00e9s term\u00e9szetes alapanyagok t\u00f6k\u00e9letes egyens\u00faly\u00e1b\u00f3l k\u00e9sz\u00fclt, szaftos text\u00far\u00e1val \u00e9s gazdag \u00edzvil\u00e1ggal, ide\u00e1lis grillez\u00e9shez vagy serpeny\u0151ben val\u00f3 s\u00fct\u00e9shez.<\/p>\n","protected":false},"excerpt":{"rendered":"<p>A Rusztikus Miccs Black Angus marhah\u00fasb\u00f3l k\u00e9sz\u00fcl, \u00e9s arra lett tervezve, hogy a hagyom\u00e1nyos rom\u00e1n \u00e9telek \u00edzvil\u00e1g\u00e1t egy magasabb szintre emelje. Kiv\u00e1l\u00f3 min\u0151s\u00e9g\u0171 h\u00fas \u00e9s term\u00e9szetes alapanyagok t\u00f6k\u00e9letes egyens\u00faly\u00e1b\u00f3l k\u00e9sz\u00fclt, szaftos text\u00far\u00e1val \u00e9s gazdag \u00edzvil\u00e1ggal, ide\u00e1lis grillez\u00e9shez vagy serpeny\u0151ben val\u00f3 s\u00fct\u00e9shez.<\/p>\n","protected":false},"featured_media":14487,"template":"","meta":{"_acf_changed":false},"product_brand":[],"product_cat":[533],"product_tag":[534],"class_list":{"0":"post-11090","1":"product","2":"type-product","3":"status-publish","4":"has-post-thumbnail","6":"product_cat-huskeszitmenyek","7":"product_tag-huskeszitmenyek","9":"first","10":"instock","11":"sale","12":"purchasable","13":"product-type-simple"},"acf":[],"aioseo_notices":[],"jetpack_sharing_enabled":true,"_links":{"self":[{"href":"https:\/\/www.marbleangus.com\/hu\/wp-json\/wp\/v2\/product\/11090","targetHints":{"allow":["GET"]}}],"collection":[{"href":"https:\/\/www.marbleangus.com\/hu\/wp-json\/wp\/v2\/product"}],"about":[{"href":"https:\/\/www.marbleangus.com\/hu\/wp-json\/wp\/v2\/types\/product"}],"wp:featuredmedia":[{"embeddable":true,"href":"https:\/\/www.marbleangus.com\/hu\/wp-json\/wp\/v2\/media\/14487"}],"wp:attachment":[{"href":"https:\/\/www.marbleangus.com\/hu\/wp-json\/wp\/v2\/media?parent=11090"}],"wp:term":[{"taxonomy":"product_brand","embeddable":true,"href":"https:\/\/www.marbleangus.com\/hu\/wp-json\/wp\/v2\/product_brand?post=11090"},{"taxonomy":"product_cat","embeddable":true,"href":"https:\/\/www.marbleangus.com\/hu\/wp-json\/wp\/v2\/product_cat?post=11090"},{"taxonomy":"product_tag","embeddable":true,"href":"https:\/\/www.marbleangus.com\/hu\/wp-json\/wp\/v2\/product_tag?post=11090"}],"curies":[{"name":"wp","href":"https:\/\/api.w.org\/{rel}","templated":true}]}}