{"id":11091,"date":"2025-04-08T11:51:35","date_gmt":"2025-04-08T11:51:35","guid":{"rendered":"https:\/\/www.marbleangus.com\/product\/rusztikus-hamburger\/"},"modified":"2025-04-24T09:10:33","modified_gmt":"2025-04-24T09:10:33","slug":"rusztikus-hamburger","status":"publish","type":"product","link":"https:\/\/www.marbleangus.com\/hu\/termek\/rusztikus-hamburger\/","title":{"rendered":"Rusztikus Hamburger"},"content":{"rendered":"<p>A Rusztikus hamburger pog\u00e1csa a t\u00f6k\u00e9letes v\u00e1laszt\u00e1s azok sz\u00e1m\u00e1ra, akik kedvelik a pr\u00e9mium marhah\u00fas autentikus \u00edz\u00e9t. 100%-os Black Angus marhah\u00fasb\u00f3l k\u00e9sz\u00fclt, \u00e9s szaftos text\u00far\u00e1t, valamint gazdag, intenz\u00edv \u00edzt k\u00edn\u00e1l, amely a legmagasabb min\u0151s\u00e9g\u0171 h\u00fasra jellemz\u0151. T\u00f6k\u00e9letes v\u00e1laszt\u00e1s grillez\u00e9shez, hamburgerek k\u00e9sz\u00edt\u00e9s\u00e9hez, \u00e9s egy val\u00f3di gasztron\u00f3miai \u00e9lm\u00e9nyt ny\u00fajt az \u00e9tkez\u00e9sek sor\u00e1n.<\/p>\n","protected":false},"excerpt":{"rendered":"<p>A Rusztikus hamburger pog\u00e1csa a t\u00f6k\u00e9letes v\u00e1laszt\u00e1s azok sz\u00e1m\u00e1ra, akik kedvelik a pr\u00e9mium marhah\u00fas autentikus \u00edz\u00e9t. 100%-os Black Angus marhah\u00fasb\u00f3l k\u00e9sz\u00fclt, \u00e9s szaftos text\u00far\u00e1t, valamint gazdag, intenz\u00edv \u00edzt k\u00edn\u00e1l, amely a legmagasabb min\u0151s\u00e9g\u0171 h\u00fasra jellemz\u0151. T\u00f6k\u00e9letes v\u00e1laszt\u00e1s grillez\u00e9shez, hamburgerek k\u00e9sz\u00edt\u00e9s\u00e9hez, \u00e9s egy val\u00f3di gasztron\u00f3miai \u00e9lm\u00e9nyt ny\u00fajt az \u00e9tkez\u00e9sek sor\u00e1n.<\/p>\n","protected":false},"featured_media":14236,"template":"","meta":{"_acf_changed":false},"product_brand":[],"product_cat":[533],"product_tag":[534],"class_list":{"0":"post-11091","1":"product","2":"type-product","3":"status-publish","4":"has-post-thumbnail","6":"product_cat-huskeszitmenyek","7":"product_tag-huskeszitmenyek","9":"first","10":"instock","11":"sale","12":"purchasable","13":"product-type-simple"},"acf":[],"aioseo_notices":[],"jetpack_sharing_enabled":true,"_links":{"self":[{"href":"https:\/\/www.marbleangus.com\/hu\/wp-json\/wp\/v2\/product\/11091","targetHints":{"allow":["GET"]}}],"collection":[{"href":"https:\/\/www.marbleangus.com\/hu\/wp-json\/wp\/v2\/product"}],"about":[{"href":"https:\/\/www.marbleangus.com\/hu\/wp-json\/wp\/v2\/types\/product"}],"wp:featuredmedia":[{"embeddable":true,"href":"https:\/\/www.marbleangus.com\/hu\/wp-json\/wp\/v2\/media\/14236"}],"wp:attachment":[{"href":"https:\/\/www.marbleangus.com\/hu\/wp-json\/wp\/v2\/media?parent=11091"}],"wp:term":[{"taxonomy":"product_brand","embeddable":true,"href":"https:\/\/www.marbleangus.com\/hu\/wp-json\/wp\/v2\/product_brand?post=11091"},{"taxonomy":"product_cat","embeddable":true,"href":"https:\/\/www.marbleangus.com\/hu\/wp-json\/wp\/v2\/product_cat?post=11091"},{"taxonomy":"product_tag","embeddable":true,"href":"https:\/\/www.marbleangus.com\/hu\/wp-json\/wp\/v2\/product_tag?post=11091"}],"curies":[{"name":"wp","href":"https:\/\/api.w.org\/{rel}","templated":true}]}}