{"id":11092,"date":"2025-04-08T11:51:35","date_gmt":"2025-04-08T11:51:35","guid":{"rendered":"https:\/\/www.marbleangus.com\/product\/becsi-virsli\/"},"modified":"2025-04-24T09:10:33","modified_gmt":"2025-04-24T09:10:33","slug":"becsi-virsli","status":"publish","type":"product","link":"https:\/\/www.marbleangus.com\/hu\/termek\/becsi-virsli\/","title":{"rendered":"B\u00e9csi Virsli"},"content":{"rendered":"<p>A B\u00e9csi virsli t\u00f6k\u00e9letes v\u00e1laszt\u00e1st jelentenek a pr\u00e9mium h\u00fas\u00e9telek kedvel\u0151inek, \u00f6tv\u00f6zve a b\u00e9csi recept\u00far\u00e1k hagyom\u00e1nyait \u00e9s kifinomults\u00e1g\u00e1t. Black Angus marhah\u00fasb\u00f3l \u00e9s szalonn\u00e1b\u00f3l k\u00e9sz\u00fclnek, ezek a f\u0151tt \u00e9s f\u00fcst\u00f6lt kolb\u00e1szok gazdag \u00edzvil\u00e1got \u00e9s finom text\u00far\u00e1t k\u00edn\u00e1lnak, ide\u00e1lisak a mindennapi \u00e9tkez\u00e9sekhez vagy k\u00fcl\u00f6nleges alkalmakhoz. A fokhagyma, bors \u00e9s must\u00e1r olyan \u00ednycsikland\u00f3 \u00edzt adnak, m\u00edg a f\u00fcst\u00f6l\u00e9si folyamat finom, term\u00e9szetes f\u00fcst\u00f6s jegyeket k\u00f6lcs\u00f6n\u00f6z, amelyek t\u00f6k\u00e9letesen kieg\u00e9sz\u00edtik a marhah\u00fas \u00e9s szalonna \u00edz\u00e9t.<\/p>\n","protected":false},"excerpt":{"rendered":"<p>A B\u00e9csi virsli t\u00f6k\u00e9letes v\u00e1laszt\u00e1st jelentenek a pr\u00e9mium h\u00fas\u00e9telek kedvel\u0151inek, \u00f6tv\u00f6zve a b\u00e9csi recept\u00far\u00e1k hagyom\u00e1nyait \u00e9s kifinomults\u00e1g\u00e1t. Black Angus marhah\u00fasb\u00f3l \u00e9s szalonn\u00e1b\u00f3l k\u00e9sz\u00fclnek, ezek a f\u0151tt \u00e9s f\u00fcst\u00f6lt kolb\u00e1szok gazdag \u00edzvil\u00e1got \u00e9s finom text\u00far\u00e1t k\u00edn\u00e1lnak, ide\u00e1lisak a mindennapi \u00e9tkez\u00e9sekhez vagy k\u00fcl\u00f6nleges alkalmakhoz. A fokhagyma, bors \u00e9s must\u00e1r olyan \u00ednycsikland\u00f3 \u00edzt adnak, m\u00edg a f\u00fcst\u00f6l\u00e9si folyamat finom, term\u00e9szetes f\u00fcst\u00f6s jegyeket k\u00f6lcs\u00f6n\u00f6z, amelyek t\u00f6k\u00e9letesen kieg\u00e9sz\u00edtik a marhah\u00fas \u00e9s szalonna \u00edz\u00e9t.<\/p>\n","protected":false},"featured_media":14227,"template":"","meta":{"_acf_changed":false},"product_brand":[],"product_cat":[533],"product_tag":[534],"class_list":{"0":"post-11092","1":"product","2":"type-product","3":"status-publish","4":"has-post-thumbnail","6":"product_cat-huskeszitmenyek","7":"product_tag-huskeszitmenyek","9":"first","10":"instock","11":"purchasable","12":"product-type-simple"},"acf":[],"aioseo_notices":[],"jetpack_sharing_enabled":true,"_links":{"self":[{"href":"https:\/\/www.marbleangus.com\/hu\/wp-json\/wp\/v2\/product\/11092","targetHints":{"allow":["GET"]}}],"collection":[{"href":"https:\/\/www.marbleangus.com\/hu\/wp-json\/wp\/v2\/product"}],"about":[{"href":"https:\/\/www.marbleangus.com\/hu\/wp-json\/wp\/v2\/types\/product"}],"wp:featuredmedia":[{"embeddable":true,"href":"https:\/\/www.marbleangus.com\/hu\/wp-json\/wp\/v2\/media\/14227"}],"wp:attachment":[{"href":"https:\/\/www.marbleangus.com\/hu\/wp-json\/wp\/v2\/media?parent=11092"}],"wp:term":[{"taxonomy":"product_brand","embeddable":true,"href":"https:\/\/www.marbleangus.com\/hu\/wp-json\/wp\/v2\/product_brand?post=11092"},{"taxonomy":"product_cat","embeddable":true,"href":"https:\/\/www.marbleangus.com\/hu\/wp-json\/wp\/v2\/product_cat?post=11092"},{"taxonomy":"product_tag","embeddable":true,"href":"https:\/\/www.marbleangus.com\/hu\/wp-json\/wp\/v2\/product_tag?post=11092"}],"curies":[{"name":"wp","href":"https:\/\/api.w.org\/{rel}","templated":true}]}}