{"id":11093,"date":"2025-04-08T11:51:35","date_gmt":"2025-04-08T11:51:35","guid":{"rendered":"https:\/\/www.marbleangus.com\/product\/marha-gulyashus\/"},"modified":"2025-04-24T09:10:33","modified_gmt":"2025-04-24T09:10:33","slug":"marha-gulyashus","status":"publish","type":"product","link":"https:\/\/www.marbleangus.com\/hu\/termek\/marha-gulyashus\/","title":{"rendered":"Marha Guly\u00e1sh\u00fas"},"content":{"rendered":"<p>A guly\u00e1sh\u00fas a l\u00e1bsz\u00e1r \u00e9s\/vagy a lapocka alacsony zs\u00edrtartalm\u00fa r\u00e9szeinek, ar\u00e1nyos felkock\u00e1z\u00e1s\u00e1val k\u00e9sz\u00fcl.<\/p>\n","protected":false},"excerpt":{"rendered":"<p>A guly\u00e1sh\u00fas a l\u00e1bsz\u00e1r \u00e9s\/vagy a lapocka alacsony zs\u00edrtartalm\u00fa r\u00e9szeinek, ar\u00e1nyos felkock\u00e1z\u00e1s\u00e1val k\u00e9sz\u00fcl.<\/p>\n","protected":false},"featured_media":14478,"template":"","meta":{"_acf_changed":false},"product_brand":[],"product_cat":[533],"product_tag":[534],"class_list":{"0":"post-11093","1":"product","2":"type-product","3":"status-publish","4":"has-post-thumbnail","6":"product_cat-huskeszitmenyek","7":"product_tag-huskeszitmenyek","9":"first","10":"instock","11":"purchasable","12":"product-type-simple"},"acf":[],"aioseo_notices":[],"jetpack_sharing_enabled":true,"_links":{"self":[{"href":"https:\/\/www.marbleangus.com\/hu\/wp-json\/wp\/v2\/product\/11093","targetHints":{"allow":["GET"]}}],"collection":[{"href":"https:\/\/www.marbleangus.com\/hu\/wp-json\/wp\/v2\/product"}],"about":[{"href":"https:\/\/www.marbleangus.com\/hu\/wp-json\/wp\/v2\/types\/product"}],"wp:featuredmedia":[{"embeddable":true,"href":"https:\/\/www.marbleangus.com\/hu\/wp-json\/wp\/v2\/media\/14478"}],"wp:attachment":[{"href":"https:\/\/www.marbleangus.com\/hu\/wp-json\/wp\/v2\/media?parent=11093"}],"wp:term":[{"taxonomy":"product_brand","embeddable":true,"href":"https:\/\/www.marbleangus.com\/hu\/wp-json\/wp\/v2\/product_brand?post=11093"},{"taxonomy":"product_cat","embeddable":true,"href":"https:\/\/www.marbleangus.com\/hu\/wp-json\/wp\/v2\/product_cat?post=11093"},{"taxonomy":"product_tag","embeddable":true,"href":"https:\/\/www.marbleangus.com\/hu\/wp-json\/wp\/v2\/product_tag?post=11093"}],"curies":[{"name":"wp","href":"https:\/\/api.w.org\/{rel}","templated":true}]}}