{"id":11094,"date":"2025-04-08T11:51:35","date_gmt":"2025-04-08T11:51:35","guid":{"rendered":"https:\/\/www.marbleangus.com\/product\/autentikus-grill-kolbasz\/"},"modified":"2025-04-16T08:07:28","modified_gmt":"2025-04-16T08:07:28","slug":"autentikus-grill-kolbasz","status":"publish","type":"product","link":"https:\/\/www.marbleangus.com\/hu\/termek\/autentikus-grill-kolbasz\/","title":{"rendered":"Autentikus Grill Kolb\u00e1sz"},"content":{"rendered":"<p>Az Autentikus Grill kolb\u00e1szokat kifejezetten a grillez\u00e9s szerelmeseinek alkottuk meg, t\u00f6k\u00e9letes egyens\u00falyt teremtve az \u00edz, a text\u00fara \u00e9s a min\u0151s\u00e9g k\u00f6z\u00f6tt. A legkiv\u00e1l\u00f3bb Black Angus marhah\u00fasb\u00f3l k\u00e9sz\u00fclnek, friss szalonn\u00e1val, arom\u00e1s f\u0171szerekkel \u00e9s sz\u00e1r\u00edtott z\u00f6lds\u00e9gekkel gazdag\u00edtva, hogy egy autentikus \u00e9s eml\u00e9kezetes gasztron\u00f3miai \u00e9lm\u00e9nyt ny\u00fajtsanak.<\/p>\n","protected":false},"excerpt":{"rendered":"<p>Az Autentikus Grill kolb\u00e1szokat kifejezetten a grillez\u00e9s szerelmeseinek alkottuk meg, t\u00f6k\u00e9letes egyens\u00falyt teremtve az \u00edz, a text\u00fara \u00e9s a min\u0151s\u00e9g k\u00f6z\u00f6tt. A legkiv\u00e1l\u00f3bb Black Angus marhah\u00fasb\u00f3l k\u00e9sz\u00fclnek, friss szalonn\u00e1val, arom\u00e1s f\u0171szerekkel \u00e9s sz\u00e1r\u00edtott z\u00f6lds\u00e9gekkel gazdag\u00edtva, hogy egy autentikus \u00e9s eml\u00e9kezetes gasztron\u00f3miai \u00e9lm\u00e9nyt ny\u00fajtsanak.<\/p>\n","protected":false},"featured_media":14469,"template":"","meta":{"_acf_changed":false},"product_brand":[],"product_cat":[533],"product_tag":[534],"class_list":{"0":"post-11094","1":"product","2":"type-product","3":"status-publish","4":"has-post-thumbnail","6":"product_cat-huskeszitmenyek","7":"product_tag-huskeszitmenyek","9":"first","10":"instock","11":"purchasable","12":"product-type-simple"},"acf":[],"aioseo_notices":[],"jetpack_sharing_enabled":true,"_links":{"self":[{"href":"https:\/\/www.marbleangus.com\/hu\/wp-json\/wp\/v2\/product\/11094","targetHints":{"allow":["GET"]}}],"collection":[{"href":"https:\/\/www.marbleangus.com\/hu\/wp-json\/wp\/v2\/product"}],"about":[{"href":"https:\/\/www.marbleangus.com\/hu\/wp-json\/wp\/v2\/types\/product"}],"wp:featuredmedia":[{"embeddable":true,"href":"https:\/\/www.marbleangus.com\/hu\/wp-json\/wp\/v2\/media\/14469"}],"wp:attachment":[{"href":"https:\/\/www.marbleangus.com\/hu\/wp-json\/wp\/v2\/media?parent=11094"}],"wp:term":[{"taxonomy":"product_brand","embeddable":true,"href":"https:\/\/www.marbleangus.com\/hu\/wp-json\/wp\/v2\/product_brand?post=11094"},{"taxonomy":"product_cat","embeddable":true,"href":"https:\/\/www.marbleangus.com\/hu\/wp-json\/wp\/v2\/product_cat?post=11094"},{"taxonomy":"product_tag","embeddable":true,"href":"https:\/\/www.marbleangus.com\/hu\/wp-json\/wp\/v2\/product_tag?post=11094"}],"curies":[{"name":"wp","href":"https:\/\/api.w.org\/{rel}","templated":true}]}}