{"id":13453,"date":"2025-08-26T08:55:29","date_gmt":"2025-08-26T08:55:29","guid":{"rendered":"https:\/\/www.marbleangus.com\/product\/rustic-grill-pack\/"},"modified":"2026-04-27T07:42:50","modified_gmt":"2026-04-27T07:42:50","slug":"rustic-grill-pack","status":"publish","type":"product","link":"https:\/\/www.marbleangus.com\/hu\/termek\/rustic-grill-pack\/","title":{"rendered":"Rustic Grill Pack"},"content":{"rendered":"<p data-start=\"536\" data-end=\"650\">Egy csomagban minden, ami egy j\u00f3 hangulat\u00fa s\u00fct\u00f6get\u00e9shez kell!<br data-start=\"628\" data-end=\"631\" \/>A csomag tartalmaz:<\/p>\n<ul data-start=\"651\" data-end=\"754\">\n<li data-start=\"651\" data-end=\"675\">\n<p data-start=\"653\" data-end=\"675\"><strong data-start=\"653\" data-end=\"673\">Miccs \u2013 2,4 kg<\/strong><\/p>\n<\/li>\n<li data-start=\"676\" data-end=\"710\">\n<p data-start=\"678\" data-end=\"710\"><strong data-start=\"678\" data-end=\"708\">Grillkolb\u00e1sz \u2013 1,4 kg<\/strong><\/p>\n<\/li>\n<li data-start=\"711\" data-end=\"754\">\n<p data-start=\"713\" data-end=\"754\"><strong data-start=\"713\" data-end=\"752\">Hamburger pog\u00e1csa \u2013 0,75 kg<\/strong><\/p>\n<\/li>\n<\/ul>\n<p data-start=\"756\" data-end=\"918\">T\u00f6k\u00e9letes v\u00e1laszt\u00e1s kerti s\u00fct\u00f6get\u00e9sekhez, ny\u00e1ri bulikhoz vagy h\u00e9tv\u00e9gi \u00f6sszej\u00f6vetelekhez. Egy csomagban minden, ami egy igaz\u00e1n j\u00f3 grillpartihoz kell!<\/p>\n","protected":false},"excerpt":{"rendered":"<p data-start=\"536\" data-end=\"650\">Egy csomagban minden, ami egy j\u00f3 hangulat\u00fa s\u00fct\u00f6get\u00e9shez kell!<br data-start=\"628\" data-end=\"631\" \/>A csomag tartalmaz:<\/p>\n<ul data-start=\"651\" data-end=\"754\">\n<li data-start=\"651\" data-end=\"675\">\n<p data-start=\"653\" data-end=\"675\"><strong data-start=\"653\" data-end=\"673\">Miccs \u2013 2,4 kg<\/strong><\/p>\n<\/li>\n<li data-start=\"676\" data-end=\"710\">\n<p data-start=\"678\" data-end=\"710\"><strong data-start=\"678\" data-end=\"708\">Grillkolb\u00e1sz \u2013 1,4 kg<\/strong><\/p>\n<\/li>\n<li data-start=\"711\" data-end=\"754\">\n<p data-start=\"713\" data-end=\"754\"><strong data-start=\"713\" data-end=\"752\">Hamburger pog\u00e1csa \u2013 0,75 kg<\/strong><\/p>\n<\/li>\n<\/ul>\n<p data-start=\"756\" data-end=\"918\">T\u00f6k\u00e9letes v\u00e1laszt\u00e1s kerti s\u00fct\u00f6get\u00e9sekhez, ny\u00e1ri bulikhoz vagy h\u00e9tv\u00e9gi \u00f6sszej\u00f6vetelekhez. Egy csomagban minden, ami egy igaz\u00e1n j\u00f3 grillpartihoz kell!<\/p>\n","protected":false},"featured_media":15853,"template":"","meta":{"_acf_changed":false},"product_brand":[],"product_cat":[533],"product_tag":[574],"class_list":{"0":"post-13453","1":"product","2":"type-product","3":"status-publish","4":"has-post-thumbnail","6":"product_cat-huskeszitmenyek","7":"product_tag-marble-pack-hu","9":"first","10":"instock","11":"sale","12":"shipping-taxable","13":"purchasable","14":"product-type-simple"},"acf":[],"aioseo_notices":[],"jetpack_sharing_enabled":true,"_links":{"self":[{"href":"https:\/\/www.marbleangus.com\/hu\/wp-json\/wp\/v2\/product\/13453","targetHints":{"allow":["GET"]}}],"collection":[{"href":"https:\/\/www.marbleangus.com\/hu\/wp-json\/wp\/v2\/product"}],"about":[{"href":"https:\/\/www.marbleangus.com\/hu\/wp-json\/wp\/v2\/types\/product"}],"wp:featuredmedia":[{"embeddable":true,"href":"https:\/\/www.marbleangus.com\/hu\/wp-json\/wp\/v2\/media\/15853"}],"wp:attachment":[{"href":"https:\/\/www.marbleangus.com\/hu\/wp-json\/wp\/v2\/media?parent=13453"}],"wp:term":[{"taxonomy":"product_brand","embeddable":true,"href":"https:\/\/www.marbleangus.com\/hu\/wp-json\/wp\/v2\/product_brand?post=13453"},{"taxonomy":"product_cat","embeddable":true,"href":"https:\/\/www.marbleangus.com\/hu\/wp-json\/wp\/v2\/product_cat?post=13453"},{"taxonomy":"product_tag","embeddable":true,"href":"https:\/\/www.marbleangus.com\/hu\/wp-json\/wp\/v2\/product_tag?post=13453"}],"curies":[{"name":"wp","href":"https:\/\/api.w.org\/{rel}","templated":true}]}}