{"id":13459,"date":"2025-08-26T10:40:34","date_gmt":"2025-08-26T10:40:34","guid":{"rendered":"https:\/\/www.marbleangus.com\/product\/butchers-choice-dry-aged\/"},"modified":"2025-08-26T10:40:34","modified_gmt":"2025-08-26T10:40:34","slug":"butchers-choice-dry-aged","status":"publish","type":"product","link":"https:\/\/www.marbleangus.com\/hu\/termek\/butchers-choice-dry-aged\/","title":{"rendered":"Butcher\u2019s Choice \u2013 Dry-Aged"},"content":{"rendered":"<p data-start=\"477\" data-end=\"670\">Az intenz\u00edv, koncentr\u00e1lt \u00edzek szerelmeseinek. A sz\u00e1raz \u00e9rlel\u00e9s sor\u00e1n a h\u00fas arom\u00e1i \u00f6ssze\u00e9rnek, gazdag, karakteres steak\u00e9lm\u00e9nyt k\u00edn\u00e1lva.<br data-start=\"657\" data-end=\"660\">A csomag tartalmaz: <\/p>\n<ul data-start=\"671\" data-end=\"753\">\n<li data-start=\"671\" data-end=\"696\">\n<p data-start=\"673\" data-end=\"696\"><strong data-start=\"673\" data-end=\"694\">Tomahawk \u2013 1,8 kg<\/strong><\/p>\n<\/li>\n<li data-start=\"697\" data-end=\"720\">\n<p data-start=\"699\" data-end=\"720\"><strong data-start=\"699\" data-end=\"718\">T-Bone \u2013 1,6 kg<\/strong><\/p>\n<\/li>\n<li data-start=\"721\" data-end=\"753\">\n<p data-start=\"723\" data-end=\"753\"><strong data-start=\"723\" data-end=\"751\">Csontn\u00e9lk\u00fcli Rib-Eye \u2013 1,2 kg<\/strong><\/p>\n<\/li>\n<\/ul>\n","protected":false},"excerpt":{"rendered":"<p data-start=\"477\" data-end=\"670\">Az intenz\u00edv, koncentr\u00e1lt \u00edzek szerelmeseinek. A sz\u00e1raz \u00e9rlel\u00e9s sor\u00e1n a h\u00fas arom\u00e1i \u00f6ssze\u00e9rnek, gazdag, karakteres steak\u00e9lm\u00e9nyt k\u00edn\u00e1lva.<br data-start=\"657\" data-end=\"660\">A csomag tartalmaz: <\/p>\n<ul data-start=\"671\" data-end=\"753\">\n<li data-start=\"671\" data-end=\"696\">\n<p data-start=\"673\" data-end=\"696\"><strong data-start=\"673\" data-end=\"694\">Tomahawk \u2013 1,8 kg<\/strong><\/p>\n<\/li>\n<li data-start=\"697\" data-end=\"720\">\n<p data-start=\"699\" data-end=\"720\"><strong data-start=\"699\" data-end=\"718\">T-Bone \u2013 1,6 kg<\/strong><\/p>\n<\/li>\n<li data-start=\"721\" data-end=\"753\">\n<p data-start=\"723\" data-end=\"753\"><strong data-start=\"723\" data-end=\"751\">Csontn\u00e9lk\u00fcli Rib-Eye \u2013 1,2 kg<\/strong><\/p>\n<\/li>\n<\/ul>\n","protected":false},"featured_media":14565,"template":"","meta":{"_acf_changed":false},"product_brand":[],"product_cat":[533],"product_tag":[574],"class_list":{"0":"post-13459","1":"product","2":"type-product","3":"status-publish","4":"has-post-thumbnail","6":"product_cat-huskeszitmenyek","7":"product_tag-marble-pack-hu","9":"first","10":"onbackorder","11":"shipping-taxable","12":"purchasable","13":"product-type-simple"},"acf":[],"aioseo_notices":[],"jetpack_sharing_enabled":true,"_links":{"self":[{"href":"https:\/\/www.marbleangus.com\/hu\/wp-json\/wp\/v2\/product\/13459","targetHints":{"allow":["GET"]}}],"collection":[{"href":"https:\/\/www.marbleangus.com\/hu\/wp-json\/wp\/v2\/product"}],"about":[{"href":"https:\/\/www.marbleangus.com\/hu\/wp-json\/wp\/v2\/types\/product"}],"wp:featuredmedia":[{"embeddable":true,"href":"https:\/\/www.marbleangus.com\/hu\/wp-json\/wp\/v2\/media\/14565"}],"wp:attachment":[{"href":"https:\/\/www.marbleangus.com\/hu\/wp-json\/wp\/v2\/media?parent=13459"}],"wp:term":[{"taxonomy":"product_brand","embeddable":true,"href":"https:\/\/www.marbleangus.com\/hu\/wp-json\/wp\/v2\/product_brand?post=13459"},{"taxonomy":"product_cat","embeddable":true,"href":"https:\/\/www.marbleangus.com\/hu\/wp-json\/wp\/v2\/product_cat?post=13459"},{"taxonomy":"product_tag","embeddable":true,"href":"https:\/\/www.marbleangus.com\/hu\/wp-json\/wp\/v2\/product_tag?post=13459"}],"curies":[{"name":"wp","href":"https:\/\/api.w.org\/{rel}","templated":true}]}}