{"id":13465,"date":"2025-08-26T11:12:10","date_gmt":"2025-08-26T11:12:10","guid":{"rendered":"https:\/\/www.marbleangus.com\/product\/butchers-choice-wet-aged\/"},"modified":"2025-08-26T11:12:10","modified_gmt":"2025-08-26T11:12:10","slug":"butchers-choice-wet-aged","status":"publish","type":"product","link":"https:\/\/www.marbleangus.com\/hu\/termek\/butchers-choice-wet-aged\/","title":{"rendered":"Butcher\u2019s Choice \u2013 Wet-Aged"},"content":{"rendered":"<p>L\u00e1gy, szaftos, \u00e9s telt \u00edzvil\u00e1g\u00fa h\u00fas, amely a nedves \u00e9rlel\u00e9s r\u00e9v\u00e9n meg\u0151rzi frissess\u00e9g\u00e9t \u00e9s term\u00e9szetes arom\u00e1it.<br data-start=\"1518\" data-end=\"1521\">A csomag tartalmaz:<\/p>\n<ul>\n<li data-start=\"1532\" data-end=\"1557\">\n<p data-start=\"1534\" data-end=\"1557\"><strong data-start=\"1534\" data-end=\"1555\">Tomahawk \u2013 1,8 kg<\/strong><\/p>\n<\/li>\n<li data-start=\"1558\" data-end=\"1581\">\n<p data-start=\"1560\" data-end=\"1581\"><strong data-start=\"1560\" data-end=\"1579\">T-Bone \u2013 1,6 kg<\/strong><\/p>\n<\/li>\n<li data-start=\"1582\" data-end=\"1614\">\n<p data-start=\"1584\" data-end=\"1614\"><strong data-start=\"1584\" data-end=\"1612\">Csontn\u00e9lk\u00fcli Rib-Eye \u2013 1,2 kg<\/strong><\/p>\n<\/li>\n<\/ul>\n","protected":false},"excerpt":{"rendered":"<p>L\u00e1gy, szaftos, \u00e9s telt \u00edzvil\u00e1g\u00fa h\u00fas, amely a nedves \u00e9rlel\u00e9s r\u00e9v\u00e9n meg\u0151rzi frissess\u00e9g\u00e9t \u00e9s term\u00e9szetes arom\u00e1it.<br data-start=\"1518\" data-end=\"1521\">A csomag tartalmaz:<\/p>\n<ul>\n<li data-start=\"1532\" data-end=\"1557\">\n<p data-start=\"1534\" data-end=\"1557\"><strong data-start=\"1534\" data-end=\"1555\">Tomahawk \u2013 1,8 kg<\/strong><\/p>\n<\/li>\n<li data-start=\"1558\" data-end=\"1581\">\n<p data-start=\"1560\" data-end=\"1581\"><strong data-start=\"1560\" data-end=\"1579\">T-Bone \u2013 1,6 kg<\/strong><\/p>\n<\/li>\n<li data-start=\"1582\" data-end=\"1614\">\n<p data-start=\"1584\" data-end=\"1614\"><strong data-start=\"1584\" data-end=\"1612\">Csontn\u00e9lk\u00fcli Rib-Eye \u2013 1,2 kg<\/strong><\/p>\n<\/li>\n<\/ul>\n","protected":false},"featured_media":14568,"template":"","meta":{"_acf_changed":false},"product_brand":[],"product_cat":[533],"product_tag":[574],"class_list":{"0":"post-13465","1":"product","2":"type-product","3":"status-publish","4":"has-post-thumbnail","6":"product_cat-huskeszitmenyek","7":"product_tag-marble-pack-hu","9":"first","10":"instock","11":"shipping-taxable","12":"purchasable","13":"product-type-simple"},"acf":[],"aioseo_notices":[],"jetpack_sharing_enabled":true,"_links":{"self":[{"href":"https:\/\/www.marbleangus.com\/hu\/wp-json\/wp\/v2\/product\/13465","targetHints":{"allow":["GET"]}}],"collection":[{"href":"https:\/\/www.marbleangus.com\/hu\/wp-json\/wp\/v2\/product"}],"about":[{"href":"https:\/\/www.marbleangus.com\/hu\/wp-json\/wp\/v2\/types\/product"}],"wp:featuredmedia":[{"embeddable":true,"href":"https:\/\/www.marbleangus.com\/hu\/wp-json\/wp\/v2\/media\/14568"}],"wp:attachment":[{"href":"https:\/\/www.marbleangus.com\/hu\/wp-json\/wp\/v2\/media?parent=13465"}],"wp:term":[{"taxonomy":"product_brand","embeddable":true,"href":"https:\/\/www.marbleangus.com\/hu\/wp-json\/wp\/v2\/product_brand?post=13465"},{"taxonomy":"product_cat","embeddable":true,"href":"https:\/\/www.marbleangus.com\/hu\/wp-json\/wp\/v2\/product_cat?post=13465"},{"taxonomy":"product_tag","embeddable":true,"href":"https:\/\/www.marbleangus.com\/hu\/wp-json\/wp\/v2\/product_tag?post=13465"}],"curies":[{"name":"wp","href":"https:\/\/api.w.org\/{rel}","templated":true}]}}