{"id":14102,"date":"2025-11-19T06:44:36","date_gmt":"2025-11-19T06:44:36","guid":{"rendered":"https:\/\/www.marbleangus.com\/?post_type=product&#038;p=14102"},"modified":"2025-11-19T08:01:30","modified_gmt":"2025-11-19T08:01:30","slug":"porterhouse_steak","status":"publish","type":"product","link":"https:\/\/www.marbleangus.com\/hu\/termek\/porterhouse_steak\/","title":{"rendered":"Porterhouse Steak"},"content":{"rendered":"<p>A Porterhouse steak a marhah\u00fas egyik legpr\u00e9miumabb r\u00e9sze, amely a short loin ter\u00fclet\u00e9r\u0151l sz\u00e1rmazik. K\u00fcl\u00f6nlegess\u00e9ge, hogy egyben tartalmaz egy nagyobb <strong data-start=\"906\" data-end=\"930\">b\u00e9lsz\u00edn (tenderloin)<\/strong> r\u00e9szt \u00e9s egy <strong data-start=\"944\" data-end=\"967\">h\u00e1tsz\u00edn (striploin)<\/strong> r\u00e9szt, amelyeket egy jellegzetes \u201eT\u201d alak\u00fa csont v\u00e1laszt el. A b\u00e9lsz\u00edn puhas\u00e1ga \u00e9s a h\u00e1tsz\u00edn intenz\u00edv \u00edze t\u00f6k\u00e9letes p\u00e1rost alkot, \u00edgy a Porterhouse az egyik legkomplexebb \u00e9s leg\u00edzletesebb steak. Kiv\u00e1l\u00f3 v\u00e1laszt\u00e1s grillez\u00e9shez vagy serpeny\u0151h\u00f6z, azoknak, akik val\u00f3di <strong data-start=\"1232\" data-end=\"1255\">pr\u00e9mium Angus steak<\/strong> \u00e9lm\u00e9nyt keresnek.<\/p>\n","protected":false},"excerpt":{"rendered":"<p>A Porterhouse steak a short loin r\u00e9szr\u0151l sz\u00e1rmaz\u00f3 pr\u00e9mium v\u00e1g\u00e1s, amely a puha b\u00e9lsz\u00ednt \u00e9s az \u00edzes h\u00e1tsz\u00ednt egyes\u00edti egy \u201eT\u201d alak\u00fa csonttal. Szaftos, karakteres steak, t\u00f6k\u00e9letes grillre vagy serpeny\u0151be, azoknak, akik a pr\u00e9mium Angus marhah\u00fas gazdag \u00edz\u00e9t keresik.<\/p>\n","protected":false},"featured_media":14200,"template":"","meta":{"_acf_changed":false},"product_brand":[],"product_cat":[512],"product_tag":[510],"class_list":{"0":"post-14102","1":"product","2":"type-product","3":"status-publish","4":"has-post-thumbnail","6":"product_cat-rostelyos","7":"product_tag-premium-steakek","8":"pa_tip-erleles-nelkul","9":"pa_tip-nedvesen-erlelt-hu","10":"pa_tip-szarazon-erlelt-hu","12":"first","13":"instock","14":"purchasable","15":"product-type-variable"},"acf":[],"aioseo_notices":[],"jetpack_sharing_enabled":true,"_links":{"self":[{"href":"https:\/\/www.marbleangus.com\/hu\/wp-json\/wp\/v2\/product\/14102","targetHints":{"allow":["GET"]}}],"collection":[{"href":"https:\/\/www.marbleangus.com\/hu\/wp-json\/wp\/v2\/product"}],"about":[{"href":"https:\/\/www.marbleangus.com\/hu\/wp-json\/wp\/v2\/types\/product"}],"wp:featuredmedia":[{"embeddable":true,"href":"https:\/\/www.marbleangus.com\/hu\/wp-json\/wp\/v2\/media\/14200"}],"wp:attachment":[{"href":"https:\/\/www.marbleangus.com\/hu\/wp-json\/wp\/v2\/media?parent=14102"}],"wp:term":[{"taxonomy":"product_brand","embeddable":true,"href":"https:\/\/www.marbleangus.com\/hu\/wp-json\/wp\/v2\/product_brand?post=14102"},{"taxonomy":"product_cat","embeddable":true,"href":"https:\/\/www.marbleangus.com\/hu\/wp-json\/wp\/v2\/product_cat?post=14102"},{"taxonomy":"product_tag","embeddable":true,"href":"https:\/\/www.marbleangus.com\/hu\/wp-json\/wp\/v2\/product_tag?post=14102"}],"curies":[{"name":"wp","href":"https:\/\/api.w.org\/{rel}","templated":true}]}}